{"id":5632,"date":"2025-01-08T22:09:45","date_gmt":"2025-01-08T22:09:45","guid":{"rendered":"https:\/\/alles-ueber-riffe.de\/?page_id=5632"},"modified":"2025-02-07T22:42:10","modified_gmt":"2025-02-07T22:42:10","slug":"ohrfleck-roehrenaal","status":"publish","type":"page","link":"https:\/\/alles-ueber-riffe.de\/?page_id=5632","title":{"rendered":"Ohrfleck-R\u00f6hrenaal"},"content":{"rendered":"\n<div class=\"wp-block-group is-vertical is-layout-flex wp-container-core-group-is-layout-8cf370e7 wp-block-group-is-layout-flex\">\n<p><strong>Ohrfleck-R\u00f6hrenaal<\/strong><\/p>\n\n\n\n<p>Spotted garden eel<\/p>\n\n\n\n<p><em>Heteroconger hassi<\/em><\/p>\n<\/div>\n\n\n\n<div style=\"height:30px\" aria-hidden=\"true\" class=\"wp-block-spacer\"><\/div>\n\n\n\n<figure class=\"wp-block-image size-full\"><img loading=\"lazy\" decoding=\"async\" width=\"1024\" height=\"768\" src=\"https:\/\/alles-ueber-riffe.de\/wp-content\/uploads\/2025\/02\/Ohrfleck-Roehrenaal_1024x768.jpg\" alt=\"\" class=\"wp-image-9112\" srcset=\"https:\/\/alles-ueber-riffe.de\/wp-content\/uploads\/2025\/02\/Ohrfleck-Roehrenaal_1024x768.jpg 1024w, https:\/\/alles-ueber-riffe.de\/wp-content\/uploads\/2025\/02\/Ohrfleck-Roehrenaal_1024x768-300x225.jpg 300w, https:\/\/alles-ueber-riffe.de\/wp-content\/uploads\/2025\/02\/Ohrfleck-Roehrenaal_1024x768-768x576.jpg 768w\" sizes=\"auto, (max-width: 767px) 89vw, (max-width: 1000px) 54vw, (max-width: 1071px) 543px, 580px\" \/><figcaption class=\"wp-element-caption\">\u00a9 Heinz Krimmer<\/figcaption><\/figure>\n\n\n\n<hr class=\"wp-block-separator has-alpha-channel-opacity is-style-default\"\/>\n\n\n\n<p><strong>Gr\u00f6\u00dfe: <\/strong> bis 40 cm<\/p>\n\n\n\n<p><strong>Lebensraum:<\/strong> Sandb\u00f6den in der N\u00e4he von Riffen<\/p>\n\n\n\n<p><strong>Vorkommen:  <\/strong>Ostafrika, Rotes Meer, S\u00fcdjapan, Malediven, ganz S\u00fcdostasien, Papua-Neuguinea, Nordaustralien, Ozeanien bis Tonga<\/p>\n\n\n\n<p><strong>Erkennungsmerkmale:<\/strong> Grundfarbe wei\u00df mit einem Muster aus kleinen schwarzen punkten. Markante, schwarze Flecken in gleichm\u00e4\u00dfigen Abst\u00e4nden, beginnend hinter den Kiemen<\/p>\n\n\n\n<p><strong>Biologie &amp; Verhalten: <\/strong> Dieser R\u00f6hrenaal wurde erst 1959 von\u00a0Klausewitz &amp; Eibl-Eibesfeldt\u00a0beschrieben und zu Ehren von Hans Hass benannt.<\/p>\n\n\n\n<p>Wie&nbsp;&nbsp;bei allen R\u00f6hrenaalen sieht man nur den Teil des Tieres, der aus der sch\u00fctzenden H\u00f6hle ragt, um an die bevorzugte Nahrung, vorbeitreibendes Plankton, zu gelangen. Der Schwanz bleibt immer in der Wohnh\u00f6hle. Sie bilden gro\u00dfe Kolonien.<\/p>\n\n\n\n<p><strong>Bedrohungsstatus:<\/strong> Die Art wird auf der Roten Liste der IUCN als <mark style=\"background-color:rgba(0, 0, 0, 0)\" class=\"has-inline-color has-vivid-green-cyan-color\">\u201enicht gef\u00e4hrdet\u201c<\/mark> gef\u00fchrt.<\/p>\n\n\n\n<hr class=\"wp-block-separator has-alpha-channel-opacity is-style-default\"\/>\n\n\n\n<p><\/p>\n","protected":false},"excerpt":{"rendered":"<p>Ohrfleck-R\u00f6hrenaal Spotted garden eel Heteroconger hassi Gr\u00f6\u00dfe: bis 40 cm Lebensraum: Sandb\u00f6den in der N\u00e4he von Riffen Vorkommen: Ostafrika, Rotes Meer, S\u00fcdjapan, Malediven, ganz S\u00fcdostasien, Papua-Neuguinea, Nordaustralien, Ozeanien bis Tonga Erkennungsmerkmale: Grundfarbe wei\u00df mit einem Muster aus kleinen schwarzen punkten. Markante, schwarze Flecken in gleichm\u00e4\u00dfigen Abst\u00e4nden, beginnend hinter den Kiemen Biologie &amp; Verhalten: Dieser R\u00f6hrenaal &hellip; <\/p>\n<p class=\"link-more\"><a href=\"https:\/\/alles-ueber-riffe.de\/?page_id=5632\" class=\"more-link\"><span class=\"screen-reader-text\">\u201eOhrfleck-R\u00f6hrenaal\u201c<\/span> weiterlesen<\/a><\/p>\n","protected":false},"author":1,"featured_media":0,"parent":0,"menu_order":0,"comment_status":"closed","ping_status":"closed","template":"","meta":{"footnotes":""},"class_list":["post-5632","page","type-page","status-publish","hentry"],"_links":{"self":[{"href":"https:\/\/alles-ueber-riffe.de\/index.php?rest_route=\/wp\/v2\/pages\/5632","targetHints":{"allow":["GET"]}}],"collection":[{"href":"https:\/\/alles-ueber-riffe.de\/index.php?rest_route=\/wp\/v2\/pages"}],"about":[{"href":"https:\/\/alles-ueber-riffe.de\/index.php?rest_route=\/wp\/v2\/types\/page"}],"author":[{"embeddable":true,"href":"https:\/\/alles-ueber-riffe.de\/index.php?rest_route=\/wp\/v2\/users\/1"}],"replies":[{"embeddable":true,"href":"https:\/\/alles-ueber-riffe.de\/index.php?rest_route=%2Fwp%2Fv2%2Fcomments&post=5632"}],"version-history":[{"count":3,"href":"https:\/\/alles-ueber-riffe.de\/index.php?rest_route=\/wp\/v2\/pages\/5632\/revisions"}],"predecessor-version":[{"id":9114,"href":"https:\/\/alles-ueber-riffe.de\/index.php?rest_route=\/wp\/v2\/pages\/5632\/revisions\/9114"}],"wp:attachment":[{"href":"https:\/\/alles-ueber-riffe.de\/index.php?rest_route=%2Fwp%2Fv2%2Fmedia&parent=5632"}],"curies":[{"name":"wp","href":"https:\/\/api.w.org\/{rel}","templated":true}]}}