{"id":5630,"date":"2025-01-08T22:09:34","date_gmt":"2025-01-08T22:09:34","guid":{"rendered":"https:\/\/alles-ueber-riffe.de\/?page_id=5630"},"modified":"2025-02-07T22:37:03","modified_gmt":"2025-02-07T22:37:03","slug":"galapagos-roehrenaal","status":"publish","type":"page","link":"https:\/\/alles-ueber-riffe.de\/?page_id=5630","title":{"rendered":"Galapagos R\u00f6hrenaal"},"content":{"rendered":"\n<div class=\"wp-block-group is-vertical is-layout-flex wp-container-core-group-is-layout-8cf370e7 wp-block-group-is-layout-flex\">\n<p><strong>Galapagos R\u00f6hrenaal<\/strong><\/p>\n\n\n\n<p>Galapagos garden eel<\/p>\n\n\n\n<p><em>Heteroconger klausewitzi<\/em><\/p>\n<\/div>\n\n\n\n<div style=\"height:30px\" aria-hidden=\"true\" class=\"wp-block-spacer\"><\/div>\n\n\n\n<figure class=\"wp-block-image size-full\"><img loading=\"lazy\" decoding=\"async\" width=\"1024\" height=\"768\" src=\"https:\/\/alles-ueber-riffe.de\/wp-content\/uploads\/2025\/02\/Galapagos-Roehrenaal_1024x768.jpg\" alt=\"\" class=\"wp-image-9107\" srcset=\"https:\/\/alles-ueber-riffe.de\/wp-content\/uploads\/2025\/02\/Galapagos-Roehrenaal_1024x768.jpg 1024w, https:\/\/alles-ueber-riffe.de\/wp-content\/uploads\/2025\/02\/Galapagos-Roehrenaal_1024x768-300x225.jpg 300w, https:\/\/alles-ueber-riffe.de\/wp-content\/uploads\/2025\/02\/Galapagos-Roehrenaal_1024x768-768x576.jpg 768w\" sizes=\"auto, (max-width: 767px) 89vw, (max-width: 1000px) 54vw, (max-width: 1071px) 543px, 580px\" \/><figcaption class=\"wp-element-caption\">\u00a9 Heinz Krimmer<\/figcaption><\/figure>\n\n\n\n<hr class=\"wp-block-separator has-alpha-channel-opacity is-style-default\"\/>\n\n\n\n<p><strong>Gr\u00f6\u00dfe: <\/strong> bis 70 cm<\/p>\n\n\n\n<p><strong>Lebensraum:<\/strong> Sandb\u00f6den in der N\u00e4he von Riffen<\/p>\n\n\n\n<p><strong>Vorkommen:  <\/strong>Galapagos, Cocos, Malpelo<\/p>\n\n\n\n<p><strong>Erkennungsmerkmale:<\/strong> schwarzer Punkt hinter den Kiemen, unregelm\u00e4\u00dfige, wei\u00dfe Flecken auf dem K\u00f6rper; kleine, wei\u00dfe Punkte bilden eine Art Linie unter der R\u00fcckenflosse<\/p>\n\n\n\n<p><strong>Biologie &amp; Verhalten: <\/strong> Dieser R\u00f6hrenaal wurde erst 1983 von&nbsp;Eibl-Eibesfeldt &amp; K\u00f6ster&nbsp;beschrieben und zu Ehren des Biologen Klausewitz benannt.<\/p>\n\n\n\n<p>Wie&nbsp;&nbsp;bei allen R\u00f6hrenaalen sieht man nur den Teil des Tieres, der aus der sch\u00fctzenden H\u00f6hle ragt, um an die bevorzugte Nahrung, vorbeitreibendes Plankton, zu gelangen. Der Schwanz bleibt immer in der Wohnh\u00f6hle. Sie bilden gro\u00dfe Kolonien.<\/p>\n\n\n\n<p><strong>Bedrohungsstatus:<\/strong> Die Art wird auf der Roten Liste der IUCN als <mark style=\"background-color:rgba(0, 0, 0, 0)\" class=\"has-inline-color has-vivid-green-cyan-color\">\u201enicht gef\u00e4hrdet\u201c<\/mark> gef\u00fchrt.<\/p>\n\n\n\n<hr class=\"wp-block-separator has-alpha-channel-opacity is-style-default\"\/>\n\n\n\n<p><\/p>\n","protected":false},"excerpt":{"rendered":"<p>Galapagos R\u00f6hrenaal Galapagos garden eel Heteroconger klausewitzi Gr\u00f6\u00dfe: bis 70 cm Lebensraum: Sandb\u00f6den in der N\u00e4he von Riffen Vorkommen: Galapagos, Cocos, Malpelo Erkennungsmerkmale: schwarzer Punkt hinter den Kiemen, unregelm\u00e4\u00dfige, wei\u00dfe Flecken auf dem K\u00f6rper; kleine, wei\u00dfe Punkte bilden eine Art Linie unter der R\u00fcckenflosse Biologie &amp; Verhalten: Dieser R\u00f6hrenaal wurde erst 1983 von&nbsp;Eibl-Eibesfeldt &amp; K\u00f6ster&nbsp;beschrieben &hellip; <\/p>\n<p class=\"link-more\"><a href=\"https:\/\/alles-ueber-riffe.de\/?page_id=5630\" class=\"more-link\"><span class=\"screen-reader-text\">\u201eGalapagos R\u00f6hrenaal\u201c<\/span> weiterlesen<\/a><\/p>\n","protected":false},"author":1,"featured_media":0,"parent":0,"menu_order":0,"comment_status":"closed","ping_status":"closed","template":"","meta":{"footnotes":""},"class_list":["post-5630","page","type-page","status-publish","hentry"],"_links":{"self":[{"href":"https:\/\/alles-ueber-riffe.de\/index.php?rest_route=\/wp\/v2\/pages\/5630","targetHints":{"allow":["GET"]}}],"collection":[{"href":"https:\/\/alles-ueber-riffe.de\/index.php?rest_route=\/wp\/v2\/pages"}],"about":[{"href":"https:\/\/alles-ueber-riffe.de\/index.php?rest_route=\/wp\/v2\/types\/page"}],"author":[{"embeddable":true,"href":"https:\/\/alles-ueber-riffe.de\/index.php?rest_route=\/wp\/v2\/users\/1"}],"replies":[{"embeddable":true,"href":"https:\/\/alles-ueber-riffe.de\/index.php?rest_route=%2Fwp%2Fv2%2Fcomments&post=5630"}],"version-history":[{"count":5,"href":"https:\/\/alles-ueber-riffe.de\/index.php?rest_route=\/wp\/v2\/pages\/5630\/revisions"}],"predecessor-version":[{"id":9110,"href":"https:\/\/alles-ueber-riffe.de\/index.php?rest_route=\/wp\/v2\/pages\/5630\/revisions\/9110"}],"wp:attachment":[{"href":"https:\/\/alles-ueber-riffe.de\/index.php?rest_route=%2Fwp%2Fv2%2Fmedia&parent=5630"}],"curies":[{"name":"wp","href":"https:\/\/api.w.org\/{rel}","templated":true}]}}