{"id":5624,"date":"2025-01-08T22:08:15","date_gmt":"2025-01-08T22:08:15","guid":{"rendered":"https:\/\/alles-ueber-riffe.de\/?page_id=5624"},"modified":"2025-02-07T22:17:41","modified_gmt":"2025-02-07T22:17:41","slug":"weissbauch-demoiselle","status":"publish","type":"page","link":"https:\/\/alles-ueber-riffe.de\/?page_id=5624","title":{"rendered":"Wei\u00dfbauch-Demoiselle"},"content":{"rendered":"\n<div class=\"wp-block-group is-vertical is-layout-flex wp-container-core-group-is-layout-8cf370e7 wp-block-group-is-layout-flex\">\n<p><strong>Wei\u00dfbauch-Demoiselle<\/strong><\/p>\n\n\n\n<p>Maldives damselfish<\/p>\n\n\n\n<p><em>Amblyglybhidodon indicus<\/em><strong><\/strong><\/p>\n<\/div>\n\n\n\n<div style=\"height:30px\" aria-hidden=\"true\" class=\"wp-block-spacer\"><\/div>\n\n\n\n<figure class=\"wp-block-video\"><video height=\"576\" style=\"aspect-ratio: 1024 \/ 576;\" width=\"1024\" controls src=\"https:\/\/alles-ueber-riffe.de\/wp-content\/uploads\/2025\/02\/Weissbauch-Demoiselle_weissbauch_demoiselle_1024x768.mp4\"><\/video><figcaption class=\"wp-element-caption\">\u00a9 Heinz Krimmer<\/figcaption><\/figure>\n\n\n\n<hr class=\"wp-block-separator has-alpha-channel-opacity is-style-default\"\/>\n\n\n\n<p><strong>Gr\u00f6\u00dfe: <\/strong> bis 8 cm<\/p>\n\n\n\n<p><strong>Lebensraum:<\/strong> Korallenriffe<\/p>\n\n\n\n<p><strong>Vorkommen:  <\/strong>von Madagaskar, Rotes Meer, Malediven, Andamanensee<\/p>\n\n\n\n<p><strong>Erkennungsmerkmale:<\/strong> Grundfarbe hellgrau; schwarze Flossens\u00e4ume an der R\u00fccken-, Schwanz- und Afterflosse<\/p>\n\n\n\n<p><strong>Biologie &amp; Verhalten: <\/strong> Dieser Riffbarsch lebt bevorzugt zwischen den \u00c4sten von Acropora-Korallen. Die Eier werden an toten \u00c4sten dieser Korallen befestigt und vom M\u00e4nnchen bis zum Schl\u00fcpfen bewacht.<\/p>\n\n\n\n<p><strong>Bedrohungsstatus:<\/strong> Die Art wird auf der Roten Liste der IUCN als <mark style=\"background-color:rgba(0, 0, 0, 0)\" class=\"has-inline-color has-vivid-green-cyan-color\">\u201enicht gef\u00e4hrdet\u201c<\/mark> gef\u00fchrt.<\/p>\n\n\n\n<hr class=\"wp-block-separator has-alpha-channel-opacity is-style-default\"\/>\n\n\n\n<p><\/p>\n","protected":false},"excerpt":{"rendered":"<p>Wei\u00dfbauch-Demoiselle Maldives damselfish Amblyglybhidodon indicus Gr\u00f6\u00dfe: bis 8 cm Lebensraum: Korallenriffe Vorkommen: von Madagaskar, Rotes Meer, Malediven, Andamanensee Erkennungsmerkmale: Grundfarbe hellgrau; schwarze Flossens\u00e4ume an der R\u00fccken-, Schwanz- und Afterflosse Biologie &amp; Verhalten: Dieser Riffbarsch lebt bevorzugt zwischen den \u00c4sten von Acropora-Korallen. Die Eier werden an toten \u00c4sten dieser Korallen befestigt und vom M\u00e4nnchen bis zum &hellip; <\/p>\n<p class=\"link-more\"><a href=\"https:\/\/alles-ueber-riffe.de\/?page_id=5624\" class=\"more-link\"><span class=\"screen-reader-text\">\u201eWei\u00dfbauch-Demoiselle\u201c<\/span> weiterlesen<\/a><\/p>\n","protected":false},"author":1,"featured_media":0,"parent":0,"menu_order":0,"comment_status":"closed","ping_status":"closed","template":"","meta":{"footnotes":""},"class_list":["post-5624","page","type-page","status-publish","hentry"],"_links":{"self":[{"href":"https:\/\/alles-ueber-riffe.de\/index.php?rest_route=\/wp\/v2\/pages\/5624","targetHints":{"allow":["GET"]}}],"collection":[{"href":"https:\/\/alles-ueber-riffe.de\/index.php?rest_route=\/wp\/v2\/pages"}],"about":[{"href":"https:\/\/alles-ueber-riffe.de\/index.php?rest_route=\/wp\/v2\/types\/page"}],"author":[{"embeddable":true,"href":"https:\/\/alles-ueber-riffe.de\/index.php?rest_route=\/wp\/v2\/users\/1"}],"replies":[{"embeddable":true,"href":"https:\/\/alles-ueber-riffe.de\/index.php?rest_route=%2Fwp%2Fv2%2Fcomments&post=5624"}],"version-history":[{"count":4,"href":"https:\/\/alles-ueber-riffe.de\/index.php?rest_route=\/wp\/v2\/pages\/5624\/revisions"}],"predecessor-version":[{"id":9083,"href":"https:\/\/alles-ueber-riffe.de\/index.php?rest_route=\/wp\/v2\/pages\/5624\/revisions\/9083"}],"wp:attachment":[{"href":"https:\/\/alles-ueber-riffe.de\/index.php?rest_route=%2Fwp%2Fv2%2Fmedia&parent=5624"}],"curies":[{"name":"wp","href":"https:\/\/api.w.org\/{rel}","templated":true}]}}