{"id":5618,"date":"2025-01-08T22:07:46","date_gmt":"2025-01-08T22:07:46","guid":{"rendered":"https:\/\/alles-ueber-riffe.de\/?page_id=5618"},"modified":"2025-02-07T22:10:37","modified_gmt":"2025-02-07T22:10:37","slug":"schwefel-demoiselle","status":"publish","type":"page","link":"https:\/\/alles-ueber-riffe.de\/?page_id=5618","title":{"rendered":"Schwefel-Demoiselle"},"content":{"rendered":"\n<div class=\"wp-block-group is-vertical is-layout-flex wp-container-core-group-is-layout-8cf370e7 wp-block-group-is-layout-flex\">\n<p><strong>Schwefel-Demoiselle<\/strong><\/p>\n\n\n\n<p>Sulphur damsel<\/p>\n\n\n\n<p><em>Pomacentrus sulfureus<\/em><strong><\/strong><\/p>\n<\/div>\n\n\n\n<div style=\"height:30px\" aria-hidden=\"true\" class=\"wp-block-spacer\"><\/div>\n\n\n\n<figure class=\"wp-block-video\"><video height=\"576\" style=\"aspect-ratio: 1024 \/ 576;\" width=\"1024\" controls src=\"https:\/\/alles-ueber-riffe.de\/wp-content\/uploads\/2025\/02\/Schwefel-Demoiselle-1.mp4\"><\/video><figcaption class=\"wp-element-caption\">\u00a9 Heinz Krimmer<\/figcaption><\/figure>\n\n\n\n<hr class=\"wp-block-separator has-alpha-channel-opacity is-style-default\"\/>\n\n\n\n<p><strong>Gr\u00f6\u00dfe: <\/strong> bis 11 cm<\/p>\n\n\n\n<p><strong>Lebensraum:<\/strong> Korallenriffe<\/p>\n\n\n\n<p><strong>Vorkommen:  <\/strong>Ostafrika, Rotes Meer<\/p>\n\n\n\n<p><strong>Erkennungsmerkmale:<\/strong> Grundfarbe gelb; schwarzer Fleck am Ansatz der Brustflosse<\/p>\n\n\n\n<p><strong>Biologie &amp; Verhalten: <\/strong> Diesen Riffbarsch sieht man&nbsp;&nbsp;in kleinen Gruppen in der N\u00e4he von Hartkorallen, zwischen deren \u00c4ste er sich bei Gefahr verstecken kann. Wie bei fast allen Riffbarschen werden die Eier am Substrat befestigt und vom M\u00e4nnchen gepflegt und bewacht.<\/p>\n\n\n\n<p><strong>Bedrohungsstatus:<\/strong> Die Art wird auf der Roten Liste der IUCN als <mark style=\"background-color:rgba(0, 0, 0, 0)\" class=\"has-inline-color has-vivid-green-cyan-color\">\u201enicht gef\u00e4hrdet\u201c<\/mark> gef\u00fchrt.<\/p>\n\n\n\n<hr class=\"wp-block-separator has-alpha-channel-opacity is-style-default\"\/>\n\n\n\n<p><\/p>\n","protected":false},"excerpt":{"rendered":"<p>Schwefel-Demoiselle Sulphur damsel Pomacentrus sulfureus Gr\u00f6\u00dfe: bis 11 cm Lebensraum: Korallenriffe Vorkommen: Ostafrika, Rotes Meer Erkennungsmerkmale: Grundfarbe gelb; schwarzer Fleck am Ansatz der Brustflosse Biologie &amp; Verhalten: Diesen Riffbarsch sieht man&nbsp;&nbsp;in kleinen Gruppen in der N\u00e4he von Hartkorallen, zwischen deren \u00c4ste er sich bei Gefahr verstecken kann. Wie bei fast allen Riffbarschen werden die Eier &hellip; <\/p>\n<p class=\"link-more\"><a href=\"https:\/\/alles-ueber-riffe.de\/?page_id=5618\" class=\"more-link\"><span class=\"screen-reader-text\">\u201eSchwefel-Demoiselle\u201c<\/span> weiterlesen<\/a><\/p>\n","protected":false},"author":1,"featured_media":0,"parent":0,"menu_order":0,"comment_status":"closed","ping_status":"closed","template":"","meta":{"footnotes":""},"class_list":["post-5618","page","type-page","status-publish","hentry"],"_links":{"self":[{"href":"https:\/\/alles-ueber-riffe.de\/index.php?rest_route=\/wp\/v2\/pages\/5618","targetHints":{"allow":["GET"]}}],"collection":[{"href":"https:\/\/alles-ueber-riffe.de\/index.php?rest_route=\/wp\/v2\/pages"}],"about":[{"href":"https:\/\/alles-ueber-riffe.de\/index.php?rest_route=\/wp\/v2\/types\/page"}],"author":[{"embeddable":true,"href":"https:\/\/alles-ueber-riffe.de\/index.php?rest_route=\/wp\/v2\/users\/1"}],"replies":[{"embeddable":true,"href":"https:\/\/alles-ueber-riffe.de\/index.php?rest_route=%2Fwp%2Fv2%2Fcomments&post=5618"}],"version-history":[{"count":5,"href":"https:\/\/alles-ueber-riffe.de\/index.php?rest_route=\/wp\/v2\/pages\/5618\/revisions"}],"predecessor-version":[{"id":9075,"href":"https:\/\/alles-ueber-riffe.de\/index.php?rest_route=\/wp\/v2\/pages\/5618\/revisions\/9075"}],"wp:attachment":[{"href":"https:\/\/alles-ueber-riffe.de\/index.php?rest_route=%2Fwp%2Fv2%2Fmedia&parent=5618"}],"curies":[{"name":"wp","href":"https:\/\/api.w.org\/{rel}","templated":true}]}}