{"id":5616,"date":"2025-01-08T22:07:36","date_gmt":"2025-01-08T22:07:36","guid":{"rendered":"https:\/\/alles-ueber-riffe.de\/?page_id=5616"},"modified":"2025-02-06T16:04:19","modified_gmt":"2025-02-06T16:04:19","slug":"scherenschwanz-sergeant","status":"publish","type":"page","link":"https:\/\/alles-ueber-riffe.de\/?page_id=5616","title":{"rendered":"Scherenschwanz-Sergeant"},"content":{"rendered":"\n<div class=\"wp-block-group is-vertical is-layout-flex wp-container-core-group-is-layout-8cf370e7 wp-block-group-is-layout-flex\">\n<p><strong>Scherenschwanz-Sergeant<\/strong><\/p>\n\n\n\n<p>Scissortail sergeant<\/p>\n\n\n\n<p><em>Abudefduf sexfasciatus<\/em><strong><\/strong><\/p>\n<\/div>\n\n\n\n<div style=\"height:30px\" aria-hidden=\"true\" class=\"wp-block-spacer\"><\/div>\n\n\n\n<figure class=\"wp-block-video\"><video height=\"576\" style=\"aspect-ratio: 1024 \/ 576;\" width=\"1024\" controls src=\"https:\/\/alles-ueber-riffe.de\/wp-content\/uploads\/2025\/02\/Scherenschwanz-Sergeant-Kopie.mp4\"><\/video><figcaption class=\"wp-element-caption\">\u00a9 Heinz Krimmer<\/figcaption><\/figure>\n\n\n\n<hr class=\"wp-block-separator has-alpha-channel-opacity is-style-default\"\/>\n\n\n\n<p><strong>Gr\u00f6\u00dfe: <\/strong> bis 19 cm<\/p>\n\n\n\n<p><strong>Lebensraum:<\/strong> Korallen- und Felsenriffe<\/p>\n\n\n\n<p><strong>Vorkommen:  <\/strong>Ostafrika, Rotes Meer, Malediven, S\u00fcdjapan, ganz S\u00fcdostasien, Nordaustralien, Papua-Neuguinea, Ozeanien bis zu den Tuamoto Inseln<\/p>\n\n\n\n<p><strong>Erkennungsmerkmale:<\/strong> Grundfarbe hellgrau; schwarze Querstreifen; zwei schwarze L\u00e4ngsstreifen in der Schwanzflosse<\/p>\n\n\n\n<p><strong>Biologie &amp; Verhalten: <\/strong> Die zwei schwarzen Streifen in der Schwanzflosse sind das Erkennungsmerkmal dieses h\u00e4ufigen Sergeant. Sie k\u00f6nnen gro\u00dfe Schw\u00e4rme bilden, oft auch zusammen mit dem Indopazifik-Sergeant. Sie fressen Zooplankton und Algen.&nbsp;M\u00e4nnchen k\u00f6nnen gelegentlich Kannibalismus zeigen<\/p>\n\n\n\n<p>Innerhalb der Familie der Riffbarsche bilden die Sergeant eine eigene Gattung mit ca. 20 Arten. Sie sind oft schwer auseinander zu halten. Fast alle sind wei\u00df bis hellgrau und besitzen schwarze Querstreifen und unterscheiden sich an Kleinigkeiten.<\/p>\n\n\n\n<p><strong>Bedrohungsstatus:<\/strong> Die Art wird auf der Roten Liste der IUCN als <mark style=\"background-color:rgba(0, 0, 0, 0)\" class=\"has-inline-color has-vivid-green-cyan-color\">\u201enicht gef\u00e4hrdet\u201c<\/mark> gef\u00fchrt.<\/p>\n\n\n\n<hr class=\"wp-block-separator has-alpha-channel-opacity is-style-default\"\/>\n\n\n\n<p><\/p>\n","protected":false},"excerpt":{"rendered":"<p>Scherenschwanz-Sergeant Scissortail sergeant Abudefduf sexfasciatus Gr\u00f6\u00dfe: bis 19 cm Lebensraum: Korallen- und Felsenriffe Vorkommen: Ostafrika, Rotes Meer, Malediven, S\u00fcdjapan, ganz S\u00fcdostasien, Nordaustralien, Papua-Neuguinea, Ozeanien bis zu den Tuamoto Inseln Erkennungsmerkmale: Grundfarbe hellgrau; schwarze Querstreifen; zwei schwarze L\u00e4ngsstreifen in der Schwanzflosse Biologie &amp; Verhalten: Die zwei schwarzen Streifen in der Schwanzflosse sind das Erkennungsmerkmal dieses h\u00e4ufigen &hellip; <\/p>\n<p class=\"link-more\"><a href=\"https:\/\/alles-ueber-riffe.de\/?page_id=5616\" class=\"more-link\"><span class=\"screen-reader-text\">\u201eScherenschwanz-Sergeant\u201c<\/span> weiterlesen<\/a><\/p>\n","protected":false},"author":1,"featured_media":0,"parent":0,"menu_order":0,"comment_status":"closed","ping_status":"closed","template":"","meta":{"footnotes":""},"class_list":["post-5616","page","type-page","status-publish","hentry"],"_links":{"self":[{"href":"https:\/\/alles-ueber-riffe.de\/index.php?rest_route=\/wp\/v2\/pages\/5616","targetHints":{"allow":["GET"]}}],"collection":[{"href":"https:\/\/alles-ueber-riffe.de\/index.php?rest_route=\/wp\/v2\/pages"}],"about":[{"href":"https:\/\/alles-ueber-riffe.de\/index.php?rest_route=\/wp\/v2\/types\/page"}],"author":[{"embeddable":true,"href":"https:\/\/alles-ueber-riffe.de\/index.php?rest_route=\/wp\/v2\/users\/1"}],"replies":[{"embeddable":true,"href":"https:\/\/alles-ueber-riffe.de\/index.php?rest_route=%2Fwp%2Fv2%2Fcomments&post=5616"}],"version-history":[{"count":5,"href":"https:\/\/alles-ueber-riffe.de\/index.php?rest_route=\/wp\/v2\/pages\/5616\/revisions"}],"predecessor-version":[{"id":8976,"href":"https:\/\/alles-ueber-riffe.de\/index.php?rest_route=\/wp\/v2\/pages\/5616\/revisions\/8976"}],"wp:attachment":[{"href":"https:\/\/alles-ueber-riffe.de\/index.php?rest_route=%2Fwp%2Fv2%2Fmedia&parent=5616"}],"curies":[{"name":"wp","href":"https:\/\/api.w.org\/{rel}","templated":true}]}}