{"id":5609,"date":"2025-01-08T22:07:00","date_gmt":"2025-01-08T22:07:00","guid":{"rendered":"https:\/\/alles-ueber-riffe.de\/?page_id=5609"},"modified":"2025-02-07T22:28:36","modified_gmt":"2025-02-07T22:28:36","slug":"netz-preussenfisch","status":"publish","type":"page","link":"https:\/\/alles-ueber-riffe.de\/?page_id=5609","title":{"rendered":"Netz-Preu\u00dfenfisch"},"content":{"rendered":"\n<div class=\"wp-block-group is-vertical is-layout-flex wp-container-core-group-is-layout-8cf370e7 wp-block-group-is-layout-flex\">\n<p><strong>Netz-Preu\u00dfenfisch<\/strong><\/p>\n\n\n\n<p>Reticulate dascyllus<\/p>\n\n\n\n<p><em>Dascyllus reticulatus<\/em><strong><\/strong><\/p>\n<\/div>\n\n\n\n<div style=\"height:30px\" aria-hidden=\"true\" class=\"wp-block-spacer\"><\/div>\n\n\n\n<figure class=\"wp-block-video\"><video height=\"576\" style=\"aspect-ratio: 1024 \/ 576;\" width=\"1024\" controls src=\"https:\/\/alles-ueber-riffe.de\/wp-content\/uploads\/2025\/02\/Netz-Preussenfisch.mp4\"><\/video><figcaption class=\"wp-element-caption\">\u00a9 Heinz Krimmer<\/figcaption><\/figure>\n\n\n\n<hr class=\"wp-block-separator has-alpha-channel-opacity is-style-default\"\/>\n\n\n\n<p><strong>Gr\u00f6\u00dfe: <\/strong> bis 9 cm<\/p>\n\n\n\n<p><strong>Lebensraum:<\/strong> Korallenriffe<\/p>\n\n\n\n<p><strong>Vorkommen:  <\/strong>S\u00fcdjapan, Philippinen, Malaysia, Ostindonesien, Nordostaustralien, Papua-Neuguinea, Ozeanien bis Samoa<\/p>\n\n\n\n<p><strong>Erkennungsmerkmale:<\/strong> Grundfarbe hellbraun; dunkelbraunes bis schwarzes Band von der Bauchflosse zum R\u00fccken, dann entlang der R\u00fcckenflosse und wieder vom R\u00fccken zum Bauch<\/p>\n\n\n\n<p><strong>Biologie &amp; Verhalten: <\/strong> Lebt in kleinen Gruppen in Hartkorallen, bevorzug in der Eydoux-Porenkoralle<em> (Pocillopora eydouxi).<\/em> Wie bei fast allen Riffbarschen werden die Eier am Substrat befestigt und vom M\u00e4nnchen gepflegt und bewacht.<\/p>\n\n\n\n<p><strong>Bedrohungsstatus:<\/strong> Die Art wird auf der Roten Liste der IUCN als <mark style=\"background-color:rgba(0, 0, 0, 0)\" class=\"has-inline-color has-vivid-green-cyan-color\">\u201enicht gef\u00e4hrdet\u201c<\/mark> gef\u00fchrt.<\/p>\n\n\n\n<hr class=\"wp-block-separator has-alpha-channel-opacity is-style-default\"\/>\n\n\n\n<p><\/p>\n","protected":false},"excerpt":{"rendered":"<p>Netz-Preu\u00dfenfisch Reticulate dascyllus Dascyllus reticulatus Gr\u00f6\u00dfe: bis 9 cm Lebensraum: Korallenriffe Vorkommen: S\u00fcdjapan, Philippinen, Malaysia, Ostindonesien, Nordostaustralien, Papua-Neuguinea, Ozeanien bis Samoa Erkennungsmerkmale: Grundfarbe hellbraun; dunkelbraunes bis schwarzes Band von der Bauchflosse zum R\u00fccken, dann entlang der R\u00fcckenflosse und wieder vom R\u00fccken zum Bauch Biologie &amp; Verhalten: Lebt in kleinen Gruppen in Hartkorallen, bevorzug in der &hellip; <\/p>\n<p class=\"link-more\"><a href=\"https:\/\/alles-ueber-riffe.de\/?page_id=5609\" class=\"more-link\"><span class=\"screen-reader-text\">\u201eNetz-Preu\u00dfenfisch\u201c<\/span> weiterlesen<\/a><\/p>\n","protected":false},"author":1,"featured_media":0,"parent":0,"menu_order":0,"comment_status":"closed","ping_status":"closed","template":"","meta":{"footnotes":""},"class_list":["post-5609","page","type-page","status-publish","hentry"],"_links":{"self":[{"href":"https:\/\/alles-ueber-riffe.de\/index.php?rest_route=\/wp\/v2\/pages\/5609","targetHints":{"allow":["GET"]}}],"collection":[{"href":"https:\/\/alles-ueber-riffe.de\/index.php?rest_route=\/wp\/v2\/pages"}],"about":[{"href":"https:\/\/alles-ueber-riffe.de\/index.php?rest_route=\/wp\/v2\/types\/page"}],"author":[{"embeddable":true,"href":"https:\/\/alles-ueber-riffe.de\/index.php?rest_route=\/wp\/v2\/users\/1"}],"replies":[{"embeddable":true,"href":"https:\/\/alles-ueber-riffe.de\/index.php?rest_route=%2Fwp%2Fv2%2Fcomments&post=5609"}],"version-history":[{"count":4,"href":"https:\/\/alles-ueber-riffe.de\/index.php?rest_route=\/wp\/v2\/pages\/5609\/revisions"}],"predecessor-version":[{"id":9098,"href":"https:\/\/alles-ueber-riffe.de\/index.php?rest_route=\/wp\/v2\/pages\/5609\/revisions\/9098"}],"wp:attachment":[{"href":"https:\/\/alles-ueber-riffe.de\/index.php?rest_route=%2Fwp%2Fv2%2Fmedia&parent=5609"}],"curies":[{"name":"wp","href":"https:\/\/api.w.org\/{rel}","templated":true}]}}