{"id":5604,"date":"2025-01-08T22:06:40","date_gmt":"2025-01-08T22:06:40","guid":{"rendered":"https:\/\/alles-ueber-riffe.de\/?page_id=5604"},"modified":"2025-02-07T21:56:22","modified_gmt":"2025-02-07T21:56:22","slug":"mirys-demoiselle","status":"publish","type":"page","link":"https:\/\/alles-ueber-riffe.de\/?page_id=5604","title":{"rendered":"Mirys Demoiselle"},"content":{"rendered":"\n<div class=\"wp-block-group is-vertical is-layout-flex wp-container-core-group-is-layout-8cf370e7 wp-block-group-is-layout-flex\">\n<p><strong>Mirys Demoiselle<\/strong><\/p>\n\n\n\n<p>Miry&#8217;s demoiselle<\/p>\n\n\n\n<p><em>Neopomacentrus miryae<\/em><strong><\/strong><\/p>\n<\/div>\n\n\n\n<div style=\"height:30px\" aria-hidden=\"true\" class=\"wp-block-spacer\"><\/div>\n\n\n\n<figure class=\"wp-block-video\"><video height=\"576\" style=\"aspect-ratio: 1024 \/ 576;\" width=\"1024\" controls src=\"https:\/\/alles-ueber-riffe.de\/wp-content\/uploads\/2025\/02\/Mirys-Demoiselle.mp4\"><\/video><figcaption class=\"wp-element-caption\">\u00a9 Heinz Krimmer<\/figcaption><\/figure>\n\n\n\n<hr class=\"wp-block-separator has-alpha-channel-opacity is-style-default\"\/>\n\n\n\n<p><strong>Gr\u00f6\u00dfe: <\/strong> bis 11 cm<\/p>\n\n\n\n<p><strong>Lebensraum:<\/strong> Korallenriffe<\/p>\n\n\n\n<p><strong>Vorkommen:  <\/strong>Rotes Meer und Oman<\/p>\n\n\n\n<p><strong>Erkennungsmerkmale:<\/strong> Grundfarbe hellgrau; Maul und Stirn gelb; Schwanzflosse am Rand mit gelben L\u00e4ngsstreifen; der untere ist schw\u00e4cher ausgepr\u00e4gt<\/p>\n\n\n\n<p><strong>Biologie &amp; Verhalten: <\/strong> Dieser Riffbarsch lebt in kleinen Schw\u00e4rmen in ver\u00e4stelten Hartkorallen. Sein Verhalten und der schmale K\u00f6rper erinnert an Fahnenbarsche. Wie bei fast allen Riffbarschen werden die Eier am Substrat befestigt und vom M\u00e4nnchen gepflegt und bewacht.<\/p>\n\n\n\n<p><strong>Bedrohungsstatus:<\/strong> Die Art wird auf der Roten Liste der IUCN als <mark style=\"background-color:rgba(0, 0, 0, 0)\" class=\"has-inline-color has-vivid-green-cyan-color\">\u201enicht gef\u00e4hrdet\u201c<\/mark> gef\u00fchrt.<\/p>\n\n\n\n<hr class=\"wp-block-separator has-alpha-channel-opacity is-style-default\"\/>\n\n\n\n<p><\/p>\n","protected":false},"excerpt":{"rendered":"<p>Mirys Demoiselle Miry&#8217;s demoiselle Neopomacentrus miryae Gr\u00f6\u00dfe: bis 11 cm Lebensraum: Korallenriffe Vorkommen: Rotes Meer und Oman Erkennungsmerkmale: Grundfarbe hellgrau; Maul und Stirn gelb; Schwanzflosse am Rand mit gelben L\u00e4ngsstreifen; der untere ist schw\u00e4cher ausgepr\u00e4gt Biologie &amp; Verhalten: Dieser Riffbarsch lebt in kleinen Schw\u00e4rmen in ver\u00e4stelten Hartkorallen. Sein Verhalten und der schmale K\u00f6rper erinnert an &hellip; <\/p>\n<p class=\"link-more\"><a href=\"https:\/\/alles-ueber-riffe.de\/?page_id=5604\" class=\"more-link\"><span class=\"screen-reader-text\">\u201eMirys Demoiselle\u201c<\/span> weiterlesen<\/a><\/p>\n","protected":false},"author":1,"featured_media":0,"parent":0,"menu_order":0,"comment_status":"closed","ping_status":"closed","template":"","meta":{"footnotes":""},"class_list":["post-5604","page","type-page","status-publish","hentry"],"_links":{"self":[{"href":"https:\/\/alles-ueber-riffe.de\/index.php?rest_route=\/wp\/v2\/pages\/5604","targetHints":{"allow":["GET"]}}],"collection":[{"href":"https:\/\/alles-ueber-riffe.de\/index.php?rest_route=\/wp\/v2\/pages"}],"about":[{"href":"https:\/\/alles-ueber-riffe.de\/index.php?rest_route=\/wp\/v2\/types\/page"}],"author":[{"embeddable":true,"href":"https:\/\/alles-ueber-riffe.de\/index.php?rest_route=\/wp\/v2\/users\/1"}],"replies":[{"embeddable":true,"href":"https:\/\/alles-ueber-riffe.de\/index.php?rest_route=%2Fwp%2Fv2%2Fcomments&post=5604"}],"version-history":[{"count":6,"href":"https:\/\/alles-ueber-riffe.de\/index.php?rest_route=\/wp\/v2\/pages\/5604\/revisions"}],"predecessor-version":[{"id":9055,"href":"https:\/\/alles-ueber-riffe.de\/index.php?rest_route=\/wp\/v2\/pages\/5604\/revisions\/9055"}],"wp:attachment":[{"href":"https:\/\/alles-ueber-riffe.de\/index.php?rest_route=%2Fwp%2Fv2%2Fmedia&parent=5604"}],"curies":[{"name":"wp","href":"https:\/\/api.w.org\/{rel}","templated":true}]}}