{"id":5602,"date":"2025-01-08T22:06:25","date_gmt":"2025-01-08T22:06:25","guid":{"rendered":"https:\/\/alles-ueber-riffe.de\/?page_id=5602"},"modified":"2025-02-05T22:14:07","modified_gmt":"2025-02-05T22:14:07","slug":"indopazifik-sergeant","status":"publish","type":"page","link":"https:\/\/alles-ueber-riffe.de\/?page_id=5602","title":{"rendered":"Indopazifik-Sergeant"},"content":{"rendered":"\n<div class=\"wp-block-group is-vertical is-layout-flex wp-container-core-group-is-layout-8cf370e7 wp-block-group-is-layout-flex\">\n<p><strong>Indopazifik-Sergeant<\/strong><\/p>\n\n\n\n<p>Indo-Pacific sergeant<\/p>\n\n\n\n<p><em>Abudefduf vaigiensis<\/em><strong><\/strong><\/p>\n<\/div>\n\n\n\n<div style=\"height:30px\" aria-hidden=\"true\" class=\"wp-block-spacer\"><\/div>\n\n\n\n<figure class=\"wp-block-video\"><video height=\"576\" style=\"aspect-ratio: 1024 \/ 576;\" width=\"1024\" controls src=\"https:\/\/alles-ueber-riffe.de\/wp-content\/uploads\/2025\/02\/Indopazifik-Sergeant.mp4\"><\/video><figcaption class=\"wp-element-caption\">M\u00e4nnchen bewacht und pflegt das Gelege  \u00a9 Heinz Krimmer<\/figcaption><\/figure>\n\n\n\n<hr class=\"wp-block-separator has-alpha-channel-opacity is-style-default\"\/>\n\n\n\n<p><strong>Gr\u00f6\u00dfe: <\/strong> bis 20 cm<\/p>\n\n\n\n<p><strong>Lebensraum:<\/strong> Korallen- und Felsenriffe<\/p>\n\n\n\n<p><strong>Vorkommen:  <\/strong>Ostafrika, Rotes Meer, Malediven, S\u00fcdjapan, ganz S\u00fcdostasien, Nordaustralien, Papua-Neuguinea, Ozeanien bis zu den Tuamoto Inseln<\/p>\n\n\n\n<p><strong>Erkennungsmerkmale:<\/strong> Grundfarbe wei\u00df bis hellgrau; schwarze Flossenr\u00e4nder<\/p>\n\n\n\n<p><strong>Biologie &amp; Verhalten: <\/strong> M\u00e4nnchen, die auf das Gelege aufpassen ver\u00e4ndern ihre Farbe. Sie werden insgesamt dunkler und bekommen blaue Flossen. Das Gelege befindet sich fast immer in einer kleinen Felsennische im Riff. Das M\u00e4nnchen bewacht und pflegt die Eier bis zum Schl\u00fcpfen der Jungen.<\/p>\n\n\n\n<p>Diesen Riffbarsch sieht man in gro\u00dfen Schw\u00e4rmen im Freiwasser in der N\u00e4he von Riffen. Der gelbe R\u00fccken ist das eindeutige Erkennungsmerkmal.<\/p>\n\n\n\n<p>Sein perfekter Doppelg\u00e4nger ist der Sergeant Major (Abudefduf saxatilis). Da dieser aber nur in der Karibik vorkommt, ist eine Verwechslung anhand des Verbreitungsgebietes ausgeschlossen.<\/p>\n\n\n\n<p>Innerhalb der Familie der Riffbarsche bilden die Sergeant eine eigene Gattung mit ca. 20 Arten. Sie sind oft schwer auseinander zu halten. Fast alle sind wei\u00df bis hellgrau und besitzen schwarze Querstreifen und unterscheiden sich an Kleinigkeiten.<\/p>\n\n\n\n<p><strong>Bedrohungsstatus:<\/strong> Die Art wird auf der Roten Liste der IUCN als <mark style=\"background-color:rgba(0, 0, 0, 0)\" class=\"has-inline-color has-vivid-green-cyan-color\">\u201enicht gef\u00e4hrdet\u201c<\/mark> gef\u00fchrt.<\/p>\n\n\n\n<p><mark style=\"background-color:rgba(0, 0, 0, 0)\" class=\"has-inline-color has-vivid-red-color\"><strong>Gefahr:<\/strong> Vom Verzehren wird wegen der Gefahr einer ciguatoxischen Vergiftung wird gewarnt.\u00a0<\/mark><\/p>\n\n\n\n<hr class=\"wp-block-separator has-alpha-channel-opacity is-style-default\"\/>\n\n\n\n<p><\/p>\n","protected":false},"excerpt":{"rendered":"<p>Indopazifik-Sergeant Indo-Pacific sergeant Abudefduf vaigiensis Gr\u00f6\u00dfe: bis 20 cm Lebensraum: Korallen- und Felsenriffe Vorkommen: Ostafrika, Rotes Meer, Malediven, S\u00fcdjapan, ganz S\u00fcdostasien, Nordaustralien, Papua-Neuguinea, Ozeanien bis zu den Tuamoto Inseln Erkennungsmerkmale: Grundfarbe wei\u00df bis hellgrau; schwarze Flossenr\u00e4nder Biologie &amp; Verhalten: M\u00e4nnchen, die auf das Gelege aufpassen ver\u00e4ndern ihre Farbe. Sie werden insgesamt dunkler und bekommen blaue &hellip; <\/p>\n<p class=\"link-more\"><a href=\"https:\/\/alles-ueber-riffe.de\/?page_id=5602\" class=\"more-link\"><span class=\"screen-reader-text\">\u201eIndopazifik-Sergeant\u201c<\/span> weiterlesen<\/a><\/p>\n","protected":false},"author":1,"featured_media":0,"parent":0,"menu_order":0,"comment_status":"closed","ping_status":"closed","template":"","meta":{"footnotes":""},"class_list":["post-5602","page","type-page","status-publish","hentry"],"_links":{"self":[{"href":"https:\/\/alles-ueber-riffe.de\/index.php?rest_route=\/wp\/v2\/pages\/5602","targetHints":{"allow":["GET"]}}],"collection":[{"href":"https:\/\/alles-ueber-riffe.de\/index.php?rest_route=\/wp\/v2\/pages"}],"about":[{"href":"https:\/\/alles-ueber-riffe.de\/index.php?rest_route=\/wp\/v2\/types\/page"}],"author":[{"embeddable":true,"href":"https:\/\/alles-ueber-riffe.de\/index.php?rest_route=\/wp\/v2\/users\/1"}],"replies":[{"embeddable":true,"href":"https:\/\/alles-ueber-riffe.de\/index.php?rest_route=%2Fwp%2Fv2%2Fcomments&post=5602"}],"version-history":[{"count":4,"href":"https:\/\/alles-ueber-riffe.de\/index.php?rest_route=\/wp\/v2\/pages\/5602\/revisions"}],"predecessor-version":[{"id":8966,"href":"https:\/\/alles-ueber-riffe.de\/index.php?rest_route=\/wp\/v2\/pages\/5602\/revisions\/8966"}],"wp:attachment":[{"href":"https:\/\/alles-ueber-riffe.de\/index.php?rest_route=%2Fwp%2Fv2%2Fmedia&parent=5602"}],"curies":[{"name":"wp","href":"https:\/\/api.w.org\/{rel}","templated":true}]}}