{"id":5595,"date":"2025-01-08T22:05:52","date_gmt":"2025-01-08T22:05:52","guid":{"rendered":"https:\/\/alles-ueber-riffe.de\/?page_id=5595"},"modified":"2025-02-05T22:09:30","modified_gmt":"2025-02-05T22:09:30","slug":"geweihkorallen-sergeant","status":"publish","type":"page","link":"https:\/\/alles-ueber-riffe.de\/?page_id=5595","title":{"rendered":"Geweihkorallen-Sergeant"},"content":{"rendered":"\n<div class=\"wp-block-group is-vertical is-layout-flex wp-container-core-group-is-layout-8cf370e7 wp-block-group-is-layout-flex\">\n<p><strong>Geweihkorallen-Sergeant<\/strong><\/p>\n\n\n\n<p>Staghorn damselfish<\/p>\n\n\n\n<p><em>Amblyglyphidodon curacao<\/em><strong><\/strong><\/p>\n<\/div>\n\n\n\n<div style=\"height:30px\" aria-hidden=\"true\" class=\"wp-block-spacer\"><\/div>\n\n\n\n<figure class=\"wp-block-image size-full\"><img loading=\"lazy\" decoding=\"async\" width=\"1024\" height=\"768\" src=\"https:\/\/alles-ueber-riffe.de\/wp-content\/uploads\/2025\/02\/Geweihkorallen-Sergeant_1024x768.jpg\" alt=\"\" class=\"wp-image-8959\" srcset=\"https:\/\/alles-ueber-riffe.de\/wp-content\/uploads\/2025\/02\/Geweihkorallen-Sergeant_1024x768.jpg 1024w, https:\/\/alles-ueber-riffe.de\/wp-content\/uploads\/2025\/02\/Geweihkorallen-Sergeant_1024x768-300x225.jpg 300w, https:\/\/alles-ueber-riffe.de\/wp-content\/uploads\/2025\/02\/Geweihkorallen-Sergeant_1024x768-768x576.jpg 768w\" sizes=\"auto, (max-width: 767px) 89vw, (max-width: 1000px) 54vw, (max-width: 1071px) 543px, 580px\" \/><figcaption class=\"wp-element-caption\">\u00a9 Heinz Krimmer<\/figcaption><\/figure>\n\n\n\n<hr class=\"wp-block-separator has-alpha-channel-opacity is-style-default\"\/>\n\n\n\n<p><strong>Gr\u00f6\u00dfe: <\/strong> bis 11 cm<\/p>\n\n\n\n<p><strong>Lebensraum:<\/strong> Korallenriffe<\/p>\n\n\n\n<p><strong>Vorkommen:  <\/strong>S\u00fcdjapan, ganz S\u00fcdostasien, Nordaustralien, Papua-Neuguinea, Ozeanien bis Tonga<\/p>\n\n\n\n<p><strong>Erkennungsmerkmale:<\/strong> Grundfarbe gelblich; schwarze Querstreifen<\/p>\n\n\n\n<p><strong>Biologie &amp; Verhalten: <\/strong> Der deutsche Name ist etwas irref\u00fchrend, denn dieser Riffbarsch geh\u00f6rt nicht zu den Sergeant. Sein Aussehen erinnert aber eindeutig an diese Riffbarschgattung.<\/p>\n\n\n\n<p>Sie leben zwischen den \u00c4sten von Acropora-Korallen und verlassen diese ins Freiwasser um pflanzliches und tierisches Plankton zu fressen.<\/p>\n\n\n\n<p>Wie bei fast allen Riffbarschen werden die Eier am Substrat befestigt und vom M\u00e4nnchen gepflegt und bewacht.<\/p>\n\n\n\n<p><strong>Bedrohungsstatus:<\/strong> Die Art wird auf der Roten Liste der IUCN als <mark style=\"background-color:rgba(0, 0, 0, 0)\" class=\"has-inline-color has-vivid-green-cyan-color\">\u201enicht gef\u00e4hrdet\u201c<\/mark> gef\u00fchrt.<\/p>\n\n\n\n<hr class=\"wp-block-separator has-alpha-channel-opacity is-style-default\"\/>\n\n\n\n<p><\/p>\n","protected":false},"excerpt":{"rendered":"<p>Geweihkorallen-Sergeant Staghorn damselfish Amblyglyphidodon curacao Gr\u00f6\u00dfe: bis 11 cm Lebensraum: Korallenriffe Vorkommen: S\u00fcdjapan, ganz S\u00fcdostasien, Nordaustralien, Papua-Neuguinea, Ozeanien bis Tonga Erkennungsmerkmale: Grundfarbe gelblich; schwarze Querstreifen Biologie &amp; Verhalten: Der deutsche Name ist etwas irref\u00fchrend, denn dieser Riffbarsch geh\u00f6rt nicht zu den Sergeant. Sein Aussehen erinnert aber eindeutig an diese Riffbarschgattung. Sie leben zwischen den \u00c4sten &hellip; <\/p>\n<p class=\"link-more\"><a href=\"https:\/\/alles-ueber-riffe.de\/?page_id=5595\" class=\"more-link\"><span class=\"screen-reader-text\">\u201eGeweihkorallen-Sergeant\u201c<\/span> weiterlesen<\/a><\/p>\n","protected":false},"author":1,"featured_media":0,"parent":0,"menu_order":0,"comment_status":"closed","ping_status":"closed","template":"","meta":{"footnotes":""},"class_list":["post-5595","page","type-page","status-publish","hentry"],"_links":{"self":[{"href":"https:\/\/alles-ueber-riffe.de\/index.php?rest_route=\/wp\/v2\/pages\/5595","targetHints":{"allow":["GET"]}}],"collection":[{"href":"https:\/\/alles-ueber-riffe.de\/index.php?rest_route=\/wp\/v2\/pages"}],"about":[{"href":"https:\/\/alles-ueber-riffe.de\/index.php?rest_route=\/wp\/v2\/types\/page"}],"author":[{"embeddable":true,"href":"https:\/\/alles-ueber-riffe.de\/index.php?rest_route=\/wp\/v2\/users\/1"}],"replies":[{"embeddable":true,"href":"https:\/\/alles-ueber-riffe.de\/index.php?rest_route=%2Fwp%2Fv2%2Fcomments&post=5595"}],"version-history":[{"count":5,"href":"https:\/\/alles-ueber-riffe.de\/index.php?rest_route=\/wp\/v2\/pages\/5595\/revisions"}],"predecessor-version":[{"id":8962,"href":"https:\/\/alles-ueber-riffe.de\/index.php?rest_route=\/wp\/v2\/pages\/5595\/revisions\/8962"}],"wp:attachment":[{"href":"https:\/\/alles-ueber-riffe.de\/index.php?rest_route=%2Fwp%2Fv2%2Fmedia&parent=5595"}],"curies":[{"name":"wp","href":"https:\/\/api.w.org\/{rel}","templated":true}]}}