{"id":5591,"date":"2025-01-08T22:04:52","date_gmt":"2025-01-08T22:04:52","guid":{"rendered":"https:\/\/alles-ueber-riffe.de\/?page_id=5591"},"modified":"2025-02-05T22:05:29","modified_gmt":"2025-02-05T22:05:29","slug":"gelbschwanz-sergeant","status":"publish","type":"page","link":"https:\/\/alles-ueber-riffe.de\/?page_id=5591","title":{"rendered":"Gelbschwanz-Sergeant"},"content":{"rendered":"\n<div class=\"wp-block-group is-vertical is-layout-flex wp-container-core-group-is-layout-8cf370e7 wp-block-group-is-layout-flex\">\n<p><strong>Gelbschwanz-Sergeant<\/strong><\/p>\n\n\n\n<p>Yellowtail sergeant<\/p>\n\n\n\n<p><em>Abudefduf notatus<\/em><strong><\/strong><\/p>\n<\/div>\n\n\n\n<div style=\"height:30px\" aria-hidden=\"true\" class=\"wp-block-spacer\"><\/div>\n\n\n\n<figure class=\"wp-block-video\"><video height=\"576\" style=\"aspect-ratio: 1024 \/ 576;\" width=\"1024\" controls src=\"https:\/\/alles-ueber-riffe.de\/wp-content\/uploads\/2025\/02\/Gelbschwanz-Sergeant.mp4\"><\/video><figcaption class=\"wp-element-caption\">\u00a9 Heinz Krimmer<\/figcaption><\/figure>\n\n\n\n<hr class=\"wp-block-separator has-alpha-channel-opacity is-style-default\"\/>\n\n\n\n<p><strong>Gr\u00f6\u00dfe: <\/strong> bis 17 cm<\/p>\n\n\n\n<p><strong>Lebensraum:<\/strong> Korallen- und Felsenriffe<\/p>\n\n\n\n<p><strong>Vorkommen:  <\/strong>Ostafrika, Malediven, S\u00fcdjapan, ganz S\u00fcdostasien, Nordaustralien, Papua-Neuguinea<\/p>\n\n\n\n<p><strong>Erkennungsmerkmale:<\/strong> Grundfarbe braun; wei\u00dfe Querstreifen; gelbe Schwanzflosse<\/p>\n\n\n\n<p><strong>Biologie &amp; Verhalten: <\/strong> <em>Innerhalb der Familie der Riffbarsche bilden die Sergeant eine eigene Gattung mit ca. 20 Arten. Sie sind oft schwer auseinander zu halten. Der Gelbschwanz-Sergeant besitzt aber mit seiner gelben Schwanzflosse ein Alleinstellungsmerkmal.<\/em><\/p>\n\n\n\n<p><em>Diesen Riffbarsch sieht man in kleinen Schw\u00e4rmen im Freiwasser in der N\u00e4he von Riffen.<\/em><\/p>\n\n\n\n<p><strong>Bedrohungsstatus:<\/strong> Die Art wird auf der Roten Liste der IUCN als <mark style=\"background-color:rgba(0, 0, 0, 0)\" class=\"has-inline-color has-vivid-green-cyan-color\">\u201enicht gef\u00e4hrdet\u201c<\/mark> gef\u00fchrt.<\/p>\n\n\n\n<hr class=\"wp-block-separator has-alpha-channel-opacity is-style-default\"\/>\n\n\n\n<p><\/p>\n","protected":false},"excerpt":{"rendered":"<p>Gelbschwanz-Sergeant Yellowtail sergeant Abudefduf notatus Gr\u00f6\u00dfe: bis 17 cm Lebensraum: Korallen- und Felsenriffe Vorkommen: Ostafrika, Malediven, S\u00fcdjapan, ganz S\u00fcdostasien, Nordaustralien, Papua-Neuguinea Erkennungsmerkmale: Grundfarbe braun; wei\u00dfe Querstreifen; gelbe Schwanzflosse Biologie &amp; Verhalten: Innerhalb der Familie der Riffbarsche bilden die Sergeant eine eigene Gattung mit ca. 20 Arten. Sie sind oft schwer auseinander zu halten. Der Gelbschwanz-Sergeant &hellip; <\/p>\n<p class=\"link-more\"><a href=\"https:\/\/alles-ueber-riffe.de\/?page_id=5591\" class=\"more-link\"><span class=\"screen-reader-text\">\u201eGelbschwanz-Sergeant\u201c<\/span> weiterlesen<\/a><\/p>\n","protected":false},"author":1,"featured_media":0,"parent":0,"menu_order":0,"comment_status":"closed","ping_status":"closed","template":"","meta":{"footnotes":""},"class_list":["post-5591","page","type-page","status-publish","hentry"],"_links":{"self":[{"href":"https:\/\/alles-ueber-riffe.de\/index.php?rest_route=\/wp\/v2\/pages\/5591","targetHints":{"allow":["GET"]}}],"collection":[{"href":"https:\/\/alles-ueber-riffe.de\/index.php?rest_route=\/wp\/v2\/pages"}],"about":[{"href":"https:\/\/alles-ueber-riffe.de\/index.php?rest_route=\/wp\/v2\/types\/page"}],"author":[{"embeddable":true,"href":"https:\/\/alles-ueber-riffe.de\/index.php?rest_route=\/wp\/v2\/users\/1"}],"replies":[{"embeddable":true,"href":"https:\/\/alles-ueber-riffe.de\/index.php?rest_route=%2Fwp%2Fv2%2Fcomments&post=5591"}],"version-history":[{"count":5,"href":"https:\/\/alles-ueber-riffe.de\/index.php?rest_route=\/wp\/v2\/pages\/5591\/revisions"}],"predecessor-version":[{"id":8957,"href":"https:\/\/alles-ueber-riffe.de\/index.php?rest_route=\/wp\/v2\/pages\/5591\/revisions\/8957"}],"wp:attachment":[{"href":"https:\/\/alles-ueber-riffe.de\/index.php?rest_route=%2Fwp%2Fv2%2Fmedia&parent=5591"}],"curies":[{"name":"wp","href":"https:\/\/api.w.org\/{rel}","templated":true}]}}