{"id":5588,"date":"2025-01-08T22:04:43","date_gmt":"2025-01-08T22:04:43","guid":{"rendered":"https:\/\/alles-ueber-riffe.de\/?page_id=5588"},"modified":"2025-02-07T21:49:51","modified_gmt":"2025-02-07T21:49:51","slug":"gelbschwanz-demoiselle","status":"publish","type":"page","link":"https:\/\/alles-ueber-riffe.de\/?page_id=5588","title":{"rendered":"Gelbschwanz-Demoiselle"},"content":{"rendered":"\n<div class=\"wp-block-group is-vertical is-layout-flex wp-container-core-group-is-layout-8cf370e7 wp-block-group-is-layout-flex\">\n<p><strong>Gelbschwanz-Demoiselle<\/strong><\/p>\n\n\n\n<p>Goldtail demoiselle<\/p>\n\n\n\n<p><em>Chrysiptera parasema<\/em><strong><\/strong><\/p>\n<\/div>\n\n\n\n<div style=\"height:30px\" aria-hidden=\"true\" class=\"wp-block-spacer\"><\/div>\n\n\n\n<figure class=\"wp-block-image size-full\"><img loading=\"lazy\" decoding=\"async\" width=\"1024\" height=\"768\" src=\"https:\/\/alles-ueber-riffe.de\/wp-content\/uploads\/2025\/02\/Gelbschwanz-Demoiselle_1024x768.jpg\" alt=\"\" class=\"wp-image-9041\" srcset=\"https:\/\/alles-ueber-riffe.de\/wp-content\/uploads\/2025\/02\/Gelbschwanz-Demoiselle_1024x768.jpg 1024w, https:\/\/alles-ueber-riffe.de\/wp-content\/uploads\/2025\/02\/Gelbschwanz-Demoiselle_1024x768-300x225.jpg 300w, https:\/\/alles-ueber-riffe.de\/wp-content\/uploads\/2025\/02\/Gelbschwanz-Demoiselle_1024x768-768x576.jpg 768w\" sizes=\"auto, (max-width: 767px) 89vw, (max-width: 1000px) 54vw, (max-width: 1071px) 543px, 580px\" \/><figcaption class=\"wp-element-caption\">\u00a9 Heinz Krimmer<\/figcaption><\/figure>\n\n\n\n<hr class=\"wp-block-separator has-alpha-channel-opacity is-style-default\"\/>\n\n\n\n<p><strong>Gr\u00f6\u00dfe: <\/strong> bis 7 cm<\/p>\n\n\n\n<p><strong>Lebensraum:<\/strong> Korallenriffe<\/p>\n\n\n\n<p><strong>Vorkommen:  <\/strong>S\u00fcdjapan, Philippinen, Malaysia, Ostindonesien, Nordaustralien, Papua-Neuguinea, Salomonen<\/p>\n\n\n\n<p><strong>Erkennungsmerkmale:<\/strong> Grundfarbe azurblau; gelber Schwanzstiel; hintere R\u00fccken- und Afterflosse ebenfalls gelb; vordere Schwanzflosse gelb und hinterer Teil transparent<\/p>\n\n\n\n<p><strong>Biologie &amp; Verhalten: <\/strong> Diese Riffbarsche leben in kleinen Gruppen zwischen den \u00c4sten von Acropora-Korallen. Wie bei fast allen Riffbarschen werden die Eier am Substrat befestigt und vom M\u00e4nnchen gepflegt und bewacht.<\/p>\n\n\n\n<p><strong>Bedrohungsstatus:<\/strong> Die Art wird auf der Roten Liste der IUCN als <mark style=\"background-color:rgba(0, 0, 0, 0)\" class=\"has-inline-color has-vivid-green-cyan-color\">\u201enicht gef\u00e4hrdet\u201c<\/mark> gef\u00fchrt.<\/p>\n\n\n\n<hr class=\"wp-block-separator has-alpha-channel-opacity is-style-default\"\/>\n\n\n\n<p><\/p>\n","protected":false},"excerpt":{"rendered":"<p>Gelbschwanz-Demoiselle Goldtail demoiselle Chrysiptera parasema Gr\u00f6\u00dfe: bis 7 cm Lebensraum: Korallenriffe Vorkommen: S\u00fcdjapan, Philippinen, Malaysia, Ostindonesien, Nordaustralien, Papua-Neuguinea, Salomonen Erkennungsmerkmale: Grundfarbe azurblau; gelber Schwanzstiel; hintere R\u00fccken- und Afterflosse ebenfalls gelb; vordere Schwanzflosse gelb und hinterer Teil transparent Biologie &amp; Verhalten: Diese Riffbarsche leben in kleinen Gruppen zwischen den \u00c4sten von Acropora-Korallen. Wie bei fast allen &hellip; <\/p>\n<p class=\"link-more\"><a href=\"https:\/\/alles-ueber-riffe.de\/?page_id=5588\" class=\"more-link\"><span class=\"screen-reader-text\">\u201eGelbschwanz-Demoiselle\u201c<\/span> weiterlesen<\/a><\/p>\n","protected":false},"author":1,"featured_media":0,"parent":0,"menu_order":0,"comment_status":"closed","ping_status":"closed","template":"","meta":{"footnotes":""},"class_list":["post-5588","page","type-page","status-publish","hentry"],"_links":{"self":[{"href":"https:\/\/alles-ueber-riffe.de\/index.php?rest_route=\/wp\/v2\/pages\/5588","targetHints":{"allow":["GET"]}}],"collection":[{"href":"https:\/\/alles-ueber-riffe.de\/index.php?rest_route=\/wp\/v2\/pages"}],"about":[{"href":"https:\/\/alles-ueber-riffe.de\/index.php?rest_route=\/wp\/v2\/types\/page"}],"author":[{"embeddable":true,"href":"https:\/\/alles-ueber-riffe.de\/index.php?rest_route=\/wp\/v2\/users\/1"}],"replies":[{"embeddable":true,"href":"https:\/\/alles-ueber-riffe.de\/index.php?rest_route=%2Fwp%2Fv2%2Fcomments&post=5588"}],"version-history":[{"count":5,"href":"https:\/\/alles-ueber-riffe.de\/index.php?rest_route=\/wp\/v2\/pages\/5588\/revisions"}],"predecessor-version":[{"id":9044,"href":"https:\/\/alles-ueber-riffe.de\/index.php?rest_route=\/wp\/v2\/pages\/5588\/revisions\/9044"}],"wp:attachment":[{"href":"https:\/\/alles-ueber-riffe.de\/index.php?rest_route=%2Fwp%2Fv2%2Fmedia&parent=5588"}],"curies":[{"name":"wp","href":"https:\/\/api.w.org\/{rel}","templated":true}]}}