{"id":5580,"date":"2025-01-08T22:04:12","date_gmt":"2025-01-08T22:04:12","guid":{"rendered":"https:\/\/alles-ueber-riffe.de\/?page_id=5580"},"modified":"2025-02-05T08:59:55","modified_gmt":"2025-02-05T08:59:55","slug":"dreifleck-preussenfisch","status":"publish","type":"page","link":"https:\/\/alles-ueber-riffe.de\/?page_id=5580","title":{"rendered":"Dreifleck-Preu\u00dfenfisch"},"content":{"rendered":"\n<div class=\"wp-block-group is-vertical is-layout-flex wp-container-core-group-is-layout-8cf370e7 wp-block-group-is-layout-flex\">\n<p><strong>Dreifleck-Preu\u00dfenfisch<\/strong><\/p>\n\n\n\n<p>Threespot dascyllus<\/p>\n\n\n\n<p><em>Dascyllus trimaculatus<\/em><strong><\/strong><\/p>\n<\/div>\n\n\n\n<div style=\"height:30px\" aria-hidden=\"true\" class=\"wp-block-spacer\"><\/div>\n\n\n\n<figure class=\"wp-block-video\"><video height=\"576\" style=\"aspect-ratio: 1024 \/ 576;\" width=\"1024\" controls src=\"https:\/\/alles-ueber-riffe.de\/wp-content\/uploads\/2025\/02\/Dreifleck-Preussenfisch.mp4\"><\/video><figcaption class=\"wp-element-caption\">\u00a9 Heinz Krimmer<\/figcaption><\/figure>\n\n\n\n<hr class=\"wp-block-separator has-alpha-channel-opacity is-style-default\"\/>\n\n\n\n<p><strong>Gr\u00f6\u00dfe: <\/strong> bis 14 cm<\/p>\n\n\n\n<p><strong>Lebensraum:<\/strong> Korallen- und Felsenriffe<\/p>\n\n\n\n<p><strong>Vorkommen:  <\/strong>Ostafrika, Rotes Meer, Malediven, S\u00fcdjapan, ganz S\u00fcdostasien, Nordaustralien, Papua-Neuguinea, Ozeanien bis zu den Linieninseln<\/p>\n\n\n\n<p><strong>Erkennungsmerkmale:<\/strong> adulte Tiere hell- bis dunkelgrau mit wei\u00dfem Fleck am R\u00fccken; juvenile Tiere schwarz mit zwei wei\u00dfen Flecken<\/p>\n\n\n\n<p><strong>Biologie &amp; Verhalten: <\/strong> Juvenile Dreifleck-Preu\u00dfenfische leben in Anemonen und verhalten sich wie Anemonenfische, die \u00fcbrigens auch zu den Riffbarschen geh\u00f6ren. Wie diese sind sie immun gegen das Nesselgift ihrer Wirtsanemone. Adulte Tiere leben zwischen den Korallen des Riffs. Sie fressen sowohl Algen, als auch Zooplankton. Sie k\u00f6nnen blitzschnell ihre Farbe von hellgrau zu dunkelgrau \u00e4ndern und umgekehrt.<\/p>\n\n\n\n<p><em>Die Eier werden am Substrat befestigt und vom M\u00e4nnchen bewacht und gepflegt.<\/em><\/p>\n\n\n\n<p><strong>Bedrohungsstatus:<\/strong> Die Art wird auf der Roten Liste der IUCN als <mark style=\"background-color:rgba(0, 0, 0, 0)\" class=\"has-inline-color has-vivid-green-cyan-color\">\u201enicht gef\u00e4hrdet\u201c<\/mark> gef\u00fchrt.<\/p>\n\n\n\n<hr class=\"wp-block-separator has-alpha-channel-opacity is-style-default\"\/>\n\n\n\n<p><\/p>\n","protected":false},"excerpt":{"rendered":"<p>Dreifleck-Preu\u00dfenfisch Threespot dascyllus Dascyllus trimaculatus Gr\u00f6\u00dfe: bis 14 cm Lebensraum: Korallen- und Felsenriffe Vorkommen: Ostafrika, Rotes Meer, Malediven, S\u00fcdjapan, ganz S\u00fcdostasien, Nordaustralien, Papua-Neuguinea, Ozeanien bis zu den Linieninseln Erkennungsmerkmale: adulte Tiere hell- bis dunkelgrau mit wei\u00dfem Fleck am R\u00fccken; juvenile Tiere schwarz mit zwei wei\u00dfen Flecken Biologie &amp; Verhalten: Juvenile Dreifleck-Preu\u00dfenfische leben in Anemonen und &hellip; <\/p>\n<p class=\"link-more\"><a href=\"https:\/\/alles-ueber-riffe.de\/?page_id=5580\" class=\"more-link\"><span class=\"screen-reader-text\">\u201eDreifleck-Preu\u00dfenfisch\u201c<\/span> weiterlesen<\/a><\/p>\n","protected":false},"author":1,"featured_media":0,"parent":0,"menu_order":0,"comment_status":"closed","ping_status":"closed","template":"","meta":{"footnotes":""},"class_list":["post-5580","page","type-page","status-publish","hentry"],"_links":{"self":[{"href":"https:\/\/alles-ueber-riffe.de\/index.php?rest_route=\/wp\/v2\/pages\/5580","targetHints":{"allow":["GET"]}}],"collection":[{"href":"https:\/\/alles-ueber-riffe.de\/index.php?rest_route=\/wp\/v2\/pages"}],"about":[{"href":"https:\/\/alles-ueber-riffe.de\/index.php?rest_route=\/wp\/v2\/types\/page"}],"author":[{"embeddable":true,"href":"https:\/\/alles-ueber-riffe.de\/index.php?rest_route=\/wp\/v2\/users\/1"}],"replies":[{"embeddable":true,"href":"https:\/\/alles-ueber-riffe.de\/index.php?rest_route=%2Fwp%2Fv2%2Fcomments&post=5580"}],"version-history":[{"count":5,"href":"https:\/\/alles-ueber-riffe.de\/index.php?rest_route=\/wp\/v2\/pages\/5580\/revisions"}],"predecessor-version":[{"id":8930,"href":"https:\/\/alles-ueber-riffe.de\/index.php?rest_route=\/wp\/v2\/pages\/5580\/revisions\/8930"}],"wp:attachment":[{"href":"https:\/\/alles-ueber-riffe.de\/index.php?rest_route=%2Fwp%2Fv2%2Fmedia&parent=5580"}],"curies":[{"name":"wp","href":"https:\/\/api.w.org\/{rel}","templated":true}]}}