{"id":5578,"date":"2025-01-08T22:04:02","date_gmt":"2025-01-08T22:04:02","guid":{"rendered":"https:\/\/alles-ueber-riffe.de\/?page_id=5578"},"modified":"2025-02-05T08:53:17","modified_gmt":"2025-02-05T08:53:17","slug":"dreibinden-preussenfisch","status":"publish","type":"page","link":"https:\/\/alles-ueber-riffe.de\/?page_id=5578","title":{"rendered":"Dreibinden-Preu\u00dfenfisch"},"content":{"rendered":"\n<div class=\"wp-block-group is-vertical is-layout-flex wp-container-core-group-is-layout-8cf370e7 wp-block-group-is-layout-flex\">\n<p><strong>Dreibinden-Preu\u00dfenfisch<\/strong><\/p>\n\n\n\n<p>Whitetail dascyllus<\/p>\n\n\n\n<p><em>Dascyllus aruanus<\/em><strong><\/strong><\/p>\n<\/div>\n\n\n\n<div style=\"height:30px\" aria-hidden=\"true\" class=\"wp-block-spacer\"><\/div>\n\n\n\n<figure class=\"wp-block-video\"><video height=\"576\" style=\"aspect-ratio: 1024 \/ 576;\" width=\"1024\" controls src=\"https:\/\/alles-ueber-riffe.de\/wp-content\/uploads\/2025\/02\/Dreibinden-Preussenfisch.mp4\"><\/video><figcaption class=\"wp-element-caption\">\u00a9 Heinz Krimmer<\/figcaption><\/figure>\n\n\n\n<hr class=\"wp-block-separator has-alpha-channel-opacity is-style-default\"\/>\n\n\n\n<p><strong>Gr\u00f6\u00dfe: <\/strong> bis 10 cm<\/p>\n\n\n\n<p><strong>Lebensraum:<\/strong> Korallenriffe<\/p>\n\n\n\n<p><strong>Vorkommen:  <\/strong>Ostafrika, Rotes Meer, Malediven, S\u00fcdjapan, ganz S\u00fcdostasien, Nordaustralien, Papua-Neuguinea, Ozeanien bis zu den Tuamoto Inseln<\/p>\n\n\n\n<p><strong>Erkennungsmerkmale:<\/strong> schwarz-wei\u00df quergestreift<\/p>\n\n\n\n<p><strong>Biologie &amp; Verhalten: <\/strong> Die Dreibinden-Preu\u00dfenfische leben in Gruppen\u00a0bevorzugt\u00a0zwischen den \u00c4sten von Acropora-Korallen, in die sie sich bei Gefahr zur\u00fcckziehen. Doht keine Gefahr schwimmen sie ins Freiwasser \u00fcber die Koralle und fressen Zooplankton.Zus\u00e4tzlich ern\u00e4hren sie sich von Algen und kleinen am Boden lebenden Wirbellosen.\u00a0Sie sind sehr territorial und verteidigen ihre Koralle.<\/p>\n\n\n\n<p>Bei der Paarung l\u00e4dt das M\u00e4nnchen das Weibchen in sein Nest ein. Die Eier werden am Substrat festgeklebt und vom M\u00e4nnchen bewacht. In dieser Zeit sind sie sehr aggressiv. Ich selbst bin schon einmal von einem M\u00e4nnchen beim Schnorcheln \u00fcber dem Nest angegriffen worden und hatte \u00fcber Wochen eine schlecht heilende kleine Wunde am Bauch. Nach 3-5 Tagen schl\u00fcpfen die Jungen. Tagaktiv.<\/p>\n\n\n\n<p><strong>Bedrohungsstatus:<\/strong> Die Art wird auf der Roten Liste der IUCN als <mark style=\"background-color:rgba(0, 0, 0, 0)\" class=\"has-inline-color has-vivid-green-cyan-color\">\u201enicht gef\u00e4hrdet\u201c<\/mark> gef\u00fchrt.<\/p>\n\n\n\n<hr class=\"wp-block-separator has-alpha-channel-opacity is-style-default\"\/>\n\n\n\n<p><\/p>\n","protected":false},"excerpt":{"rendered":"<p>Dreibinden-Preu\u00dfenfisch Whitetail dascyllus Dascyllus aruanus Gr\u00f6\u00dfe: bis 10 cm Lebensraum: Korallenriffe Vorkommen: Ostafrika, Rotes Meer, Malediven, S\u00fcdjapan, ganz S\u00fcdostasien, Nordaustralien, Papua-Neuguinea, Ozeanien bis zu den Tuamoto Inseln Erkennungsmerkmale: schwarz-wei\u00df quergestreift Biologie &amp; Verhalten: Die Dreibinden-Preu\u00dfenfische leben in Gruppen\u00a0bevorzugt\u00a0zwischen den \u00c4sten von Acropora-Korallen, in die sie sich bei Gefahr zur\u00fcckziehen. Doht keine Gefahr schwimmen sie ins &hellip; <\/p>\n<p class=\"link-more\"><a href=\"https:\/\/alles-ueber-riffe.de\/?page_id=5578\" class=\"more-link\"><span class=\"screen-reader-text\">\u201eDreibinden-Preu\u00dfenfisch\u201c<\/span> weiterlesen<\/a><\/p>\n","protected":false},"author":1,"featured_media":0,"parent":0,"menu_order":0,"comment_status":"closed","ping_status":"closed","template":"","meta":{"footnotes":""},"class_list":["post-5578","page","type-page","status-publish","hentry"],"_links":{"self":[{"href":"https:\/\/alles-ueber-riffe.de\/index.php?rest_route=\/wp\/v2\/pages\/5578","targetHints":{"allow":["GET"]}}],"collection":[{"href":"https:\/\/alles-ueber-riffe.de\/index.php?rest_route=\/wp\/v2\/pages"}],"about":[{"href":"https:\/\/alles-ueber-riffe.de\/index.php?rest_route=\/wp\/v2\/types\/page"}],"author":[{"embeddable":true,"href":"https:\/\/alles-ueber-riffe.de\/index.php?rest_route=\/wp\/v2\/users\/1"}],"replies":[{"embeddable":true,"href":"https:\/\/alles-ueber-riffe.de\/index.php?rest_route=%2Fwp%2Fv2%2Fcomments&post=5578"}],"version-history":[{"count":5,"href":"https:\/\/alles-ueber-riffe.de\/index.php?rest_route=\/wp\/v2\/pages\/5578\/revisions"}],"predecessor-version":[{"id":8924,"href":"https:\/\/alles-ueber-riffe.de\/index.php?rest_route=\/wp\/v2\/pages\/5578\/revisions\/8924"}],"wp:attachment":[{"href":"https:\/\/alles-ueber-riffe.de\/index.php?rest_route=%2Fwp%2Fv2%2Fmedia&parent=5578"}],"curies":[{"name":"wp","href":"https:\/\/api.w.org\/{rel}","templated":true}]}}