{"id":5573,"date":"2025-01-08T22:03:31","date_gmt":"2025-01-08T22:03:31","guid":{"rendered":"https:\/\/alles-ueber-riffe.de\/?page_id=5573"},"modified":"2025-02-06T15:01:33","modified_gmt":"2025-02-06T15:01:33","slug":"blaugruener-chromis","status":"publish","type":"page","link":"https:\/\/alles-ueber-riffe.de\/?page_id=5573","title":{"rendered":"Blaugr\u00fcner Chromis"},"content":{"rendered":"\n<div class=\"wp-block-group is-vertical is-layout-flex wp-container-core-group-is-layout-8cf370e7 wp-block-group-is-layout-flex\">\n<p><strong>Blaugr\u00fcner Chromis<\/strong><\/p>\n\n\n\n<p>Blue green damselfish<\/p>\n\n\n\n<p><em>Chromis viridis<\/em><strong><\/strong><\/p>\n<\/div>\n\n\n\n<div style=\"height:30px\" aria-hidden=\"true\" class=\"wp-block-spacer\"><\/div>\n\n\n\n<figure class=\"wp-block-video\"><video height=\"576\" style=\"aspect-ratio: 1024 \/ 576;\" width=\"1024\" controls src=\"https:\/\/alles-ueber-riffe.de\/wp-content\/uploads\/2025\/02\/Blaugruener-Chromis-Kopie.mp4\"><\/video><figcaption class=\"wp-element-caption\">\u00a9 Heinz Krimmer<\/figcaption><\/figure>\n\n\n\n<hr class=\"wp-block-separator has-alpha-channel-opacity is-style-default\"\/>\n\n\n\n<p><strong>Gr\u00f6\u00dfe: <\/strong> bis 10 cm<\/p>\n\n\n\n<p><strong>Lebensraum:<\/strong> Korallenriffe<\/p>\n\n\n\n<p><strong>Vorkommen:  <\/strong>Ostafrika, Rotes Meer, Malediven, S\u00fcdjapan, ganz S\u00fcdostasien, Nordaustralien, Papua-Neuguinea, Ozeanien bis zu den Tuamoto Inseln<\/p>\n\n\n\n<p><strong>Erkennungsmerkmale:<\/strong> Grundfarbe blaugr\u00fcn<\/p>\n\n\n\n<p><strong>Biologie &amp; Verhalten: <\/strong> Die Blaugr\u00fcnen Chromis leben in Schw\u00e4rmen zwischen den \u00c4sten von Acropora-Korallen, in die sie sich bei Gefahr zur\u00fcckziehen k\u00f6nnen. Doht keine Gefahr schwimmen sie ins Freiwasser \u00fcber die Koralle und fressen Zooplankton. Dieses auf und ab ist ein wundersch\u00f6nes Schauspiel.<\/p>\n\n\n\n<p>Das M\u00e4nnchen baut vor der Paarung ein Nest auf Sand- oder Ger\u00f6llgrund. Es paart sich danach mit mehreren Weibchen, die alle ihre die Eier am Substrat befestigen. Das M\u00e4nnchen bewacht und pflegt das Gelege bis zum Schl\u00fcpfen der Jungen.<\/p>\n\n\n\n<p><strong>Bedrohungsstatus:<\/strong> Die Art wird auf der Roten Liste der IUCN als <mark style=\"background-color:rgba(0, 0, 0, 0)\" class=\"has-inline-color has-vivid-green-cyan-color\">\u201enicht gef\u00e4hrdet\u201c<\/mark> gef\u00fchrt.<\/p>\n\n\n\n<hr class=\"wp-block-separator has-alpha-channel-opacity is-style-default\"\/>\n\n\n\n<p><\/p>\n","protected":false},"excerpt":{"rendered":"<p>Blaugr\u00fcner Chromis Blue green damselfish Chromis viridis Gr\u00f6\u00dfe: bis 10 cm Lebensraum: Korallenriffe Vorkommen: Ostafrika, Rotes Meer, Malediven, S\u00fcdjapan, ganz S\u00fcdostasien, Nordaustralien, Papua-Neuguinea, Ozeanien bis zu den Tuamoto Inseln Erkennungsmerkmale: Grundfarbe blaugr\u00fcn Biologie &amp; Verhalten: Die Blaugr\u00fcnen Chromis leben in Schw\u00e4rmen zwischen den \u00c4sten von Acropora-Korallen, in die sie sich bei Gefahr zur\u00fcckziehen k\u00f6nnen. Doht &hellip; <\/p>\n<p class=\"link-more\"><a href=\"https:\/\/alles-ueber-riffe.de\/?page_id=5573\" class=\"more-link\"><span class=\"screen-reader-text\">\u201eBlaugr\u00fcner Chromis\u201c<\/span> weiterlesen<\/a><\/p>\n","protected":false},"author":1,"featured_media":0,"parent":0,"menu_order":0,"comment_status":"closed","ping_status":"closed","template":"","meta":{"footnotes":""},"class_list":["post-5573","page","type-page","status-publish","hentry"],"_links":{"self":[{"href":"https:\/\/alles-ueber-riffe.de\/index.php?rest_route=\/wp\/v2\/pages\/5573","targetHints":{"allow":["GET"]}}],"collection":[{"href":"https:\/\/alles-ueber-riffe.de\/index.php?rest_route=\/wp\/v2\/pages"}],"about":[{"href":"https:\/\/alles-ueber-riffe.de\/index.php?rest_route=\/wp\/v2\/types\/page"}],"author":[{"embeddable":true,"href":"https:\/\/alles-ueber-riffe.de\/index.php?rest_route=\/wp\/v2\/users\/1"}],"replies":[{"embeddable":true,"href":"https:\/\/alles-ueber-riffe.de\/index.php?rest_route=%2Fwp%2Fv2%2Fcomments&post=5573"}],"version-history":[{"count":4,"href":"https:\/\/alles-ueber-riffe.de\/index.php?rest_route=\/wp\/v2\/pages\/5573\/revisions"}],"predecessor-version":[{"id":8974,"href":"https:\/\/alles-ueber-riffe.de\/index.php?rest_route=\/wp\/v2\/pages\/5573\/revisions\/8974"}],"wp:attachment":[{"href":"https:\/\/alles-ueber-riffe.de\/index.php?rest_route=%2Fwp%2Fv2%2Fmedia&parent=5573"}],"curies":[{"name":"wp","href":"https:\/\/api.w.org\/{rel}","templated":true}]}}