{"id":5571,"date":"2025-01-08T22:03:21","date_gmt":"2025-01-08T22:03:21","guid":{"rendered":"https:\/\/alles-ueber-riffe.de\/?page_id=5571"},"modified":"2025-02-05T08:39:46","modified_gmt":"2025-02-05T08:39:46","slug":"azure-demoiselle","status":"publish","type":"page","link":"https:\/\/alles-ueber-riffe.de\/?page_id=5571","title":{"rendered":"Azure-Demoiselle"},"content":{"rendered":"\n<div class=\"wp-block-group is-vertical is-layout-flex wp-container-core-group-is-layout-8cf370e7 wp-block-group-is-layout-flex\">\n<p><strong>Azure-Demoiselle<\/strong><\/p>\n\n\n\n<p>Azure demoiselle<\/p>\n\n\n\n<p><em>Chrysiptera hemicyanea<\/em><strong><\/strong><\/p>\n<\/div>\n\n\n\n<div style=\"height:30px\" aria-hidden=\"true\" class=\"wp-block-spacer\"><\/div>\n\n\n\n<figure class=\"wp-block-image size-full\"><img loading=\"lazy\" decoding=\"async\" width=\"1024\" height=\"768\" src=\"https:\/\/alles-ueber-riffe.de\/wp-content\/uploads\/2025\/02\/Azure-Demoiselle_1024x768.jpg\" alt=\"\" class=\"wp-image-8913\" srcset=\"https:\/\/alles-ueber-riffe.de\/wp-content\/uploads\/2025\/02\/Azure-Demoiselle_1024x768.jpg 1024w, https:\/\/alles-ueber-riffe.de\/wp-content\/uploads\/2025\/02\/Azure-Demoiselle_1024x768-300x225.jpg 300w, https:\/\/alles-ueber-riffe.de\/wp-content\/uploads\/2025\/02\/Azure-Demoiselle_1024x768-768x576.jpg 768w\" sizes=\"auto, (max-width: 767px) 89vw, (max-width: 1000px) 54vw, (max-width: 1071px) 543px, 580px\" \/><figcaption class=\"wp-element-caption\">\u00a9 Heinz Krimmer<\/figcaption><\/figure>\n\n\n\n<hr class=\"wp-block-separator has-alpha-channel-opacity is-style-default\"\/>\n\n\n\n<p><strong>Gr\u00f6\u00dfe: <\/strong> bis 7 cm<\/p>\n\n\n\n<p><strong>Lebensraum:<\/strong> Korallenriffe<\/p>\n\n\n\n<p><strong>Vorkommen:  <\/strong>S\u00fcdjapan, ganz S\u00fcdostasien, Nordaustralien, Papua-Neuguinea<\/p>\n\n\n\n<p><strong>Erkennungsmerkmale:<\/strong> Grundfarbe azureblau; gelber Bauch; gelbe Bauch- und Afterflosse; Schwanzflosse am Anfang gelb, dann transparent<\/p>\n\n\n\n<p><strong>Biologie &amp; Verhalten: <\/strong> Es gibt eine ganze Reihe von Riffbarschen mit der Kombination von blauer und gelber Farbe. Zur Unterscheidung ist wichtig, welche K\u00f6rperteile des Fisches gelb sind. Z.B. sieht die Azure-Demoiselle der Goldbauch-Demoiselle (Pomacentrus auriventris) sehr \u00e4hnlich. Die Goldbauch-Demoiselle unterscheidet man am einfachsten anhand der Schwanzflosse. Diese ist komplett gelb gef\u00e4rbt.<\/p>\n\n\n\n<p><strong>Bedrohungsstatus:<\/strong> Die Art wird auf der Roten Liste der IUCN als <mark style=\"background-color:rgba(0, 0, 0, 0)\" class=\"has-inline-color has-vivid-red-color\">\u201egef\u00e4hrdet\u201c<\/mark> gef\u00fchrt.<\/p>\n\n\n\n<hr class=\"wp-block-separator has-alpha-channel-opacity is-style-default\"\/>\n\n\n\n<p><\/p>\n","protected":false},"excerpt":{"rendered":"<p>Azure-Demoiselle Azure demoiselle Chrysiptera hemicyanea Gr\u00f6\u00dfe: bis 7 cm Lebensraum: Korallenriffe Vorkommen: S\u00fcdjapan, ganz S\u00fcdostasien, Nordaustralien, Papua-Neuguinea Erkennungsmerkmale: Grundfarbe azureblau; gelber Bauch; gelbe Bauch- und Afterflosse; Schwanzflosse am Anfang gelb, dann transparent Biologie &amp; Verhalten: Es gibt eine ganze Reihe von Riffbarschen mit der Kombination von blauer und gelber Farbe. Zur Unterscheidung ist wichtig, welche &hellip; <\/p>\n<p class=\"link-more\"><a href=\"https:\/\/alles-ueber-riffe.de\/?page_id=5571\" class=\"more-link\"><span class=\"screen-reader-text\">\u201eAzure-Demoiselle\u201c<\/span> weiterlesen<\/a><\/p>\n","protected":false},"author":1,"featured_media":0,"parent":0,"menu_order":0,"comment_status":"closed","ping_status":"closed","template":"","meta":{"footnotes":""},"class_list":["post-5571","page","type-page","status-publish","hentry"],"_links":{"self":[{"href":"https:\/\/alles-ueber-riffe.de\/index.php?rest_route=\/wp\/v2\/pages\/5571","targetHints":{"allow":["GET"]}}],"collection":[{"href":"https:\/\/alles-ueber-riffe.de\/index.php?rest_route=\/wp\/v2\/pages"}],"about":[{"href":"https:\/\/alles-ueber-riffe.de\/index.php?rest_route=\/wp\/v2\/types\/page"}],"author":[{"embeddable":true,"href":"https:\/\/alles-ueber-riffe.de\/index.php?rest_route=\/wp\/v2\/users\/1"}],"replies":[{"embeddable":true,"href":"https:\/\/alles-ueber-riffe.de\/index.php?rest_route=%2Fwp%2Fv2%2Fcomments&post=5571"}],"version-history":[{"count":4,"href":"https:\/\/alles-ueber-riffe.de\/index.php?rest_route=\/wp\/v2\/pages\/5571\/revisions"}],"predecessor-version":[{"id":8915,"href":"https:\/\/alles-ueber-riffe.de\/index.php?rest_route=\/wp\/v2\/pages\/5571\/revisions\/8915"}],"wp:attachment":[{"href":"https:\/\/alles-ueber-riffe.de\/index.php?rest_route=%2Fwp%2Fv2%2Fmedia&parent=5571"}],"curies":[{"name":"wp","href":"https:\/\/api.w.org\/{rel}","templated":true}]}}