{"id":5569,"date":"2025-01-08T22:03:11","date_gmt":"2025-01-08T22:03:11","guid":{"rendered":"https:\/\/alles-ueber-riffe.de\/?page_id=5569"},"modified":"2025-02-04T23:04:20","modified_gmt":"2025-02-04T23:04:20","slug":"arabischer-preussenfisch","status":"publish","type":"page","link":"https:\/\/alles-ueber-riffe.de\/?page_id=5569","title":{"rendered":"Arabischer Preu\u00dfenfisch"},"content":{"rendered":"\n<div class=\"wp-block-group is-vertical is-layout-flex wp-container-core-group-is-layout-8cf370e7 wp-block-group-is-layout-flex\">\n<p><strong>Arabischer Preu\u00dfenfisch<\/strong><\/p>\n\n\n\n<p>Marginate dascyllus<\/p>\n\n\n\n<p><em>Dascyllus marginatus<\/em><strong><\/strong><\/p>\n<\/div>\n\n\n\n<div style=\"height:30px\" aria-hidden=\"true\" class=\"wp-block-spacer\"><\/div>\n\n\n\n<figure class=\"wp-block-video\"><video height=\"576\" style=\"aspect-ratio: 1024 \/ 576;\" width=\"1024\" controls src=\"https:\/\/alles-ueber-riffe.de\/wp-content\/uploads\/2025\/02\/Arabischer-Preussenfisch.mp4\"><\/video><figcaption class=\"wp-element-caption\">\u00a9 Heinz Krimmer<\/figcaption><\/figure>\n\n\n\n<hr class=\"wp-block-separator has-alpha-channel-opacity is-style-default\"\/>\n\n\n\n<p><strong>Gr\u00f6\u00dfe: <\/strong> bis 6 cm<\/p>\n\n\n\n<p><strong>Lebensraum:<\/strong> Korallenriffe<\/p>\n\n\n\n<p><strong>Vorkommen:  <\/strong>Rotes Meer und Oman<\/p>\n\n\n\n<p><strong>Erkennungsmerkmale:<\/strong> Grundfarbe wei\u00df bis hellgrau; schwarze Flossenr\u00e4nder<\/p>\n\n\n\n<p><strong>Biologie &amp; Verhalten: <\/strong> Der Arabische Preu\u00dfenfisch lebt in kleinen Gruppen zwischen den \u00c4sten von Acropora- und Stylophora-Korallen. Sie sind monogam und fressen Zooplankton.Die Eier werden am Substrat am Boden festgeklebt. Das M\u00e4nnchen betreibt Brutpflege und bewacht und bel\u00fcftet die Eier.<\/p>\n\n\n\n<p><strong>Bedrohungsstatus:<\/strong> Die Art wird auf der Roten Liste der IUCN als <mark style=\"background-color:rgba(0, 0, 0, 0)\" class=\"has-inline-color has-vivid-green-cyan-color\">\u201enicht gef\u00e4hrdet\u201c<\/mark> gef\u00fchrt.<\/p>\n\n\n\n<hr class=\"wp-block-separator has-alpha-channel-opacity is-style-default\"\/>\n\n\n\n<p><\/p>\n","protected":false},"excerpt":{"rendered":"<p>Arabischer Preu\u00dfenfisch Marginate dascyllus Dascyllus marginatus Gr\u00f6\u00dfe: bis 6 cm Lebensraum: Korallenriffe Vorkommen: Rotes Meer und Oman Erkennungsmerkmale: Grundfarbe wei\u00df bis hellgrau; schwarze Flossenr\u00e4nder Biologie &amp; Verhalten: Der Arabische Preu\u00dfenfisch lebt in kleinen Gruppen zwischen den \u00c4sten von Acropora- und Stylophora-Korallen. Sie sind monogam und fressen Zooplankton.Die Eier werden am Substrat am Boden festgeklebt. Das &hellip; <\/p>\n<p class=\"link-more\"><a href=\"https:\/\/alles-ueber-riffe.de\/?page_id=5569\" class=\"more-link\"><span class=\"screen-reader-text\">\u201eArabischer Preu\u00dfenfisch\u201c<\/span> weiterlesen<\/a><\/p>\n","protected":false},"author":1,"featured_media":0,"parent":0,"menu_order":0,"comment_status":"closed","ping_status":"closed","template":"","meta":{"footnotes":""},"class_list":["post-5569","page","type-page","status-publish","hentry"],"_links":{"self":[{"href":"https:\/\/alles-ueber-riffe.de\/index.php?rest_route=\/wp\/v2\/pages\/5569","targetHints":{"allow":["GET"]}}],"collection":[{"href":"https:\/\/alles-ueber-riffe.de\/index.php?rest_route=\/wp\/v2\/pages"}],"about":[{"href":"https:\/\/alles-ueber-riffe.de\/index.php?rest_route=\/wp\/v2\/types\/page"}],"author":[{"embeddable":true,"href":"https:\/\/alles-ueber-riffe.de\/index.php?rest_route=\/wp\/v2\/users\/1"}],"replies":[{"embeddable":true,"href":"https:\/\/alles-ueber-riffe.de\/index.php?rest_route=%2Fwp%2Fv2%2Fcomments&post=5569"}],"version-history":[{"count":3,"href":"https:\/\/alles-ueber-riffe.de\/index.php?rest_route=\/wp\/v2\/pages\/5569\/revisions"}],"predecessor-version":[{"id":8866,"href":"https:\/\/alles-ueber-riffe.de\/index.php?rest_route=\/wp\/v2\/pages\/5569\/revisions\/8866"}],"wp:attachment":[{"href":"https:\/\/alles-ueber-riffe.de\/index.php?rest_route=%2Fwp%2Fv2%2Fmedia&parent=5569"}],"curies":[{"name":"wp","href":"https:\/\/api.w.org\/{rel}","templated":true}]}}