{"id":5566,"date":"2025-01-08T22:02:46","date_gmt":"2025-01-08T22:02:46","guid":{"rendered":"https:\/\/alles-ueber-riffe.de\/?page_id=5566"},"modified":"2025-02-04T22:49:43","modified_gmt":"2025-02-04T22:49:43","slug":"pfauen-seezunge","status":"publish","type":"page","link":"https:\/\/alles-ueber-riffe.de\/?page_id=5566","title":{"rendered":"Pfauen-Seezunge"},"content":{"rendered":"\n<div class=\"wp-block-group is-vertical is-layout-flex wp-container-core-group-is-layout-8cf370e7 wp-block-group-is-layout-flex\">\n<p><strong>Pfauen-Seezunge<\/strong><\/p>\n\n\n\n<p>Peacock sole<\/p>\n\n\n\n<p><em>Pardachirus pavoninus<\/em><\/p>\n<\/div>\n\n\n\n<div style=\"height:30px\" aria-hidden=\"true\" class=\"wp-block-spacer\"><\/div>\n\n\n\n<figure class=\"wp-block-image size-full\"><img loading=\"lazy\" decoding=\"async\" width=\"1024\" height=\"768\" src=\"https:\/\/alles-ueber-riffe.de\/wp-content\/uploads\/2025\/02\/Pfauen-Seezunge_1024x768.jpg\" alt=\"\" class=\"wp-image-8856\" srcset=\"https:\/\/alles-ueber-riffe.de\/wp-content\/uploads\/2025\/02\/Pfauen-Seezunge_1024x768.jpg 1024w, https:\/\/alles-ueber-riffe.de\/wp-content\/uploads\/2025\/02\/Pfauen-Seezunge_1024x768-300x225.jpg 300w, https:\/\/alles-ueber-riffe.de\/wp-content\/uploads\/2025\/02\/Pfauen-Seezunge_1024x768-768x576.jpg 768w\" sizes=\"auto, (max-width: 767px) 89vw, (max-width: 1000px) 54vw, (max-width: 1071px) 543px, 580px\" \/><figcaption class=\"wp-element-caption\">\u00a9 Joris Rombouts<\/figcaption><\/figure>\n\n\n\n<hr class=\"wp-block-separator has-alpha-channel-opacity is-style-default\"\/>\n\n\n\n<p><strong>Gr\u00f6\u00dfe: <\/strong> bis 25 cm<\/p>\n\n\n\n<p><strong>Lebensraum:<\/strong> Sand- und Schlammb\u00f6den u.a. in Riffn\u00e4he<\/p>\n\n\n\n<p><strong>Vorkommen:  <\/strong>von Sri Lanka \u00fcber ganz S\u00fcdostasien, S\u00fcdjapan, Nordaustralien, Papua Neuguinea, Ozeanien bis Tonga<\/p>\n\n\n\n<p><strong>Erkennungsmerkmale:<\/strong> Grundfarbe sandfarben; wei\u00dfe, runde Punkte, in denen sich wiederum ein kleiner, schwarzer Punkt befindet<\/p>\n\n\n\n<p><strong>Biologie &amp; Verhalten: <\/strong>Auch die Pfauen-Seezunge verteidigt sich durch Tarnung und ein in der Haut eingelagertes Gift, das selbst gegen Haie wirkt. Jagt Wirbellose.<\/p>\n\n\n\n<p><strong>Bedrohungsstatus:<\/strong> Die Art wird auf der Roten Liste der IUCN als <mark style=\"background-color:rgba(0, 0, 0, 0)\" class=\"has-inline-color has-vivid-green-cyan-color\">\u201enicht gef\u00e4hrdet\u201c<\/mark> gef\u00fchrt.<\/p>\n\n\n\n<p><mark style=\"background-color:rgba(0, 0, 0, 0)\" class=\"has-inline-color has-vivid-red-color\"><strong>Gefahr:<\/strong> Das Gift der Pfauen-Seezunge wirkt auch bei Menschen.<\/mark><\/p>\n\n\n\n<hr class=\"wp-block-separator has-alpha-channel-opacity is-style-default\"\/>\n\n\n\n<p><\/p>\n","protected":false},"excerpt":{"rendered":"<p>Pfauen-Seezunge Peacock sole Pardachirus pavoninus Gr\u00f6\u00dfe: bis 25 cm Lebensraum: Sand- und Schlammb\u00f6den u.a. in Riffn\u00e4he Vorkommen: von Sri Lanka \u00fcber ganz S\u00fcdostasien, S\u00fcdjapan, Nordaustralien, Papua Neuguinea, Ozeanien bis Tonga Erkennungsmerkmale: Grundfarbe sandfarben; wei\u00dfe, runde Punkte, in denen sich wiederum ein kleiner, schwarzer Punkt befindet Biologie &amp; Verhalten: Auch die Pfauen-Seezunge verteidigt sich durch Tarnung &hellip; <\/p>\n<p class=\"link-more\"><a href=\"https:\/\/alles-ueber-riffe.de\/?page_id=5566\" class=\"more-link\"><span class=\"screen-reader-text\">\u201ePfauen-Seezunge\u201c<\/span> weiterlesen<\/a><\/p>\n","protected":false},"author":1,"featured_media":0,"parent":0,"menu_order":0,"comment_status":"closed","ping_status":"closed","template":"","meta":{"footnotes":""},"class_list":["post-5566","page","type-page","status-publish","hentry"],"_links":{"self":[{"href":"https:\/\/alles-ueber-riffe.de\/index.php?rest_route=\/wp\/v2\/pages\/5566","targetHints":{"allow":["GET"]}}],"collection":[{"href":"https:\/\/alles-ueber-riffe.de\/index.php?rest_route=\/wp\/v2\/pages"}],"about":[{"href":"https:\/\/alles-ueber-riffe.de\/index.php?rest_route=\/wp\/v2\/types\/page"}],"author":[{"embeddable":true,"href":"https:\/\/alles-ueber-riffe.de\/index.php?rest_route=\/wp\/v2\/users\/1"}],"replies":[{"embeddable":true,"href":"https:\/\/alles-ueber-riffe.de\/index.php?rest_route=%2Fwp%2Fv2%2Fcomments&post=5566"}],"version-history":[{"count":4,"href":"https:\/\/alles-ueber-riffe.de\/index.php?rest_route=\/wp\/v2\/pages\/5566\/revisions"}],"predecessor-version":[{"id":8858,"href":"https:\/\/alles-ueber-riffe.de\/index.php?rest_route=\/wp\/v2\/pages\/5566\/revisions\/8858"}],"wp:attachment":[{"href":"https:\/\/alles-ueber-riffe.de\/index.php?rest_route=%2Fwp%2Fv2%2Fmedia&parent=5566"}],"curies":[{"name":"wp","href":"https:\/\/api.w.org\/{rel}","templated":true}]}}