{"id":5562,"date":"2025-01-08T22:02:25","date_gmt":"2025-01-08T22:02:25","guid":{"rendered":"https:\/\/alles-ueber-riffe.de\/?page_id=5562"},"modified":"2025-02-04T22:38:23","modified_gmt":"2025-02-04T22:38:23","slug":"kai-seezunge","status":"publish","type":"page","link":"https:\/\/alles-ueber-riffe.de\/?page_id=5562","title":{"rendered":"Kai Seezunge"},"content":{"rendered":"\n<div class=\"wp-block-group is-vertical is-layout-flex wp-container-core-group-is-layout-8cf370e7 wp-block-group-is-layout-flex\">\n<p><strong>Kai Seezunge<\/strong><\/p>\n\n\n\n<p>Kai sole<\/p>\n\n\n\n<p><em>Aseraggodes kaianus<\/em><\/p>\n<\/div>\n\n\n\n<div style=\"height:30px\" aria-hidden=\"true\" class=\"wp-block-spacer\"><\/div>\n\n\n\n<figure class=\"wp-block-image size-full\"><img loading=\"lazy\" decoding=\"async\" width=\"1024\" height=\"768\" src=\"https:\/\/alles-ueber-riffe.de\/wp-content\/uploads\/2025\/02\/Kai-Seezunge_1024x768.jpg\" alt=\"\" class=\"wp-image-8839\" srcset=\"https:\/\/alles-ueber-riffe.de\/wp-content\/uploads\/2025\/02\/Kai-Seezunge_1024x768.jpg 1024w, https:\/\/alles-ueber-riffe.de\/wp-content\/uploads\/2025\/02\/Kai-Seezunge_1024x768-300x225.jpg 300w, https:\/\/alles-ueber-riffe.de\/wp-content\/uploads\/2025\/02\/Kai-Seezunge_1024x768-768x576.jpg 768w\" sizes=\"auto, (max-width: 767px) 89vw, (max-width: 1000px) 54vw, (max-width: 1071px) 543px, 580px\" \/><figcaption class=\"wp-element-caption\">\u00a9 Joris Rombouts<\/figcaption><\/figure>\n\n\n\n<hr class=\"wp-block-separator has-alpha-channel-opacity is-style-default\"\/>\n\n\n\n<p><strong>Gr\u00f6\u00dfe: <\/strong> bis 14 cm<\/p>\n\n\n\n<p><strong>Lebensraum:<\/strong> Korallenriffe, Sand- und Schlammb\u00f6den<\/p>\n\n\n\n<p><strong>Vorkommen:  <\/strong>S\u00fcdjapan, China, Taiwan, Philippinen, Indonesien, Kai-Inseln<\/p>\n\n\n\n<p><strong>Erkennungsmerkmale:<\/strong> Grundfarbe sandfarben; Muster aus zahlreichen wei\u00dfen Flecken, marmoriert<\/p>\n\n\n\n<p><strong>Biologie &amp; Verhalten: <\/strong>Seinen Namen hat diese Seezunge von den Kai-Inseln, die sich s\u00fcdlich der Molukken befinden. Die Kais Seezunge tritt auch manchmal in kleinen Gruppen auf.<\/p>\n\n\n\n<p><strong>Bedrohungsstatus:<\/strong> Die Art wird auf der Roten Liste der IUCN als <mark style=\"background-color:rgba(0, 0, 0, 0)\" class=\"has-inline-color has-vivid-green-cyan-color\">\u201enicht gef\u00e4hrdet\u201c<\/mark> gef\u00fchrt.<\/p>\n\n\n\n<hr class=\"wp-block-separator has-alpha-channel-opacity is-style-default\"\/>\n\n\n\n<p><\/p>\n","protected":false},"excerpt":{"rendered":"<p>Kai Seezunge Kai sole Aseraggodes kaianus Gr\u00f6\u00dfe: bis 14 cm Lebensraum: Korallenriffe, Sand- und Schlammb\u00f6den Vorkommen: S\u00fcdjapan, China, Taiwan, Philippinen, Indonesien, Kai-Inseln Erkennungsmerkmale: Grundfarbe sandfarben; Muster aus zahlreichen wei\u00dfen Flecken, marmoriert Biologie &amp; Verhalten: Seinen Namen hat diese Seezunge von den Kai-Inseln, die sich s\u00fcdlich der Molukken befinden. Die Kais Seezunge tritt auch manchmal in &hellip; <\/p>\n<p class=\"link-more\"><a href=\"https:\/\/alles-ueber-riffe.de\/?page_id=5562\" class=\"more-link\"><span class=\"screen-reader-text\">\u201eKai Seezunge\u201c<\/span> weiterlesen<\/a><\/p>\n","protected":false},"author":1,"featured_media":0,"parent":0,"menu_order":0,"comment_status":"closed","ping_status":"closed","template":"","meta":{"footnotes":""},"class_list":["post-5562","page","type-page","status-publish","hentry"],"_links":{"self":[{"href":"https:\/\/alles-ueber-riffe.de\/index.php?rest_route=\/wp\/v2\/pages\/5562","targetHints":{"allow":["GET"]}}],"collection":[{"href":"https:\/\/alles-ueber-riffe.de\/index.php?rest_route=\/wp\/v2\/pages"}],"about":[{"href":"https:\/\/alles-ueber-riffe.de\/index.php?rest_route=\/wp\/v2\/types\/page"}],"author":[{"embeddable":true,"href":"https:\/\/alles-ueber-riffe.de\/index.php?rest_route=\/wp\/v2\/users\/1"}],"replies":[{"embeddable":true,"href":"https:\/\/alles-ueber-riffe.de\/index.php?rest_route=%2Fwp%2Fv2%2Fcomments&post=5562"}],"version-history":[{"count":5,"href":"https:\/\/alles-ueber-riffe.de\/index.php?rest_route=\/wp\/v2\/pages\/5562\/revisions"}],"predecessor-version":[{"id":8842,"href":"https:\/\/alles-ueber-riffe.de\/index.php?rest_route=\/wp\/v2\/pages\/5562\/revisions\/8842"}],"wp:attachment":[{"href":"https:\/\/alles-ueber-riffe.de\/index.php?rest_route=%2Fwp%2Fv2%2Fmedia&parent=5562"}],"curies":[{"name":"wp","href":"https:\/\/api.w.org\/{rel}","templated":true}]}}