{"id":5560,"date":"2025-01-08T22:02:14","date_gmt":"2025-01-08T22:02:14","guid":{"rendered":"https:\/\/alles-ueber-riffe.de\/?page_id=5560"},"modified":"2025-02-04T22:35:22","modified_gmt":"2025-02-04T22:35:22","slug":"breitrand-seezunge","status":"publish","type":"page","link":"https:\/\/alles-ueber-riffe.de\/?page_id=5560","title":{"rendered":"Breitrand-Seezunge"},"content":{"rendered":"\n<div class=\"wp-block-group is-vertical is-layout-flex wp-container-core-group-is-layout-8cf370e7 wp-block-group-is-layout-flex\">\n<p><strong>Breitrand-Seezunge<\/strong><\/p>\n\n\n\n<p>White-margined sole<\/p>\n\n\n\n<p><em>Synaptura marginata<\/em><\/p>\n<\/div>\n\n\n\n<div style=\"height:30px\" aria-hidden=\"true\" class=\"wp-block-spacer\"><\/div>\n\n\n\n<figure class=\"wp-block-image size-full\"><img loading=\"lazy\" decoding=\"async\" width=\"1024\" height=\"768\" src=\"https:\/\/alles-ueber-riffe.de\/wp-content\/uploads\/2025\/02\/Breitrand-Seezunge_1024x768.jpg\" alt=\"\" class=\"wp-image-8834\" srcset=\"https:\/\/alles-ueber-riffe.de\/wp-content\/uploads\/2025\/02\/Breitrand-Seezunge_1024x768.jpg 1024w, https:\/\/alles-ueber-riffe.de\/wp-content\/uploads\/2025\/02\/Breitrand-Seezunge_1024x768-300x225.jpg 300w, https:\/\/alles-ueber-riffe.de\/wp-content\/uploads\/2025\/02\/Breitrand-Seezunge_1024x768-768x576.jpg 768w\" sizes=\"auto, (max-width: 767px) 89vw, (max-width: 1000px) 54vw, (max-width: 1071px) 543px, 580px\" \/><figcaption class=\"wp-element-caption\">\u00a9 Joris Rombouts<\/figcaption><\/figure>\n\n\n\n<hr class=\"wp-block-separator has-alpha-channel-opacity is-style-default\"\/>\n\n\n\n<p><strong>Gr\u00f6\u00dfe: <\/strong> bis 50 cm<\/p>\n\n\n\n<p><strong>Lebensraum:<\/strong> Sand- und Schlammb\u00f6den u.a. in Riffn\u00e4he<\/p>\n\n\n\n<p><strong>Vorkommen:  <\/strong>Mosambik, S\u00fcdafrika, Philippinen, S\u00fcdjapan<\/p>\n\n\n\n<p><strong>Erkennungsmerkmale:<\/strong> Grundfarbe sandfarben; breiter Flossenrand<\/p>\n\n\n\n<p><strong>Biologie &amp; Verhalten: <\/strong>Das Verbreitungsgebiet dieses Fisches scheint nicht ganz gekl\u00e4rt zu sein, denn die geografische L\u00fccke zwischen Mosambik und den Philippinen ist einfach zu gro\u00df.<\/p>\n\n\n\n<p>Wie alle Plattfische frisst auch die Breitrand-Seezunge im Sand lebende Wirbellose.<\/p>\n\n\n\n<p><strong>Bedrohungsstatus:<\/strong> Es liegen zu wenig Daten vor, um einen Status auf der Roten Liste der IUCN zu bestimmen.<\/p>\n\n\n\n<hr class=\"wp-block-separator has-alpha-channel-opacity is-style-default\"\/>\n\n\n\n<p><\/p>\n","protected":false},"excerpt":{"rendered":"<p>Breitrand-Seezunge White-margined sole Synaptura marginata Gr\u00f6\u00dfe: bis 50 cm Lebensraum: Sand- und Schlammb\u00f6den u.a. in Riffn\u00e4he Vorkommen: Mosambik, S\u00fcdafrika, Philippinen, S\u00fcdjapan Erkennungsmerkmale: Grundfarbe sandfarben; breiter Flossenrand Biologie &amp; Verhalten: Das Verbreitungsgebiet dieses Fisches scheint nicht ganz gekl\u00e4rt zu sein, denn die geografische L\u00fccke zwischen Mosambik und den Philippinen ist einfach zu gro\u00df. Wie alle Plattfische &hellip; <\/p>\n<p class=\"link-more\"><a href=\"https:\/\/alles-ueber-riffe.de\/?page_id=5560\" class=\"more-link\"><span class=\"screen-reader-text\">\u201eBreitrand-Seezunge\u201c<\/span> weiterlesen<\/a><\/p>\n","protected":false},"author":1,"featured_media":0,"parent":0,"menu_order":0,"comment_status":"closed","ping_status":"closed","template":"","meta":{"footnotes":""},"class_list":["post-5560","page","type-page","status-publish","hentry"],"_links":{"self":[{"href":"https:\/\/alles-ueber-riffe.de\/index.php?rest_route=\/wp\/v2\/pages\/5560","targetHints":{"allow":["GET"]}}],"collection":[{"href":"https:\/\/alles-ueber-riffe.de\/index.php?rest_route=\/wp\/v2\/pages"}],"about":[{"href":"https:\/\/alles-ueber-riffe.de\/index.php?rest_route=\/wp\/v2\/types\/page"}],"author":[{"embeddable":true,"href":"https:\/\/alles-ueber-riffe.de\/index.php?rest_route=\/wp\/v2\/users\/1"}],"replies":[{"embeddable":true,"href":"https:\/\/alles-ueber-riffe.de\/index.php?rest_route=%2Fwp%2Fv2%2Fcomments&post=5560"}],"version-history":[{"count":5,"href":"https:\/\/alles-ueber-riffe.de\/index.php?rest_route=\/wp\/v2\/pages\/5560\/revisions"}],"predecessor-version":[{"id":8837,"href":"https:\/\/alles-ueber-riffe.de\/index.php?rest_route=\/wp\/v2\/pages\/5560\/revisions\/8837"}],"wp:attachment":[{"href":"https:\/\/alles-ueber-riffe.de\/index.php?rest_route=%2Fwp%2Fv2%2Fmedia&parent=5560"}],"curies":[{"name":"wp","href":"https:\/\/api.w.org\/{rel}","templated":true}]}}