{"id":5549,"date":"2025-01-08T22:00:57","date_gmt":"2025-01-08T22:00:57","guid":{"rendered":"https:\/\/alles-ueber-riffe.de\/?page_id=5549"},"modified":"2025-02-04T22:44:52","modified_gmt":"2025-02-04T22:44:52","slug":"moses-seezunge","status":"publish","type":"page","link":"https:\/\/alles-ueber-riffe.de\/?page_id=5549","title":{"rendered":"Moses-Seezunge"},"content":{"rendered":"\n<div class=\"wp-block-group is-vertical is-layout-flex wp-container-core-group-is-layout-8cf370e7 wp-block-group-is-layout-flex\">\n<p><strong>Moses-Seezunge<\/strong><\/p>\n\n\n\n<p>Finless sole<\/p>\n\n\n\n<p><em>Pardachirus marmoratus<\/em><\/p>\n<\/div>\n\n\n\n<div style=\"height:30px\" aria-hidden=\"true\" class=\"wp-block-spacer\"><\/div>\n\n\n\n<figure class=\"wp-block-image size-full\"><img loading=\"lazy\" decoding=\"async\" width=\"1024\" height=\"678\" src=\"https:\/\/alles-ueber-riffe.de\/wp-content\/uploads\/2025\/02\/Moses-Seezunge_1024x768.jpg\" alt=\"\" class=\"wp-image-8851\" srcset=\"https:\/\/alles-ueber-riffe.de\/wp-content\/uploads\/2025\/02\/Moses-Seezunge_1024x768.jpg 1024w, https:\/\/alles-ueber-riffe.de\/wp-content\/uploads\/2025\/02\/Moses-Seezunge_1024x768-300x199.jpg 300w, https:\/\/alles-ueber-riffe.de\/wp-content\/uploads\/2025\/02\/Moses-Seezunge_1024x768-768x509.jpg 768w\" sizes=\"auto, (max-width: 767px) 89vw, (max-width: 1000px) 54vw, (max-width: 1071px) 543px, 580px\" \/><figcaption class=\"wp-element-caption\">\u00a9 Heinz Krimmer<\/figcaption><\/figure>\n\n\n\n<hr class=\"wp-block-separator has-alpha-channel-opacity is-style-default\"\/>\n\n\n\n<p><strong>Gr\u00f6\u00dfe: <\/strong> bis 26 cm<\/p>\n\n\n\n<p><strong>Lebensraum:<\/strong> Sandb\u00f6den u.a. in Riffn\u00e4he<\/p>\n\n\n\n<p><strong>Vorkommen:  <\/strong>von Ostafrika, Rotes Meer, Malediven, Sri Lanka<\/p>\n\n\n\n<p><strong>Erkennungsmerkmale:<\/strong> Grundfarbe sandfarben; runde wei\u00dfe oder dunkelbraune Flecken; zahlreiche kleine, schwarze Punkte<\/p>\n\n\n\n<p><strong>Biologie &amp; Verhalten: <\/strong>Auf zwei Arten versucht sich die Moses-Seezunge vor R\u00e4ubern zu sch\u00fctzen: Durch perfekte Tarnung und ein Blut- und Nervengift, das sich in ca. 200 Dr\u00fcsen entlang der R\u00fccken- und Afterflosse befindet. Das Gift schreckt sogar gro\u00dfe J\u00e4ger wie Haie ab.<\/p>\n\n\n\n<p>Die Moses-Seezunge ern\u00e4hrt sich von kleinen, im Sand lebenden Wirbellosen.<\/p>\n\n\n\n<p><strong>Bedrohungsstatus:<\/strong> Die Art wird auf der Roten Liste der IUCN als <mark style=\"background-color:rgba(0, 0, 0, 0)\" class=\"has-inline-color has-vivid-green-cyan-color\">\u201enicht gef\u00e4hrdet\u201c<\/mark> gef\u00fchrt.<\/p>\n\n\n\n<hr class=\"wp-block-separator has-alpha-channel-opacity is-style-default\"\/>\n\n\n\n<p><\/p>\n","protected":false},"excerpt":{"rendered":"<p>Moses-Seezunge Finless sole Pardachirus marmoratus Gr\u00f6\u00dfe: bis 26 cm Lebensraum: Sandb\u00f6den u.a. in Riffn\u00e4he Vorkommen: von Ostafrika, Rotes Meer, Malediven, Sri Lanka Erkennungsmerkmale: Grundfarbe sandfarben; runde wei\u00dfe oder dunkelbraune Flecken; zahlreiche kleine, schwarze Punkte Biologie &amp; Verhalten: Auf zwei Arten versucht sich die Moses-Seezunge vor R\u00e4ubern zu sch\u00fctzen: Durch perfekte Tarnung und ein Blut- und &hellip; <\/p>\n<p class=\"link-more\"><a href=\"https:\/\/alles-ueber-riffe.de\/?page_id=5549\" class=\"more-link\"><span class=\"screen-reader-text\">\u201eMoses-Seezunge\u201c<\/span> weiterlesen<\/a><\/p>\n","protected":false},"author":1,"featured_media":0,"parent":0,"menu_order":0,"comment_status":"closed","ping_status":"closed","template":"","meta":{"footnotes":""},"class_list":["post-5549","page","type-page","status-publish","hentry"],"_links":{"self":[{"href":"https:\/\/alles-ueber-riffe.de\/index.php?rest_route=\/wp\/v2\/pages\/5549","targetHints":{"allow":["GET"]}}],"collection":[{"href":"https:\/\/alles-ueber-riffe.de\/index.php?rest_route=\/wp\/v2\/pages"}],"about":[{"href":"https:\/\/alles-ueber-riffe.de\/index.php?rest_route=\/wp\/v2\/types\/page"}],"author":[{"embeddable":true,"href":"https:\/\/alles-ueber-riffe.de\/index.php?rest_route=\/wp\/v2\/users\/1"}],"replies":[{"embeddable":true,"href":"https:\/\/alles-ueber-riffe.de\/index.php?rest_route=%2Fwp%2Fv2%2Fcomments&post=5549"}],"version-history":[{"count":5,"href":"https:\/\/alles-ueber-riffe.de\/index.php?rest_route=\/wp\/v2\/pages\/5549\/revisions"}],"predecessor-version":[{"id":8854,"href":"https:\/\/alles-ueber-riffe.de\/index.php?rest_route=\/wp\/v2\/pages\/5549\/revisions\/8854"}],"wp:attachment":[{"href":"https:\/\/alles-ueber-riffe.de\/index.php?rest_route=%2Fwp%2Fv2%2Fmedia&parent=5549"}],"curies":[{"name":"wp","href":"https:\/\/api.w.org\/{rel}","templated":true}]}}