{"id":5547,"date":"2025-01-08T22:00:40","date_gmt":"2025-01-08T22:00:40","guid":{"rendered":"https:\/\/alles-ueber-riffe.de\/?page_id=5547"},"modified":"2025-02-02T23:07:46","modified_gmt":"2025-02-02T23:07:46","slug":"seitenfleckpapageifisch","status":"publish","type":"page","link":"https:\/\/alles-ueber-riffe.de\/?page_id=5547","title":{"rendered":"Seitenfleckpapageifisch"},"content":{"rendered":"\n<div class=\"wp-block-group is-vertical is-layout-flex wp-container-core-group-is-layout-8cf370e7 wp-block-group-is-layout-flex\">\n<p><strong>Seitenfleck-Papageifisch<\/strong><\/p>\n\n\n\n<p>Purple-brown parrotfish<\/p>\n\n\n\n<p><em>Scarus fuscopurpureus<\/em><\/p>\n<\/div>\n\n\n\n<div style=\"height:30px\" aria-hidden=\"true\" class=\"wp-block-spacer\"><\/div>\n\n\n\n<figure class=\"wp-block-video\"><video height=\"576\" style=\"aspect-ratio: 1024 \/ 576;\" width=\"1024\" controls src=\"https:\/\/alles-ueber-riffe.de\/wp-content\/uploads\/2025\/02\/Seitenfleckpapageifisch.mp4\"><\/video><figcaption class=\"wp-element-caption\">\u00a9 Heinz Krimmer<\/figcaption><\/figure>\n\n\n\n<hr class=\"wp-block-separator has-alpha-channel-opacity is-style-default\"\/>\n\n\n\n<p><strong>Gr\u00f6\u00dfe: <\/strong> bis 38 cm<\/p>\n\n\n\n<p><strong>Lebensraum:<\/strong> Korallenriffe<\/p>\n\n\n\n<p><strong>Vorkommen:  <\/strong>Ostafrika und Rotes Meer<\/p>\n\n\n\n<p><strong>Erkennungsmerkmale:<\/strong> mehr oder weniger ausgepr\u00e4gter, heller, gro\u00dfer Fleck auf der Seite<\/p>\n\n\n\n<p><strong>Biologie &amp; Verhalten: <\/strong>Die Tiere sind paarweise oder in kleinen Gruppen unterwegs.<\/p>\n\n\n\n<p><strong>Bedrohungsstatus:<\/strong> Die Art wird auf der Roten Liste der IUCN als <mark style=\"background-color:rgba(0, 0, 0, 0)\" class=\"has-inline-color has-vivid-green-cyan-color\">\u201enicht gef\u00e4hrdet\u201c<\/mark> gef\u00fchrt.<\/p>\n\n\n\n<hr class=\"wp-block-separator has-alpha-channel-opacity is-style-default\"\/>\n\n\n\n<p><\/p>\n","protected":false},"excerpt":{"rendered":"<p>Seitenfleck-Papageifisch Purple-brown parrotfish Scarus fuscopurpureus Gr\u00f6\u00dfe: bis 38 cm Lebensraum: Korallenriffe Vorkommen: Ostafrika und Rotes Meer Erkennungsmerkmale: mehr oder weniger ausgepr\u00e4gter, heller, gro\u00dfer Fleck auf der Seite Biologie &amp; Verhalten: Die Tiere sind paarweise oder in kleinen Gruppen unterwegs. Bedrohungsstatus: Die Art wird auf der Roten Liste der IUCN als \u201enicht gef\u00e4hrdet\u201c gef\u00fchrt.<\/p>\n","protected":false},"author":1,"featured_media":0,"parent":0,"menu_order":0,"comment_status":"closed","ping_status":"closed","template":"","meta":{"footnotes":""},"class_list":["post-5547","page","type-page","status-publish","hentry"],"_links":{"self":[{"href":"https:\/\/alles-ueber-riffe.de\/index.php?rest_route=\/wp\/v2\/pages\/5547","targetHints":{"allow":["GET"]}}],"collection":[{"href":"https:\/\/alles-ueber-riffe.de\/index.php?rest_route=\/wp\/v2\/pages"}],"about":[{"href":"https:\/\/alles-ueber-riffe.de\/index.php?rest_route=\/wp\/v2\/types\/page"}],"author":[{"embeddable":true,"href":"https:\/\/alles-ueber-riffe.de\/index.php?rest_route=\/wp\/v2\/users\/1"}],"replies":[{"embeddable":true,"href":"https:\/\/alles-ueber-riffe.de\/index.php?rest_route=%2Fwp%2Fv2%2Fcomments&post=5547"}],"version-history":[{"count":6,"href":"https:\/\/alles-ueber-riffe.de\/index.php?rest_route=\/wp\/v2\/pages\/5547\/revisions"}],"predecessor-version":[{"id":8764,"href":"https:\/\/alles-ueber-riffe.de\/index.php?rest_route=\/wp\/v2\/pages\/5547\/revisions\/8764"}],"wp:attachment":[{"href":"https:\/\/alles-ueber-riffe.de\/index.php?rest_route=%2Fwp%2Fv2%2Fmedia&parent=5547"}],"curies":[{"name":"wp","href":"https:\/\/api.w.org\/{rel}","templated":true}]}}