{"id":5543,"date":"2025-01-08T22:00:19","date_gmt":"2025-01-08T22:00:19","guid":{"rendered":"https:\/\/alles-ueber-riffe.de\/?page_id=5543"},"modified":"2025-02-06T17:00:00","modified_gmt":"2025-02-06T17:00:00","slug":"rotmeer-buckelkopf-papageifisch","status":"publish","type":"page","link":"https:\/\/alles-ueber-riffe.de\/?page_id=5543","title":{"rendered":"Rotmeer-Buckelkopf-Papageifisch"},"content":{"rendered":"\n<div class=\"wp-block-group is-vertical is-layout-flex wp-container-core-group-is-layout-8cf370e7 wp-block-group-is-layout-flex\">\n<p><strong>Rotmeer-Buckelkopf-Papageifisch<\/strong><\/p>\n\n\n\n<p>Heavybeak parrotfish<\/p>\n\n\n\n<p><em>Chlorurus gibbus<\/em><\/p>\n<\/div>\n\n\n\n<div style=\"height:30px\" aria-hidden=\"true\" class=\"wp-block-spacer\"><\/div>\n\n\n\n<figure class=\"wp-block-video\"><video height=\"576\" style=\"aspect-ratio: 1024 \/ 576;\" width=\"1024\" controls src=\"https:\/\/alles-ueber-riffe.de\/wp-content\/uploads\/2025\/02\/Rotmeer-Buckelkopf-Papageifisch-Kopie.mp4\"><\/video><figcaption class=\"wp-element-caption\"><em>\u00a9 Heinz Krimmer<\/em><\/figcaption><\/figure>\n\n\n\n<hr class=\"wp-block-separator has-alpha-channel-opacity is-style-default\"\/>\n\n\n\n<p><strong>Gr\u00f6\u00dfe: <\/strong> bis 70 cm<\/p>\n\n\n\n<p><strong>Lebensraum:<\/strong> Korallenriffe<\/p>\n\n\n\n<p><strong>Vorkommen:  <\/strong>Endemisch im Roten Meer<\/p>\n\n\n\n<p><strong>Erkennungsmerkmale:<\/strong> juvenile Tiere dunkelbraun mit gelbem Kopf; M\u00e4nnchen blau mit ausgepr\u00e4gtem Stirnh\u00f6cker; Weibchen gr\u00fcnlich<\/p>\n\n\n\n<p><strong>Biologie &amp; Verhalten: <\/strong>Das M\u00e4nnchen des Rotmeer-Buckelkopfes ist sehr leicht mit dem M\u00e4nnchen des Indischen Buckelkopfes (Chlorurus strongylocephalus)&nbsp;zu verwechseln. Dieser kommt allerdings im Roten Meer nicht vor, sondern von Oman bis Westindonesien.<\/p>\n\n\n\n<p>Das gleiche gilt f\u00fcr den Pazifik-Buckelkopf-Papageifisch (Chlorurus microrhinos), der noch weiter \u00f6stlich beheimatet ist.<\/p>\n\n\n\n<p><strong>Bedrohungsstatus:<\/strong> Die Art wird auf der Roten Liste der IUCN als <mark style=\"background-color:rgba(0, 0, 0, 0)\" class=\"has-inline-color has-vivid-green-cyan-color\">\u201enicht gef\u00e4hrdet\u201c<\/mark> gef\u00fchrt.<\/p>\n\n\n\n<p><mark style=\"background-color:rgba(0, 0, 0, 0)\" class=\"has-inline-color has-vivid-red-color\"><strong>Gefahr:<\/strong> Beim Verzehr kann es zu einer ciguatoxischen Vergiftung kommen. Trotzdem wird er immer wieder in den Restaurants angeboten.<\/mark><\/p>\n\n\n\n<hr class=\"wp-block-separator has-alpha-channel-opacity is-style-default\"\/>\n\n\n\n<p><\/p>\n","protected":false},"excerpt":{"rendered":"<p>Rotmeer-Buckelkopf-Papageifisch Heavybeak parrotfish Chlorurus gibbus Gr\u00f6\u00dfe: bis 70 cm Lebensraum: Korallenriffe Vorkommen: Endemisch im Roten Meer Erkennungsmerkmale: juvenile Tiere dunkelbraun mit gelbem Kopf; M\u00e4nnchen blau mit ausgepr\u00e4gtem Stirnh\u00f6cker; Weibchen gr\u00fcnlich Biologie &amp; Verhalten: Das M\u00e4nnchen des Rotmeer-Buckelkopfes ist sehr leicht mit dem M\u00e4nnchen des Indischen Buckelkopfes (Chlorurus strongylocephalus)&nbsp;zu verwechseln. Dieser kommt allerdings im Roten Meer &hellip; <\/p>\n<p class=\"link-more\"><a href=\"https:\/\/alles-ueber-riffe.de\/?page_id=5543\" class=\"more-link\"><span class=\"screen-reader-text\">\u201eRotmeer-Buckelkopf-Papageifisch\u201c<\/span> weiterlesen<\/a><\/p>\n","protected":false},"author":1,"featured_media":0,"parent":0,"menu_order":0,"comment_status":"closed","ping_status":"closed","template":"","meta":{"footnotes":""},"class_list":["post-5543","page","type-page","status-publish","hentry"],"_links":{"self":[{"href":"https:\/\/alles-ueber-riffe.de\/index.php?rest_route=\/wp\/v2\/pages\/5543","targetHints":{"allow":["GET"]}}],"collection":[{"href":"https:\/\/alles-ueber-riffe.de\/index.php?rest_route=\/wp\/v2\/pages"}],"about":[{"href":"https:\/\/alles-ueber-riffe.de\/index.php?rest_route=\/wp\/v2\/types\/page"}],"author":[{"embeddable":true,"href":"https:\/\/alles-ueber-riffe.de\/index.php?rest_route=\/wp\/v2\/users\/1"}],"replies":[{"embeddable":true,"href":"https:\/\/alles-ueber-riffe.de\/index.php?rest_route=%2Fwp%2Fv2%2Fcomments&post=5543"}],"version-history":[{"count":6,"href":"https:\/\/alles-ueber-riffe.de\/index.php?rest_route=\/wp\/v2\/pages\/5543\/revisions"}],"predecessor-version":[{"id":9035,"href":"https:\/\/alles-ueber-riffe.de\/index.php?rest_route=\/wp\/v2\/pages\/5543\/revisions\/9035"}],"wp:attachment":[{"href":"https:\/\/alles-ueber-riffe.de\/index.php?rest_route=%2Fwp%2Fv2%2Fmedia&parent=5543"}],"curies":[{"name":"wp","href":"https:\/\/api.w.org\/{rel}","templated":true}]}}