{"id":5541,"date":"2025-01-08T22:00:10","date_gmt":"2025-01-08T22:00:10","guid":{"rendered":"https:\/\/alles-ueber-riffe.de\/?page_id=5541"},"modified":"2025-02-06T16:35:20","modified_gmt":"2025-02-06T16:35:20","slug":"rostnacken-papageifisch","status":"publish","type":"page","link":"https:\/\/alles-ueber-riffe.de\/?page_id=5541","title":{"rendered":"Rostnacken-Papageifisch"},"content":{"rendered":"\n<div class=\"wp-block-group is-vertical is-layout-flex wp-container-core-group-is-layout-8cf370e7 wp-block-group-is-layout-flex\">\n<p><strong>Rostnacken-Papageifisch<\/strong><\/p>\n\n\n\n<p>Rusty parrotfish<\/p>\n\n\n\n<p><em>Scarus ferrugineus<\/em><\/p>\n<\/div>\n\n\n\n<div style=\"height:30px\" aria-hidden=\"true\" class=\"wp-block-spacer\"><\/div>\n\n\n\n<figure class=\"wp-block-video\"><video height=\"576\" style=\"aspect-ratio: 1024 \/ 576;\" width=\"1024\" controls src=\"https:\/\/alles-ueber-riffe.de\/wp-content\/uploads\/2025\/02\/Rostnacken-Papageifisch-Kopie.mp4\"><\/video><figcaption class=\"wp-element-caption\"><em>\u00a9 Heinz Krimmer<\/em><\/figcaption><\/figure>\n\n\n\n<hr class=\"wp-block-separator has-alpha-channel-opacity is-style-default\"\/>\n\n\n\n<p><strong>Gr\u00f6\u00dfe: <\/strong> bis 41 cm<\/p>\n\n\n\n<p><strong>Lebensraum:<\/strong> Korallenriffe<\/p>\n\n\n\n<p><strong>Vorkommen:  <\/strong>Rotes Meer und Oman<\/p>\n\n\n\n<p><strong>Erkennungsmerkmale:<\/strong> M\u00e4nnchen blau mit gr\u00fcner Schwanzwurzel und gelblichem Kopf mit gr\u00fcner Maske um das Maul; Weibchen braun mit gelbem Schwanz<\/p>\n\n\n\n<p><strong>Biologie &amp; Verhalten: <\/strong>Die M\u00e4nnchen haben einen Harem und verteidigen ihn und ihr Revier. Nachts schlafen sie&nbsp;&nbsp;in einem Kokon aus Schleim, um sich zu sch\u00fctzen.<\/p>\n\n\n\n<p><strong>Bedrohungsstatus:<\/strong> Die Art wird auf der Roten Liste der IUCN als <mark style=\"background-color:rgba(0, 0, 0, 0)\" class=\"has-inline-color has-vivid-green-cyan-color\">\u201enicht gef\u00e4hrdet\u201c<\/mark> gef\u00fchrt.<\/p>\n\n\n\n<hr class=\"wp-block-separator has-alpha-channel-opacity is-style-default\"\/>\n\n\n\n<p><\/p>\n","protected":false},"excerpt":{"rendered":"<p>Rostnacken-Papageifisch Rusty parrotfish Scarus ferrugineus Gr\u00f6\u00dfe: bis 41 cm Lebensraum: Korallenriffe Vorkommen: Rotes Meer und Oman Erkennungsmerkmale: M\u00e4nnchen blau mit gr\u00fcner Schwanzwurzel und gelblichem Kopf mit gr\u00fcner Maske um das Maul; Weibchen braun mit gelbem Schwanz Biologie &amp; Verhalten: Die M\u00e4nnchen haben einen Harem und verteidigen ihn und ihr Revier. Nachts schlafen sie&nbsp;&nbsp;in einem Kokon &hellip; <\/p>\n<p class=\"link-more\"><a href=\"https:\/\/alles-ueber-riffe.de\/?page_id=5541\" class=\"more-link\"><span class=\"screen-reader-text\">\u201eRostnacken-Papageifisch\u201c<\/span> weiterlesen<\/a><\/p>\n","protected":false},"author":1,"featured_media":0,"parent":0,"menu_order":0,"comment_status":"closed","ping_status":"closed","template":"","meta":{"footnotes":""},"class_list":["post-5541","page","type-page","status-publish","hentry"],"_links":{"self":[{"href":"https:\/\/alles-ueber-riffe.de\/index.php?rest_route=\/wp\/v2\/pages\/5541","targetHints":{"allow":["GET"]}}],"collection":[{"href":"https:\/\/alles-ueber-riffe.de\/index.php?rest_route=\/wp\/v2\/pages"}],"about":[{"href":"https:\/\/alles-ueber-riffe.de\/index.php?rest_route=\/wp\/v2\/types\/page"}],"author":[{"embeddable":true,"href":"https:\/\/alles-ueber-riffe.de\/index.php?rest_route=\/wp\/v2\/users\/1"}],"replies":[{"embeddable":true,"href":"https:\/\/alles-ueber-riffe.de\/index.php?rest_route=%2Fwp%2Fv2%2Fcomments&post=5541"}],"version-history":[{"count":5,"href":"https:\/\/alles-ueber-riffe.de\/index.php?rest_route=\/wp\/v2\/pages\/5541\/revisions"}],"predecessor-version":[{"id":9030,"href":"https:\/\/alles-ueber-riffe.de\/index.php?rest_route=\/wp\/v2\/pages\/5541\/revisions\/9030"}],"wp:attachment":[{"href":"https:\/\/alles-ueber-riffe.de\/index.php?rest_route=%2Fwp%2Fv2%2Fmedia&parent=5541"}],"curies":[{"name":"wp","href":"https:\/\/api.w.org\/{rel}","templated":true}]}}