{"id":5533,"date":"2025-01-08T21:59:18","date_gmt":"2025-01-08T21:59:18","guid":{"rendered":"https:\/\/alles-ueber-riffe.de\/?page_id=5533"},"modified":"2025-02-02T22:43:24","modified_gmt":"2025-02-02T22:43:24","slug":"indischer-buckelkopf","status":"publish","type":"page","link":"https:\/\/alles-ueber-riffe.de\/?page_id=5533","title":{"rendered":"Indischer Buckelkopf"},"content":{"rendered":"\n<div class=\"wp-block-group is-vertical is-layout-flex wp-container-core-group-is-layout-8cf370e7 wp-block-group-is-layout-flex\">\n<p><strong>Indischer Buckelkopf<\/strong><\/p>\n\n\n\n<p>Steephead parrotfish<\/p>\n\n\n\n<p><em>Chlorurus strongylocephalus<\/em><\/p>\n<\/div>\n\n\n\n<div style=\"height:30px\" aria-hidden=\"true\" class=\"wp-block-spacer\"><\/div>\n\n\n\n<figure class=\"wp-block-image size-full\"><img loading=\"lazy\" decoding=\"async\" width=\"1024\" height=\"768\" src=\"https:\/\/alles-ueber-riffe.de\/wp-content\/uploads\/2025\/02\/Indischer-Buckelkopf_1024x768-female.jpg\" alt=\"\" class=\"wp-image-8723\" srcset=\"https:\/\/alles-ueber-riffe.de\/wp-content\/uploads\/2025\/02\/Indischer-Buckelkopf_1024x768-female.jpg 1024w, https:\/\/alles-ueber-riffe.de\/wp-content\/uploads\/2025\/02\/Indischer-Buckelkopf_1024x768-female-300x225.jpg 300w, https:\/\/alles-ueber-riffe.de\/wp-content\/uploads\/2025\/02\/Indischer-Buckelkopf_1024x768-female-768x576.jpg 768w\" sizes=\"auto, (max-width: 767px) 89vw, (max-width: 1000px) 54vw, (max-width: 1071px) 543px, 580px\" \/><figcaption class=\"wp-element-caption\">Weibchen  \u00a9 Heinz Krimmer <\/figcaption><\/figure>\n\n\n\n<figure class=\"wp-block-image size-full\"><img loading=\"lazy\" decoding=\"async\" width=\"1024\" height=\"768\" src=\"https:\/\/alles-ueber-riffe.de\/wp-content\/uploads\/2025\/02\/1024x768_Indischer-Buckelkopf-male.jpg\" alt=\"\" class=\"wp-image-8724\" srcset=\"https:\/\/alles-ueber-riffe.de\/wp-content\/uploads\/2025\/02\/1024x768_Indischer-Buckelkopf-male.jpg 1024w, https:\/\/alles-ueber-riffe.de\/wp-content\/uploads\/2025\/02\/1024x768_Indischer-Buckelkopf-male-300x225.jpg 300w, https:\/\/alles-ueber-riffe.de\/wp-content\/uploads\/2025\/02\/1024x768_Indischer-Buckelkopf-male-768x576.jpg 768w\" sizes=\"auto, (max-width: 767px) 89vw, (max-width: 1000px) 54vw, (max-width: 1071px) 543px, 580px\" \/><figcaption class=\"wp-element-caption\">M\u00e4nnchen  \u00a9 Heinz Krimmer <\/figcaption><\/figure>\n\n\n\n<hr class=\"wp-block-separator has-alpha-channel-opacity is-style-default\"\/>\n\n\n\n<p><strong>Gr\u00f6\u00dfe: <\/strong> bis 70 cm<\/p>\n\n\n\n<p><strong>Lebensraum:<\/strong> Korallenriffe<\/p>\n\n\n\n<p><strong>Vorkommen:  <\/strong>Ostafrika, Malediven, S\u00fcdwestindonesien, Burma, Westthailand<\/p>\n\n\n\n<p><strong>Erkennungsmerkmale:<\/strong> M\u00e4nnchen blau; Weibchen rot mit gelber Schwanzflosse und gelbem Kopf<\/p>\n\n\n\n<p><strong>Biologie &amp; Verhalten: <\/strong>Frisst Algen und ist einzeln oder in Gruppen im Riff unterwegs.<\/p>\n\n\n\n<p>Das M\u00e4nnchen des Indischen-Buckelkopfes ist sehr leicht mit dem M\u00e4nnchen des Rotmeer-Buckelkopf-Papageifisch (Chlorurus gibbus)<em>&nbsp;<\/em>zu verwechseln. Dieser kommt allerdings nur im Roten Meer vor, in dem er den Indischen Buckelkopf verdr\u00e4ngt hat.<\/p>\n\n\n\n<p>Verwechseln kann man ihr ebenso mit dem Pazifik-Buckelkopf-Papageifisch (Chlorurus microrhinos), der noch weiter \u00f6stlich als der Indische Buckelkopf beheimatet ist.<\/p>\n\n\n\n<p><strong>Bedrohungsstatus:<\/strong> Die Art wird auf der Roten Liste der IUCN als <mark style=\"background-color:rgba(0, 0, 0, 0)\" class=\"has-inline-color has-vivid-green-cyan-color\">\u201enicht gef\u00e4hrdet\u201c<\/mark> gef\u00fchrt.<\/p>\n\n\n\n<hr class=\"wp-block-separator has-alpha-channel-opacity is-style-default\"\/>\n\n\n\n<p><\/p>\n","protected":false},"excerpt":{"rendered":"<p>Indischer Buckelkopf Steephead parrotfish Chlorurus strongylocephalus Gr\u00f6\u00dfe: bis 70 cm Lebensraum: Korallenriffe Vorkommen: Ostafrika, Malediven, S\u00fcdwestindonesien, Burma, Westthailand Erkennungsmerkmale: M\u00e4nnchen blau; Weibchen rot mit gelber Schwanzflosse und gelbem Kopf Biologie &amp; Verhalten: Frisst Algen und ist einzeln oder in Gruppen im Riff unterwegs. Das M\u00e4nnchen des Indischen-Buckelkopfes ist sehr leicht mit dem M\u00e4nnchen des Rotmeer-Buckelkopf-Papageifisch &hellip; <\/p>\n<p class=\"link-more\"><a href=\"https:\/\/alles-ueber-riffe.de\/?page_id=5533\" class=\"more-link\"><span class=\"screen-reader-text\">\u201eIndischer Buckelkopf\u201c<\/span> weiterlesen<\/a><\/p>\n","protected":false},"author":1,"featured_media":0,"parent":0,"menu_order":0,"comment_status":"closed","ping_status":"closed","template":"","meta":{"footnotes":""},"class_list":["post-5533","page","type-page","status-publish","hentry"],"_links":{"self":[{"href":"https:\/\/alles-ueber-riffe.de\/index.php?rest_route=\/wp\/v2\/pages\/5533","targetHints":{"allow":["GET"]}}],"collection":[{"href":"https:\/\/alles-ueber-riffe.de\/index.php?rest_route=\/wp\/v2\/pages"}],"about":[{"href":"https:\/\/alles-ueber-riffe.de\/index.php?rest_route=\/wp\/v2\/types\/page"}],"author":[{"embeddable":true,"href":"https:\/\/alles-ueber-riffe.de\/index.php?rest_route=\/wp\/v2\/users\/1"}],"replies":[{"embeddable":true,"href":"https:\/\/alles-ueber-riffe.de\/index.php?rest_route=%2Fwp%2Fv2%2Fcomments&post=5533"}],"version-history":[{"count":6,"href":"https:\/\/alles-ueber-riffe.de\/index.php?rest_route=\/wp\/v2\/pages\/5533\/revisions"}],"predecessor-version":[{"id":8728,"href":"https:\/\/alles-ueber-riffe.de\/index.php?rest_route=\/wp\/v2\/pages\/5533\/revisions\/8728"}],"wp:attachment":[{"href":"https:\/\/alles-ueber-riffe.de\/index.php?rest_route=%2Fwp%2Fv2%2Fmedia&parent=5533"}],"curies":[{"name":"wp","href":"https:\/\/api.w.org\/{rel}","templated":true}]}}