{"id":5526,"date":"2025-01-08T21:58:44","date_gmt":"2025-01-08T21:58:44","guid":{"rendered":"https:\/\/alles-ueber-riffe.de\/?page_id=5526"},"modified":"2025-02-02T16:35:20","modified_gmt":"2025-02-02T16:35:20","slug":"bueffelkopf-papageifisch","status":"publish","type":"page","link":"https:\/\/alles-ueber-riffe.de\/?page_id=5526","title":{"rendered":"B\u00fcffelkopf-Papageifisch"},"content":{"rendered":"\n<div class=\"wp-block-group is-vertical is-layout-flex wp-container-core-group-is-layout-8cf370e7 wp-block-group-is-layout-flex\">\n<p><strong>B\u00fcffelkopf-Papageifisch<\/strong><\/p>\n\n\n\n<p>Green humphead parrotfish<\/p>\n\n\n\n<p><em>Bolbometopon muricatum<\/em><\/p>\n<\/div>\n\n\n\n<div style=\"height:30px\" aria-hidden=\"true\" class=\"wp-block-spacer\"><\/div>\n\n\n\n<figure class=\"wp-block-image size-full\"><img decoding=\"async\" src=\"https:\/\/alles-ueber-riffe.de\/wp-content\/uploads\/2025\/02\/Bueffelkopf-Papageifisch.mp4\" alt=\"\" class=\"wp-image-8667\"\/><figcaption class=\"wp-element-caption\">\u00a9 Heinz Krimmer<\/figcaption><\/figure>\n\n\n\n<hr class=\"wp-block-separator has-alpha-channel-opacity is-style-default\"\/>\n\n\n\n<p><strong>Gr\u00f6\u00dfe: <\/strong> bis 1,30 m<\/p>\n\n\n\n<p><strong>Lebensraum:<\/strong> Korallenriffe<\/p>\n\n\n\n<p><strong>Vorkommen:  <\/strong>Ostafrika, Rotes Meer, Oman, Malediven, S\u00fcdjapan, ganz S\u00fcdostasien, Papua-Neuguinea, Nordaustralien, Ozeanien bis Samoa<\/p>\n\n\n\n<p><strong>Erkennungsmerkmale:<\/strong> Grundfarbe gr\u00fcnlich; rosa Stirn- und Maulpartie, ausgepr\u00e4gter Stirnh\u00f6cker<\/p>\n\n\n\n<p><strong>Biologie &amp; Verhalten: <\/strong>Der gr\u00f6\u00dfte unter den Papageifischen ist ein imposanter Anblick. Wenn er seine Hauptnahrung, Hartkorallen und Muscheln, mit seinem starken Gebiss zerlegt, kann man unter Wasser h\u00f6ren wie es knackt. Aber auch Algen verschm\u00e4ht er nicht.<\/p>\n\n\n\n<p><strong>Bedrohungsstatus:<\/strong> Leider ist dieser faszinierende Fisch gnadenlos \u00fcberfischt und wird immer seltener. Auf der Roten Liste der IUCN wird er als <mark style=\"background-color:rgba(0, 0, 0, 0)\" class=\"has-inline-color has-vivid-red-color\">\u201ebedroht<\/mark>\u201c eingestuft.<\/p>\n\n\n\n<hr class=\"wp-block-separator has-alpha-channel-opacity is-style-default\"\/>\n","protected":false},"excerpt":{"rendered":"<p>B\u00fcffelkopf-Papageifisch Green humphead parrotfish Bolbometopon muricatum Gr\u00f6\u00dfe: bis 1,30 m Lebensraum: Korallenriffe Vorkommen: Ostafrika, Rotes Meer, Oman, Malediven, S\u00fcdjapan, ganz S\u00fcdostasien, Papua-Neuguinea, Nordaustralien, Ozeanien bis Samoa Erkennungsmerkmale: Grundfarbe gr\u00fcnlich; rosa Stirn- und Maulpartie, ausgepr\u00e4gter Stirnh\u00f6cker Biologie &amp; Verhalten: Der gr\u00f6\u00dfte unter den Papageifischen ist ein imposanter Anblick. Wenn er seine Hauptnahrung, Hartkorallen und Muscheln, mit &hellip; <\/p>\n<p class=\"link-more\"><a href=\"https:\/\/alles-ueber-riffe.de\/?page_id=5526\" class=\"more-link\"><span class=\"screen-reader-text\">\u201eB\u00fcffelkopf-Papageifisch\u201c<\/span> weiterlesen<\/a><\/p>\n","protected":false},"author":1,"featured_media":0,"parent":0,"menu_order":0,"comment_status":"closed","ping_status":"closed","template":"","meta":{"footnotes":""},"class_list":["post-5526","page","type-page","status-publish","hentry"],"_links":{"self":[{"href":"https:\/\/alles-ueber-riffe.de\/index.php?rest_route=\/wp\/v2\/pages\/5526","targetHints":{"allow":["GET"]}}],"collection":[{"href":"https:\/\/alles-ueber-riffe.de\/index.php?rest_route=\/wp\/v2\/pages"}],"about":[{"href":"https:\/\/alles-ueber-riffe.de\/index.php?rest_route=\/wp\/v2\/types\/page"}],"author":[{"embeddable":true,"href":"https:\/\/alles-ueber-riffe.de\/index.php?rest_route=\/wp\/v2\/users\/1"}],"replies":[{"embeddable":true,"href":"https:\/\/alles-ueber-riffe.de\/index.php?rest_route=%2Fwp%2Fv2%2Fcomments&post=5526"}],"version-history":[{"count":7,"href":"https:\/\/alles-ueber-riffe.de\/index.php?rest_route=\/wp\/v2\/pages\/5526\/revisions"}],"predecessor-version":[{"id":8676,"href":"https:\/\/alles-ueber-riffe.de\/index.php?rest_route=\/wp\/v2\/pages\/5526\/revisions\/8676"}],"wp:attachment":[{"href":"https:\/\/alles-ueber-riffe.de\/index.php?rest_route=%2Fwp%2Fv2%2Fmedia&parent=5526"}],"curies":[{"name":"wp","href":"https:\/\/api.w.org\/{rel}","templated":true}]}}