{"id":5524,"date":"2025-01-08T21:58:26","date_gmt":"2025-01-08T21:58:26","guid":{"rendered":"https:\/\/alles-ueber-riffe.de\/?page_id=5524"},"modified":"2025-02-02T16:29:22","modified_gmt":"2025-02-02T16:29:22","slug":"weissaugenmuraene","status":"publish","type":"page","link":"https:\/\/alles-ueber-riffe.de\/?page_id=5524","title":{"rendered":"Wei\u00dfaugenmur\u00e4ne"},"content":{"rendered":"\n<div class=\"wp-block-group is-vertical is-layout-flex wp-container-core-group-is-layout-8cf370e7 wp-block-group-is-layout-flex\">\n<p><strong>Wei\u00dfaugenmur\u00e4ne<\/strong><\/p>\n\n\n\n<p>Greyface moray<\/p>\n\n\n\n<p><em>Gymnothorax thyrsoideus<\/em><\/p>\n<\/div>\n\n\n\n<div style=\"height:30px\" aria-hidden=\"true\" class=\"wp-block-spacer\"><\/div>\n\n\n\n<figure class=\"wp-block-image size-full\"><img loading=\"lazy\" decoding=\"async\" width=\"1024\" height=\"768\" src=\"https:\/\/alles-ueber-riffe.de\/wp-content\/uploads\/2025\/02\/Weissaugenmuraene_1024x768.jpg\" alt=\"\" class=\"wp-image-8662\" srcset=\"https:\/\/alles-ueber-riffe.de\/wp-content\/uploads\/2025\/02\/Weissaugenmuraene_1024x768.jpg 1024w, https:\/\/alles-ueber-riffe.de\/wp-content\/uploads\/2025\/02\/Weissaugenmuraene_1024x768-300x225.jpg 300w, https:\/\/alles-ueber-riffe.de\/wp-content\/uploads\/2025\/02\/Weissaugenmuraene_1024x768-768x576.jpg 768w\" sizes=\"auto, (max-width: 767px) 89vw, (max-width: 1000px) 54vw, (max-width: 1071px) 543px, 580px\" \/><figcaption class=\"wp-element-caption\">\u00a9 Joris Rombouts<\/figcaption><\/figure>\n\n\n\n<hr class=\"wp-block-separator has-alpha-channel-opacity is-style-default\"\/>\n\n\n\n<p><strong>Gr\u00f6\u00dfe: <\/strong> bis 66 cm<\/p>\n\n\n\n<p><strong>Lebensraum:<\/strong> Korallen- und Felsriffe, sowie Sand-, Ger\u00f6ll- und Schlammb\u00f6den<\/p>\n\n\n\n<p><strong>Vorkommen:  <\/strong>ganz S\u00fcdostasien, S\u00fcdjapan, Nordaustralien, Papua-Neuguinea, Ozeanien bis Franz\u00f6sisch-Polynesien<\/p>\n\n\n\n<p><strong>Erkennungsmerkmale:<\/strong> gelb-braun gesprenkelter K\u00f6rper; Kopf dunkelbraun bis grau; wei\u00dfes Auge<\/p>\n\n\n\n<p><strong>Biologie &amp; Verhalten: <\/strong> Lebt paarweise oder alleine in H\u00f6hlen, oft auch zusammen mit anderen Mur\u00e4nenarten.<\/p>\n\n\n\n<p><strong>Bedrohungsstatus:<\/strong> Die Art wird auf der Roten Liste der IUCN als <mark style=\"background-color:rgba(0, 0, 0, 0)\" class=\"has-inline-color has-vivid-green-cyan-color\">\u201enicht gef\u00e4hrdet\u201c<\/mark> gef\u00fchrt.<\/p>\n\n\n\n<hr class=\"wp-block-separator has-alpha-channel-opacity is-style-default\"\/>\n","protected":false},"excerpt":{"rendered":"<p>Wei\u00dfaugenmur\u00e4ne Greyface moray Gymnothorax thyrsoideus Gr\u00f6\u00dfe: bis 66 cm Lebensraum: Korallen- und Felsriffe, sowie Sand-, Ger\u00f6ll- und Schlammb\u00f6den Vorkommen: ganz S\u00fcdostasien, S\u00fcdjapan, Nordaustralien, Papua-Neuguinea, Ozeanien bis Franz\u00f6sisch-Polynesien Erkennungsmerkmale: gelb-braun gesprenkelter K\u00f6rper; Kopf dunkelbraun bis grau; wei\u00dfes Auge Biologie &amp; Verhalten: Lebt paarweise oder alleine in H\u00f6hlen, oft auch zusammen mit anderen Mur\u00e4nenarten. Bedrohungsstatus: Die Art &hellip; <\/p>\n<p class=\"link-more\"><a href=\"https:\/\/alles-ueber-riffe.de\/?page_id=5524\" class=\"more-link\"><span class=\"screen-reader-text\">\u201eWei\u00dfaugenmur\u00e4ne\u201c<\/span> weiterlesen<\/a><\/p>\n","protected":false},"author":1,"featured_media":0,"parent":0,"menu_order":0,"comment_status":"closed","ping_status":"closed","template":"","meta":{"footnotes":""},"class_list":["post-5524","page","type-page","status-publish","hentry"],"_links":{"self":[{"href":"https:\/\/alles-ueber-riffe.de\/index.php?rest_route=\/wp\/v2\/pages\/5524","targetHints":{"allow":["GET"]}}],"collection":[{"href":"https:\/\/alles-ueber-riffe.de\/index.php?rest_route=\/wp\/v2\/pages"}],"about":[{"href":"https:\/\/alles-ueber-riffe.de\/index.php?rest_route=\/wp\/v2\/types\/page"}],"author":[{"embeddable":true,"href":"https:\/\/alles-ueber-riffe.de\/index.php?rest_route=\/wp\/v2\/users\/1"}],"replies":[{"embeddable":true,"href":"https:\/\/alles-ueber-riffe.de\/index.php?rest_route=%2Fwp%2Fv2%2Fcomments&post=5524"}],"version-history":[{"count":5,"href":"https:\/\/alles-ueber-riffe.de\/index.php?rest_route=\/wp\/v2\/pages\/5524\/revisions"}],"predecessor-version":[{"id":8665,"href":"https:\/\/alles-ueber-riffe.de\/index.php?rest_route=\/wp\/v2\/pages\/5524\/revisions\/8665"}],"wp:attachment":[{"href":"https:\/\/alles-ueber-riffe.de\/index.php?rest_route=%2Fwp%2Fv2%2Fmedia&parent=5524"}],"curies":[{"name":"wp","href":"https:\/\/api.w.org\/{rel}","templated":true}]}}