{"id":5513,"date":"2025-01-08T21:57:24","date_gmt":"2025-01-08T21:57:24","guid":{"rendered":"https:\/\/alles-ueber-riffe.de\/?page_id=5513"},"modified":"2025-02-02T16:17:58","modified_gmt":"2025-02-02T16:17:58","slug":"pfeffer-muraene","status":"publish","type":"page","link":"https:\/\/alles-ueber-riffe.de\/?page_id=5513","title":{"rendered":"Pfeffer-Mur\u00e4ne"},"content":{"rendered":"\n<div class=\"wp-block-group is-vertical is-layout-flex wp-container-core-group-is-layout-8cf370e7 wp-block-group-is-layout-flex\">\n<p><strong>Pfeffer-Mur\u00e4ne<\/strong><\/p>\n\n\n\n<p>Paintspotted moray<\/p>\n\n\n\n<p><em>Siderea pictus<\/em><\/p>\n<\/div>\n\n\n\n<div style=\"height:30px\" aria-hidden=\"true\" class=\"wp-block-spacer\"><\/div>\n\n\n\n<figure class=\"wp-block-image size-full\"><img loading=\"lazy\" decoding=\"async\" width=\"1024\" height=\"768\" src=\"https:\/\/alles-ueber-riffe.de\/wp-content\/uploads\/2025\/02\/Pfeffer-Muraene_1024x768.jpg\" alt=\"\" class=\"wp-image-8637\" srcset=\"https:\/\/alles-ueber-riffe.de\/wp-content\/uploads\/2025\/02\/Pfeffer-Muraene_1024x768.jpg 1024w, https:\/\/alles-ueber-riffe.de\/wp-content\/uploads\/2025\/02\/Pfeffer-Muraene_1024x768-300x225.jpg 300w, https:\/\/alles-ueber-riffe.de\/wp-content\/uploads\/2025\/02\/Pfeffer-Muraene_1024x768-768x576.jpg 768w\" sizes=\"auto, (max-width: 767px) 89vw, (max-width: 1000px) 54vw, (max-width: 1071px) 543px, 580px\" \/><figcaption class=\"wp-element-caption\">\u00a9 Joris Rombouts<\/figcaption><\/figure>\n\n\n\n<hr class=\"wp-block-separator has-alpha-channel-opacity is-style-default\"\/>\n\n\n\n<p><strong>Gr\u00f6\u00dfe: <\/strong> bis 1,40 m<\/p>\n\n\n\n<p><strong>Lebensraum:<\/strong> Korallen- und Felsriffe, oft in der Gezeitenzone<\/p>\n\n\n\n<p><strong>Vorkommen:  <\/strong>von Ostafrika, Malediven, ganz S\u00fcdostasien, S\u00fcdjapan, Nordaustralien, Papua-Neuguinea, Ozeanien, Ostpazifik: Galapagos und Cocos<\/p>\n\n\n\n<p><strong>Erkennungsmerkmale: <\/strong>Grundfarbe wei\u00df; dichte unz\u00e4hlige schwarze Sprenkel<\/p>\n\n\n\n<p><strong>Biologie &amp; Verhalten: <\/strong> Die Pfeffermur\u00e4ne wurde schon dabei beobachtet, wie sie in der Gezeitenzone das Wasser verlassen hat, um Beute wie Krebse zu jagen. Zwitter.<\/p>\n\n\n\n<p><strong>Bedrohungsstatus:<\/strong> Die Art wird auf der Roten Liste der IUCN als <mark style=\"background-color:rgba(0, 0, 0, 0)\" class=\"has-inline-color has-vivid-green-cyan-color\">\u201enicht gef\u00e4hrdet\u201c<\/mark> gef\u00fchrt.<\/p>\n\n\n\n<p><mark style=\"background-color:rgba(0, 0, 0, 0)\" class=\"has-inline-color has-vivid-red-color\"><strong>Gefahr:<\/strong> Der Verzehr ihres Fleisches kann zu einer ciguatoxischen Vergiftung f\u00fchren.<\/mark><\/p>\n\n\n\n<hr class=\"wp-block-separator has-alpha-channel-opacity is-style-default\"\/>\n","protected":false},"excerpt":{"rendered":"<p>Pfeffer-Mur\u00e4ne Paintspotted moray Siderea pictus Gr\u00f6\u00dfe: bis 1,40 m Lebensraum: Korallen- und Felsriffe, oft in der Gezeitenzone Vorkommen: von Ostafrika, Malediven, ganz S\u00fcdostasien, S\u00fcdjapan, Nordaustralien, Papua-Neuguinea, Ozeanien, Ostpazifik: Galapagos und Cocos Erkennungsmerkmale: Grundfarbe wei\u00df; dichte unz\u00e4hlige schwarze Sprenkel Biologie &amp; Verhalten: Die Pfeffermur\u00e4ne wurde schon dabei beobachtet, wie sie in der Gezeitenzone das Wasser verlassen &hellip; <\/p>\n<p class=\"link-more\"><a href=\"https:\/\/alles-ueber-riffe.de\/?page_id=5513\" class=\"more-link\"><span class=\"screen-reader-text\">\u201ePfeffer-Mur\u00e4ne\u201c<\/span> weiterlesen<\/a><\/p>\n","protected":false},"author":1,"featured_media":0,"parent":0,"menu_order":0,"comment_status":"closed","ping_status":"closed","template":"","meta":{"footnotes":""},"class_list":["post-5513","page","type-page","status-publish","hentry"],"_links":{"self":[{"href":"https:\/\/alles-ueber-riffe.de\/index.php?rest_route=\/wp\/v2\/pages\/5513","targetHints":{"allow":["GET"]}}],"collection":[{"href":"https:\/\/alles-ueber-riffe.de\/index.php?rest_route=\/wp\/v2\/pages"}],"about":[{"href":"https:\/\/alles-ueber-riffe.de\/index.php?rest_route=\/wp\/v2\/types\/page"}],"author":[{"embeddable":true,"href":"https:\/\/alles-ueber-riffe.de\/index.php?rest_route=\/wp\/v2\/users\/1"}],"replies":[{"embeddable":true,"href":"https:\/\/alles-ueber-riffe.de\/index.php?rest_route=%2Fwp%2Fv2%2Fcomments&post=5513"}],"version-history":[{"count":6,"href":"https:\/\/alles-ueber-riffe.de\/index.php?rest_route=\/wp\/v2\/pages\/5513\/revisions"}],"predecessor-version":[{"id":8641,"href":"https:\/\/alles-ueber-riffe.de\/index.php?rest_route=\/wp\/v2\/pages\/5513\/revisions\/8641"}],"wp:attachment":[{"href":"https:\/\/alles-ueber-riffe.de\/index.php?rest_route=%2Fwp%2Fv2%2Fmedia&parent=5513"}],"curies":[{"name":"wp","href":"https:\/\/api.w.org\/{rel}","templated":true}]}}