{"id":5506,"date":"2025-01-08T21:56:51","date_gmt":"2025-01-08T21:56:51","guid":{"rendered":"https:\/\/alles-ueber-riffe.de\/?page_id=5506"},"modified":"2025-02-02T16:03:44","modified_gmt":"2025-02-02T16:03:44","slug":"grosse-netzmuraene","status":"publish","type":"page","link":"https:\/\/alles-ueber-riffe.de\/?page_id=5506","title":{"rendered":"Gro\u00dfe Netzmur\u00e4ne"},"content":{"rendered":"\n<div class=\"wp-block-group is-vertical is-layout-flex wp-container-core-group-is-layout-8cf370e7 wp-block-group-is-layout-flex\">\n<p><strong>Gro\u00dfe Netzmur\u00e4ne<\/strong><\/p>\n\n\n\n<p>Laced moray<\/p>\n\n\n\n<p><em>Gymnothorax favagineus<\/em><\/p>\n<\/div>\n\n\n\n<div style=\"height:30px\" aria-hidden=\"true\" class=\"wp-block-spacer\"><\/div>\n\n\n\n<figure class=\"wp-block-image size-full\"><img loading=\"lazy\" decoding=\"async\" width=\"1024\" height=\"768\" src=\"https:\/\/alles-ueber-riffe.de\/wp-content\/uploads\/2025\/02\/Grosse-Netzmuraene_1024x768.jpg\" alt=\"\" class=\"wp-image-8621\" srcset=\"https:\/\/alles-ueber-riffe.de\/wp-content\/uploads\/2025\/02\/Grosse-Netzmuraene_1024x768.jpg 1024w, https:\/\/alles-ueber-riffe.de\/wp-content\/uploads\/2025\/02\/Grosse-Netzmuraene_1024x768-300x225.jpg 300w, https:\/\/alles-ueber-riffe.de\/wp-content\/uploads\/2025\/02\/Grosse-Netzmuraene_1024x768-768x576.jpg 768w\" sizes=\"auto, (max-width: 767px) 89vw, (max-width: 1000px) 54vw, (max-width: 1071px) 543px, 580px\" \/><figcaption class=\"wp-element-caption\">\u00a9 Joris Rombouts<\/figcaption><\/figure>\n\n\n\n<hr class=\"wp-block-separator has-alpha-channel-opacity is-style-default\"\/>\n\n\n\n<p><strong>Gr\u00f6\u00dfe: <\/strong> bis 3,00 m<\/p>\n\n\n\n<p><strong>Lebensraum:<\/strong> Korallen- und Felsriffe<\/p>\n\n\n\n<p><strong>Vorkommen:  <\/strong>von Ostafrika, Rotes Meer, Oman, Malediven, S\u00fcdjapan, ganz S\u00fcdostasien, Papua-Neuguinea, Nordaustralien<\/p>\n\n\n\n<p><strong>Erkennungsmerkmale: <\/strong>Muster aus wei\u00dfer Grundfarbe mit schwarzen Flecken<\/p>\n\n\n\n<p><strong>Biologie &amp; Verhalten: <\/strong> Die Gro\u00dfe Netzmur\u00e4ne kann man sehr leicht mit der Gefleckten Mur\u00e4ne (Gymnothorax isingteena) verwechseln. Wirklich sicher kann man sie nur identifizieren, wenn sich das Verbreitungsgebiet nicht \u00fcberschneidet. Dies ist leider nur im Roten Meer und Oman der Fall. In diesen Gebieten handelt es sich mit Sicherheit um die Gro\u00dfe Netzmur\u00e4ne.<\/p>\n\n\n\n<p><strong>Bedrohungsstatus:<\/strong> Die Art wird auf der Roten Liste der IUCN als <mark style=\"background-color:rgba(0, 0, 0, 0)\" class=\"has-inline-color has-vivid-green-cyan-color\">\u201enicht gef\u00e4hrdet\u201c<\/mark> gef\u00fchrt.<\/p>\n\n\n\n<p><mark style=\"background-color:rgba(0, 0, 0, 0)\" class=\"has-inline-color has-vivid-red-color\"><strong>Gefahr:<\/strong> Ausgewachsene Exemplare k\u00f6nnen auch aggressiv auf Bel\u00e4stigungen reagieren. Beim Verzehr kann es zu einer  ciguatoxischen Vergiftung kommen.<\/mark><\/p>\n\n\n\n<hr class=\"wp-block-separator has-alpha-channel-opacity is-style-default\"\/>\n","protected":false},"excerpt":{"rendered":"<p>Gro\u00dfe Netzmur\u00e4ne Laced moray Gymnothorax favagineus Gr\u00f6\u00dfe: bis 3,00 m Lebensraum: Korallen- und Felsriffe Vorkommen: von Ostafrika, Rotes Meer, Oman, Malediven, S\u00fcdjapan, ganz S\u00fcdostasien, Papua-Neuguinea, Nordaustralien Erkennungsmerkmale: Muster aus wei\u00dfer Grundfarbe mit schwarzen Flecken Biologie &amp; Verhalten: Die Gro\u00dfe Netzmur\u00e4ne kann man sehr leicht mit der Gefleckten Mur\u00e4ne (Gymnothorax isingteena) verwechseln. Wirklich sicher kann man &hellip; <\/p>\n<p class=\"link-more\"><a href=\"https:\/\/alles-ueber-riffe.de\/?page_id=5506\" class=\"more-link\"><span class=\"screen-reader-text\">\u201eGro\u00dfe Netzmur\u00e4ne\u201c<\/span> weiterlesen<\/a><\/p>\n","protected":false},"author":1,"featured_media":0,"parent":0,"menu_order":0,"comment_status":"closed","ping_status":"closed","template":"","meta":{"footnotes":""},"class_list":["post-5506","page","type-page","status-publish","hentry"],"_links":{"self":[{"href":"https:\/\/alles-ueber-riffe.de\/index.php?rest_route=\/wp\/v2\/pages\/5506","targetHints":{"allow":["GET"]}}],"collection":[{"href":"https:\/\/alles-ueber-riffe.de\/index.php?rest_route=\/wp\/v2\/pages"}],"about":[{"href":"https:\/\/alles-ueber-riffe.de\/index.php?rest_route=\/wp\/v2\/types\/page"}],"author":[{"embeddable":true,"href":"https:\/\/alles-ueber-riffe.de\/index.php?rest_route=\/wp\/v2\/users\/1"}],"replies":[{"embeddable":true,"href":"https:\/\/alles-ueber-riffe.de\/index.php?rest_route=%2Fwp%2Fv2%2Fcomments&post=5506"}],"version-history":[{"count":4,"href":"https:\/\/alles-ueber-riffe.de\/index.php?rest_route=\/wp\/v2\/pages\/5506\/revisions"}],"predecessor-version":[{"id":8623,"href":"https:\/\/alles-ueber-riffe.de\/index.php?rest_route=\/wp\/v2\/pages\/5506\/revisions\/8623"}],"wp:attachment":[{"href":"https:\/\/alles-ueber-riffe.de\/index.php?rest_route=%2Fwp%2Fv2%2Fmedia&parent=5506"}],"curies":[{"name":"wp","href":"https:\/\/api.w.org\/{rel}","templated":true}]}}