{"id":5497,"date":"2025-01-08T21:56:04","date_gmt":"2025-01-08T21:56:04","guid":{"rendered":"https:\/\/alles-ueber-riffe.de\/?page_id=5497"},"modified":"2025-02-01T22:35:23","modified_gmt":"2025-02-01T22:35:23","slug":"zebramuraene","status":"publish","type":"page","link":"https:\/\/alles-ueber-riffe.de\/?page_id=5497","title":{"rendered":"Zebramur\u00e4ne"},"content":{"rendered":"\n<div class=\"wp-block-group is-vertical is-layout-flex wp-container-core-group-is-layout-8cf370e7 wp-block-group-is-layout-flex\">\n<p><strong>Zebramur\u00e4ne<\/strong><\/p>\n\n\n\n<p>Zebra moray<\/p>\n\n\n\n<p><em>Gymnomuraena zebra<\/em><\/p>\n<\/div>\n\n\n\n<div style=\"height:30px\" aria-hidden=\"true\" class=\"wp-block-spacer\"><\/div>\n\n\n\n<figure class=\"wp-block-image size-full\"><img loading=\"lazy\" decoding=\"async\" width=\"1485\" height=\"1176\" src=\"https:\/\/alles-ueber-riffe.de\/wp-content\/uploads\/2025\/02\/Zebramuraene_1024x768.jpg\" alt=\"\" class=\"wp-image-8600\" srcset=\"https:\/\/alles-ueber-riffe.de\/wp-content\/uploads\/2025\/02\/Zebramuraene_1024x768.jpg 1485w, https:\/\/alles-ueber-riffe.de\/wp-content\/uploads\/2025\/02\/Zebramuraene_1024x768-300x238.jpg 300w, https:\/\/alles-ueber-riffe.de\/wp-content\/uploads\/2025\/02\/Zebramuraene_1024x768-1024x811.jpg 1024w, https:\/\/alles-ueber-riffe.de\/wp-content\/uploads\/2025\/02\/Zebramuraene_1024x768-768x608.jpg 768w\" sizes=\"auto, (max-width: 767px) 89vw, (max-width: 1000px) 54vw, (max-width: 1071px) 543px, 580px\" \/><figcaption class=\"wp-element-caption\">\u00a9 Heinz Krimmer<\/figcaption><\/figure>\n\n\n\n<hr class=\"wp-block-separator has-alpha-channel-opacity is-style-default\"\/>\n\n\n\n<p><strong>Gr\u00f6\u00dfe: <\/strong>bis 1,50 m<\/p>\n\n\n\n<p><strong>Lebensraum:<\/strong> Korallen- und Felsriffe<\/p>\n\n\n\n<p><strong>Vorkommen:  <\/strong>im ganzen tropischen Pazifik, einschlie\u00dflich der Nebenmeere Rotes Meer und Persischer Golf<\/p>\n\n\n\n<p><strong>Erkennungsmerkmale: <\/strong>Grundfarbe dunkelbraun bis schwarz; der ganze K\u00f6rper ist voller wei\u00dfer Querb\u00e4nder<\/p>\n\n\n\n<p><strong>Biologie &amp; Verhalten: <\/strong> Jagt haupts\u00e4chlich Krebse, Muscheln und Seeigel.<\/p>\n\n\n\n<p><strong>Bedrohungsstatus:<\/strong> Die Art wird auf der Roten Liste der IUCN als <mark style=\"background-color:rgba(0, 0, 0, 0)\" class=\"has-inline-color has-vivid-green-cyan-color\">\u201enicht gef\u00e4hrdet\u201c<\/mark> gef\u00fchrt.<\/p>\n\n\n\n<hr class=\"wp-block-separator has-alpha-channel-opacity is-style-default\"\/>\n","protected":false},"excerpt":{"rendered":"<p>Zebramur\u00e4ne Zebra moray Gymnomuraena zebra Gr\u00f6\u00dfe: bis 1,50 m Lebensraum: Korallen- und Felsriffe Vorkommen: im ganzen tropischen Pazifik, einschlie\u00dflich der Nebenmeere Rotes Meer und Persischer Golf Erkennungsmerkmale: Grundfarbe dunkelbraun bis schwarz; der ganze K\u00f6rper ist voller wei\u00dfer Querb\u00e4nder Biologie &amp; Verhalten: Jagt haupts\u00e4chlich Krebse, Muscheln und Seeigel. Bedrohungsstatus: Die Art wird auf der Roten Liste &hellip; <\/p>\n<p class=\"link-more\"><a href=\"https:\/\/alles-ueber-riffe.de\/?page_id=5497\" class=\"more-link\"><span class=\"screen-reader-text\">\u201eZebramur\u00e4ne\u201c<\/span> weiterlesen<\/a><\/p>\n","protected":false},"author":1,"featured_media":0,"parent":0,"menu_order":0,"comment_status":"closed","ping_status":"closed","template":"","meta":{"footnotes":""},"class_list":["post-5497","page","type-page","status-publish","hentry"],"_links":{"self":[{"href":"https:\/\/alles-ueber-riffe.de\/index.php?rest_route=\/wp\/v2\/pages\/5497","targetHints":{"allow":["GET"]}}],"collection":[{"href":"https:\/\/alles-ueber-riffe.de\/index.php?rest_route=\/wp\/v2\/pages"}],"about":[{"href":"https:\/\/alles-ueber-riffe.de\/index.php?rest_route=\/wp\/v2\/types\/page"}],"author":[{"embeddable":true,"href":"https:\/\/alles-ueber-riffe.de\/index.php?rest_route=\/wp\/v2\/users\/1"}],"replies":[{"embeddable":true,"href":"https:\/\/alles-ueber-riffe.de\/index.php?rest_route=%2Fwp%2Fv2%2Fcomments&post=5497"}],"version-history":[{"count":5,"href":"https:\/\/alles-ueber-riffe.de\/index.php?rest_route=\/wp\/v2\/pages\/5497\/revisions"}],"predecessor-version":[{"id":8603,"href":"https:\/\/alles-ueber-riffe.de\/index.php?rest_route=\/wp\/v2\/pages\/5497\/revisions\/8603"}],"wp:attachment":[{"href":"https:\/\/alles-ueber-riffe.de\/index.php?rest_route=%2Fwp%2Fv2%2Fmedia&parent=5497"}],"curies":[{"name":"wp","href":"https:\/\/api.w.org\/{rel}","templated":true}]}}