{"id":5493,"date":"2025-01-08T21:55:31","date_gmt":"2025-01-08T21:55:31","guid":{"rendered":"https:\/\/alles-ueber-riffe.de\/?page_id=5493"},"modified":"2025-02-01T22:32:57","modified_gmt":"2025-02-01T22:32:57","slug":"weissmaulmuraene","status":"publish","type":"page","link":"https:\/\/alles-ueber-riffe.de\/?page_id=5493","title":{"rendered":"Wei\u00dfmaulmur\u00e4ne"},"content":{"rendered":"\n<div class=\"wp-block-group is-vertical is-layout-flex wp-container-core-group-is-layout-8cf370e7 wp-block-group-is-layout-flex\">\n<p><strong>Wei\u00dfmaulmur\u00e4ne<\/strong><\/p>\n\n\n\n<p>Turkey moray<\/p>\n\n\n\n<p><em>Gymnothorax meleagris<\/em><\/p>\n<\/div>\n\n\n\n<div style=\"height:30px\" aria-hidden=\"true\" class=\"wp-block-spacer\"><\/div>\n\n\n\n<figure class=\"wp-block-video\"><video height=\"576\" style=\"aspect-ratio: 1024 \/ 576;\" width=\"1024\" controls src=\"https:\/\/alles-ueber-riffe.de\/wp-content\/uploads\/2025\/02\/Weissmaulmuraene.mp4\"><\/video><figcaption class=\"wp-element-caption\">\u00a9 Suus Berger<\/figcaption><\/figure>\n\n\n\n<hr class=\"wp-block-separator has-alpha-channel-opacity is-style-default\"\/>\n\n\n\n<p><strong>Gr\u00f6\u00dfe: <\/strong> bis 1,20 m<\/p>\n\n\n\n<p><strong>Lebensraum:<\/strong> Korallen- und Felsriffe<\/p>\n\n\n\n<p><strong>Vorkommen:  <\/strong>von Ostafrika, Malediven, ganz S\u00fcdostasien, Papua-Neuguinea, Nordaustralien, Ozeanien bis Hawaii<\/p>\n\n\n\n<p><strong>Erkennungsmerkmale: <\/strong>Grundfarbe dunkelbraun bis schwarz; zahlreiche, kleine wei\u00dfe Punkte; wei\u00dfes Maul<\/p>\n\n\n\n<p><strong>Biologie &amp; Verhalten: <\/strong> Vermutlich ist diese Mur\u00e4ne tag- und nachtaktiv. Jagt Fische und Krebse.<\/p>\n\n\n\n<p><strong>Bedrohungsstatus:<\/strong> Die Art wird auf der Roten Liste der IUCN als <mark style=\"background-color:rgba(0, 0, 0, 0)\" class=\"has-inline-color has-vivid-green-cyan-color\">\u201enicht gef\u00e4hrdet\u201c<\/mark> gef\u00fchrt.<\/p>\n\n\n\n<p><mark style=\"background-color:rgba(0, 0, 0, 0)\" class=\"has-inline-color has-vivid-red-color\"><strong>Gefahr:<\/strong> Der Verzehr ihres Fleisches kann zu einer ciguatoxischen Vergiftung f\u00fchren<\/mark>.<\/p>\n\n\n\n<hr class=\"wp-block-separator has-alpha-channel-opacity is-style-default\"\/>\n","protected":false},"excerpt":{"rendered":"<p>Wei\u00dfmaulmur\u00e4ne Turkey moray Gymnothorax meleagris Gr\u00f6\u00dfe: bis 1,20 m Lebensraum: Korallen- und Felsriffe Vorkommen: von Ostafrika, Malediven, ganz S\u00fcdostasien, Papua-Neuguinea, Nordaustralien, Ozeanien bis Hawaii Erkennungsmerkmale: Grundfarbe dunkelbraun bis schwarz; zahlreiche, kleine wei\u00dfe Punkte; wei\u00dfes Maul Biologie &amp; Verhalten: Vermutlich ist diese Mur\u00e4ne tag- und nachtaktiv. Jagt Fische und Krebse. Bedrohungsstatus: Die Art wird auf der &hellip; <\/p>\n<p class=\"link-more\"><a href=\"https:\/\/alles-ueber-riffe.de\/?page_id=5493\" class=\"more-link\"><span class=\"screen-reader-text\">\u201eWei\u00dfmaulmur\u00e4ne\u201c<\/span> weiterlesen<\/a><\/p>\n","protected":false},"author":1,"featured_media":0,"parent":0,"menu_order":0,"comment_status":"closed","ping_status":"closed","template":"","meta":{"footnotes":""},"class_list":["post-5493","page","type-page","status-publish","hentry"],"_links":{"self":[{"href":"https:\/\/alles-ueber-riffe.de\/index.php?rest_route=\/wp\/v2\/pages\/5493","targetHints":{"allow":["GET"]}}],"collection":[{"href":"https:\/\/alles-ueber-riffe.de\/index.php?rest_route=\/wp\/v2\/pages"}],"about":[{"href":"https:\/\/alles-ueber-riffe.de\/index.php?rest_route=\/wp\/v2\/types\/page"}],"author":[{"embeddable":true,"href":"https:\/\/alles-ueber-riffe.de\/index.php?rest_route=\/wp\/v2\/users\/1"}],"replies":[{"embeddable":true,"href":"https:\/\/alles-ueber-riffe.de\/index.php?rest_route=%2Fwp%2Fv2%2Fcomments&post=5493"}],"version-history":[{"count":6,"href":"https:\/\/alles-ueber-riffe.de\/index.php?rest_route=\/wp\/v2\/pages\/5493\/revisions"}],"predecessor-version":[{"id":8598,"href":"https:\/\/alles-ueber-riffe.de\/index.php?rest_route=\/wp\/v2\/pages\/5493\/revisions\/8598"}],"wp:attachment":[{"href":"https:\/\/alles-ueber-riffe.de\/index.php?rest_route=%2Fwp%2Fv2%2Fmedia&parent=5493"}],"curies":[{"name":"wp","href":"https:\/\/api.w.org\/{rel}","templated":true}]}}