{"id":5489,"date":"2025-01-08T21:55:10","date_gmt":"2025-01-08T21:55:10","guid":{"rendered":"https:\/\/alles-ueber-riffe.de\/?page_id=5489"},"modified":"2025-02-01T22:26:36","modified_gmt":"2025-02-01T22:26:36","slug":"riesenmuraene","status":"publish","type":"page","link":"https:\/\/alles-ueber-riffe.de\/?page_id=5489","title":{"rendered":"Riesenmur\u00e4ne"},"content":{"rendered":"\n<div class=\"wp-block-group is-vertical is-layout-flex wp-container-core-group-is-layout-8cf370e7 wp-block-group-is-layout-flex\">\n<p><strong>Riesenmur\u00e4ne<\/strong><\/p>\n\n\n\n<p>Giant moray<\/p>\n\n\n\n<p><em>Gymnothorax javanicus<\/em><\/p>\n<\/div>\n\n\n\n<div style=\"height:30px\" aria-hidden=\"true\" class=\"wp-block-spacer\"><\/div>\n\n\n\n<figure class=\"wp-block-video\"><video height=\"576\" style=\"aspect-ratio: 1024 \/ 576;\" width=\"1024\" controls src=\"https:\/\/alles-ueber-riffe.de\/wp-content\/uploads\/2025\/02\/Riesenmuraene.mp4\"><\/video><figcaption class=\"wp-element-caption\">\u00a9 Heinz Krimmer<\/figcaption><\/figure>\n\n\n\n<hr class=\"wp-block-separator has-alpha-channel-opacity is-style-default\"\/>\n\n\n\n<p><strong>Gr\u00f6\u00dfe: <\/strong> bis 3 m<\/p>\n\n\n\n<p><strong>Lebensraum:<\/strong> Korallenriffe<\/p>\n\n\n\n<p><strong>Vorkommen:  <\/strong>von Ostafrika, Rotes Meer, Oman, Malediven, S\u00fcdjapan, ganz S\u00fcdostasien, Papua-Neuguinea, Nordaustralien, Ozeanien bis Hawaii<\/p>\n\n\n\n<p><strong>Erkennungsmerkmale: <\/strong>Grundfarbe braun; kleine schwarze Flecken. Sehr gro\u00dfe, kr\u00e4ftige und dicke Mur\u00e4ne.<\/p>\n\n\n\n<p><strong>Biologie &amp; Verhalten: <\/strong> Am Tag sieht man von dieser Mur\u00e4ne meistens nur den m\u00e4chtigen Kopf mit dem sie aus ihrer H\u00f6hle schaut. Wer diese Mur\u00e4ne richtig genie\u00dfen will, muss nachts tauchen. Allerdings kann das etwas mulmig werden, wenn ein 2-3 m langes Tier mit dem Durchmesser eines menschlichen Oberschenkels an einem vorbei schwimmt. Doch keine Sorge, sie ist auf der Jagd nach Fischen, die sich zum Schlafen in Riffspalten versteckt haben. Meistens kann man es leider nicht miterleben, wenn die Mur\u00e4ne einen findet, aber zumindest kann man es h\u00f6ren. Es kracht und knackt, wenn sie den Fischen mit ihrem Gebiss die Knochen bricht und sie verschlingt. Sie fressen \u00fcbrigens alles, was sie verschlingen k\u00f6nnen, selbst andere Mur\u00e4nen oder kleine Haie. Ein Fisch m\u00f6chte man also im Revier einer Riesenmur\u00e4ne sicher nicht sein. Der einzige Trost: Im Tiefschlaf verschlungen zu werden ist vielleicht nicht so schlimm. Im besten Fall bekommt man es nicht mit.<\/p>\n\n\n\n<p><strong>Bedrohungsstatus:<\/strong> Die Art wird auf der Roten Liste der IUCN als <mark style=\"background-color:rgba(0, 0, 0, 0)\" class=\"has-inline-color has-vivid-green-cyan-color\">\u201enicht gef\u00e4hrdet\u201c<\/mark> gef\u00fchrt.<\/p>\n\n\n\n<p><mark style=\"background-color:rgba(0, 0, 0, 0)\" class=\"has-inline-color has-vivid-red-color\"><strong>Gefahr:<\/strong> Gef\u00e4hrlich ist es die Riesenmur\u00e4ne in ihrem Loch zu provozieren oder zu f\u00fcttern. Bei\u00dft sie zu, so hat man einen 2-3m langen, dicken, durchtrainierten Muskel an dem d\u00fcnnen Taucher\u00e4rmchen h\u00e4ngen. L\u00e4sst sie hoffentlich wieder los, hat man eine schwere Bisswunde.<\/mark><\/p>\n\n\n\n<p><mark style=\"background-color:rgba(0, 0, 0, 0)\" class=\"has-inline-color has-vivid-red-color\">Beim Verzehr besteht zudem die Gefahr einer ciguatoxischen Vergiftung.<\/mark><\/p>\n\n\n\n<hr class=\"wp-block-separator has-alpha-channel-opacity is-style-default\"\/>\n","protected":false},"excerpt":{"rendered":"<p>Riesenmur\u00e4ne Giant moray Gymnothorax javanicus Gr\u00f6\u00dfe: bis 3 m Lebensraum: Korallenriffe Vorkommen: von Ostafrika, Rotes Meer, Oman, Malediven, S\u00fcdjapan, ganz S\u00fcdostasien, Papua-Neuguinea, Nordaustralien, Ozeanien bis Hawaii Erkennungsmerkmale: Grundfarbe braun; kleine schwarze Flecken. Sehr gro\u00dfe, kr\u00e4ftige und dicke Mur\u00e4ne. Biologie &amp; Verhalten: Am Tag sieht man von dieser Mur\u00e4ne meistens nur den m\u00e4chtigen Kopf mit dem &hellip; <\/p>\n<p class=\"link-more\"><a href=\"https:\/\/alles-ueber-riffe.de\/?page_id=5489\" class=\"more-link\"><span class=\"screen-reader-text\">\u201eRiesenmur\u00e4ne\u201c<\/span> weiterlesen<\/a><\/p>\n","protected":false},"author":1,"featured_media":0,"parent":0,"menu_order":0,"comment_status":"closed","ping_status":"closed","template":"","meta":{"footnotes":""},"class_list":["post-5489","page","type-page","status-publish","hentry"],"_links":{"self":[{"href":"https:\/\/alles-ueber-riffe.de\/index.php?rest_route=\/wp\/v2\/pages\/5489","targetHints":{"allow":["GET"]}}],"collection":[{"href":"https:\/\/alles-ueber-riffe.de\/index.php?rest_route=\/wp\/v2\/pages"}],"about":[{"href":"https:\/\/alles-ueber-riffe.de\/index.php?rest_route=\/wp\/v2\/types\/page"}],"author":[{"embeddable":true,"href":"https:\/\/alles-ueber-riffe.de\/index.php?rest_route=\/wp\/v2\/users\/1"}],"replies":[{"embeddable":true,"href":"https:\/\/alles-ueber-riffe.de\/index.php?rest_route=%2Fwp%2Fv2%2Fcomments&post=5489"}],"version-history":[{"count":5,"href":"https:\/\/alles-ueber-riffe.de\/index.php?rest_route=\/wp\/v2\/pages\/5489\/revisions"}],"predecessor-version":[{"id":8587,"href":"https:\/\/alles-ueber-riffe.de\/index.php?rest_route=\/wp\/v2\/pages\/5489\/revisions\/8587"}],"wp:attachment":[{"href":"https:\/\/alles-ueber-riffe.de\/index.php?rest_route=%2Fwp%2Fv2%2Fmedia&parent=5489"}],"curies":[{"name":"wp","href":"https:\/\/api.w.org\/{rel}","templated":true}]}}