{"id":5485,"date":"2025-01-08T21:54:47","date_gmt":"2025-01-08T21:54:47","guid":{"rendered":"https:\/\/alles-ueber-riffe.de\/?page_id=5485"},"modified":"2025-02-01T22:15:15","modified_gmt":"2025-02-01T22:15:15","slug":"kleinflecken-muraene","status":"publish","type":"page","link":"https:\/\/alles-ueber-riffe.de\/?page_id=5485","title":{"rendered":"Kleinflecken Mur\u00e4ne"},"content":{"rendered":"\n<div class=\"wp-block-group is-vertical is-layout-flex wp-container-core-group-is-layout-8cf370e7 wp-block-group-is-layout-flex\">\n<p><strong>Kleinflecken Mur\u00e4ne<\/strong><\/p>\n\n\n\n<p>Speckled moray<\/p>\n\n\n\n<p><em>Gymnothorax dovii<\/em><\/p>\n<\/div>\n\n\n\n<div style=\"height:30px\" aria-hidden=\"true\" class=\"wp-block-spacer\"><\/div>\n\n\n\n<figure class=\"wp-block-video\"><video height=\"576\" style=\"aspect-ratio: 1024 \/ 576;\" width=\"1024\" controls src=\"https:\/\/alles-ueber-riffe.de\/wp-content\/uploads\/2025\/02\/Kleinflecken-Muraene.mp4\"><\/video><figcaption class=\"wp-element-caption\">\u00a9 Heinz Krimmer<\/figcaption><\/figure>\n\n\n\n<hr class=\"wp-block-separator has-alpha-channel-opacity is-style-default\"\/>\n\n\n\n<p><strong>Gr\u00f6\u00dfe: <\/strong> bis 1,70 m<\/p>\n\n\n\n<p><strong>Lebensraum:<\/strong> Korallen- und Felsriffe<\/p>\n\n\n\n<p><strong>Vorkommen: <\/strong>im Ostpazifik an der K\u00fcste Mittelamerikas einschlie\u00dflich der vorgelagerten Inseln wie Galapagos, Malpelo und Cocos<\/p>\n\n\n\n<p><strong>Erkennungsmerkmale: <\/strong>Grundfarbe braun bis grau; zahlreiche kleine, wei\u00dfe Flecken<\/p>\n\n\n\n<p><strong>Biologie &amp; Verhalten: <\/strong> Diese Art ist Tag- und nachtaktiv und nicht scheu.<\/p>\n\n\n\n<p><strong>Bedrohungsstatus:<\/strong> Die Art wird auf der Roten Liste der IUCN als <mark style=\"background-color:rgba(0, 0, 0, 0)\" class=\"has-inline-color has-vivid-green-cyan-color\">\u201enicht gef\u00e4hrdet\u201c<\/mark> gef\u00fchrt.<\/p>\n\n\n\n<hr class=\"wp-block-separator has-alpha-channel-opacity is-style-default\"\/>\n","protected":false},"excerpt":{"rendered":"<p>Kleinflecken Mur\u00e4ne Speckled moray Gymnothorax dovii Gr\u00f6\u00dfe: bis 1,70 m Lebensraum: Korallen- und Felsriffe Vorkommen: im Ostpazifik an der K\u00fcste Mittelamerikas einschlie\u00dflich der vorgelagerten Inseln wie Galapagos, Malpelo und Cocos Erkennungsmerkmale: Grundfarbe braun bis grau; zahlreiche kleine, wei\u00dfe Flecken Biologie &amp; Verhalten: Diese Art ist Tag- und nachtaktiv und nicht scheu. Bedrohungsstatus: Die Art wird &hellip; <\/p>\n<p class=\"link-more\"><a href=\"https:\/\/alles-ueber-riffe.de\/?page_id=5485\" class=\"more-link\"><span class=\"screen-reader-text\">\u201eKleinflecken Mur\u00e4ne\u201c<\/span> weiterlesen<\/a><\/p>\n","protected":false},"author":1,"featured_media":0,"parent":0,"menu_order":0,"comment_status":"closed","ping_status":"closed","template":"","meta":{"footnotes":""},"class_list":["post-5485","page","type-page","status-publish","hentry"],"_links":{"self":[{"href":"https:\/\/alles-ueber-riffe.de\/index.php?rest_route=\/wp\/v2\/pages\/5485","targetHints":{"allow":["GET"]}}],"collection":[{"href":"https:\/\/alles-ueber-riffe.de\/index.php?rest_route=\/wp\/v2\/pages"}],"about":[{"href":"https:\/\/alles-ueber-riffe.de\/index.php?rest_route=\/wp\/v2\/types\/page"}],"author":[{"embeddable":true,"href":"https:\/\/alles-ueber-riffe.de\/index.php?rest_route=\/wp\/v2\/users\/1"}],"replies":[{"embeddable":true,"href":"https:\/\/alles-ueber-riffe.de\/index.php?rest_route=%2Fwp%2Fv2%2Fcomments&post=5485"}],"version-history":[{"count":6,"href":"https:\/\/alles-ueber-riffe.de\/index.php?rest_route=\/wp\/v2\/pages\/5485\/revisions"}],"predecessor-version":[{"id":8574,"href":"https:\/\/alles-ueber-riffe.de\/index.php?rest_route=\/wp\/v2\/pages\/5485\/revisions\/8574"}],"wp:attachment":[{"href":"https:\/\/alles-ueber-riffe.de\/index.php?rest_route=%2Fwp%2Fv2%2Fmedia&parent=5485"}],"curies":[{"name":"wp","href":"https:\/\/api.w.org\/{rel}","templated":true}]}}