{"id":5483,"date":"2025-01-08T21:54:35","date_gmt":"2025-01-08T21:54:35","guid":{"rendered":"https:\/\/alles-ueber-riffe.de\/?page_id=5483"},"modified":"2025-02-01T22:11:16","modified_gmt":"2025-02-01T22:11:16","slug":"graue-muraene","status":"publish","type":"page","link":"https:\/\/alles-ueber-riffe.de\/?page_id=5483","title":{"rendered":"Graue Mur\u00e4ne"},"content":{"rendered":"\n<div class=\"wp-block-group is-vertical is-layout-flex wp-container-core-group-is-layout-8cf370e7 wp-block-group-is-layout-flex\">\n<p><strong>Graue Mur\u00e4ne<\/strong><\/p>\n\n\n\n<p>Geometric moray<\/p>\n\n\n\n<p><em>Gymnothorax griseus<\/em><\/p>\n<\/div>\n\n\n\n<div style=\"height:30px\" aria-hidden=\"true\" class=\"wp-block-spacer\"><\/div>\n\n\n\n<figure class=\"wp-block-video\"><video height=\"576\" style=\"aspect-ratio: 1024 \/ 576;\" width=\"1024\" controls src=\"https:\/\/alles-ueber-riffe.de\/wp-content\/uploads\/2025\/02\/Graue-Muraene.mp4\"><\/video><figcaption class=\"wp-element-caption\">\u00a9 Heinz Krimmer<\/figcaption><\/figure>\n\n\n\n<hr class=\"wp-block-separator has-alpha-channel-opacity is-style-default\"\/>\n\n\n\n<p><strong>Gr\u00f6\u00dfe: <\/strong> bis 65 cm<\/p>\n\n\n\n<p><strong>Lebensraum:<\/strong> Korallenriffe, Seegraswiesen, Sandb\u00f6den mit Korallenbl\u00f6cken<\/p>\n\n\n\n<p><strong>Vorkommen: <\/strong>von Ostafrika, Rotes Meer, Oman, bis zu den Malediven<\/p>\n\n\n\n<p><strong>Erkennungsmerkmale: <\/strong>Grundfarbe grau; kleine schwarze Flecken vor allem am Kopf, die geometrische Muster bilden<\/p>\n\n\n\n<p><strong>Biologie &amp; Verhalten: <\/strong> Diese kleine Mur\u00e4ne sieht man recht h\u00e4ufig. Sie ist auch am Tage unterwegs. Auch diese Mur\u00e4ne kann ihr Geschlecht wechseln.<\/p>\n\n\n\n<p><strong>Bedrohungsstatus:<\/strong> Die Art wird auf der Roten Liste der IUCN als <mark style=\"background-color:rgba(0, 0, 0, 0)\" class=\"has-inline-color has-vivid-green-cyan-color\">\u201enicht gef\u00e4hrdet\u201c<\/mark> gef\u00fchrt.<\/p>\n\n\n\n<hr class=\"wp-block-separator has-alpha-channel-opacity is-style-default\"\/>\n","protected":false},"excerpt":{"rendered":"<p>Graue Mur\u00e4ne Geometric moray Gymnothorax griseus Gr\u00f6\u00dfe: bis 65 cm Lebensraum: Korallenriffe, Seegraswiesen, Sandb\u00f6den mit Korallenbl\u00f6cken Vorkommen: von Ostafrika, Rotes Meer, Oman, bis zu den Malediven Erkennungsmerkmale: Grundfarbe grau; kleine schwarze Flecken vor allem am Kopf, die geometrische Muster bilden Biologie &amp; Verhalten: Diese kleine Mur\u00e4ne sieht man recht h\u00e4ufig. Sie ist auch am Tage &hellip; <\/p>\n<p class=\"link-more\"><a href=\"https:\/\/alles-ueber-riffe.de\/?page_id=5483\" class=\"more-link\"><span class=\"screen-reader-text\">\u201eGraue Mur\u00e4ne\u201c<\/span> weiterlesen<\/a><\/p>\n","protected":false},"author":1,"featured_media":0,"parent":0,"menu_order":0,"comment_status":"closed","ping_status":"closed","template":"","meta":{"footnotes":""},"class_list":["post-5483","page","type-page","status-publish","hentry"],"_links":{"self":[{"href":"https:\/\/alles-ueber-riffe.de\/index.php?rest_route=\/wp\/v2\/pages\/5483","targetHints":{"allow":["GET"]}}],"collection":[{"href":"https:\/\/alles-ueber-riffe.de\/index.php?rest_route=\/wp\/v2\/pages"}],"about":[{"href":"https:\/\/alles-ueber-riffe.de\/index.php?rest_route=\/wp\/v2\/types\/page"}],"author":[{"embeddable":true,"href":"https:\/\/alles-ueber-riffe.de\/index.php?rest_route=\/wp\/v2\/users\/1"}],"replies":[{"embeddable":true,"href":"https:\/\/alles-ueber-riffe.de\/index.php?rest_route=%2Fwp%2Fv2%2Fcomments&post=5483"}],"version-history":[{"count":5,"href":"https:\/\/alles-ueber-riffe.de\/index.php?rest_route=\/wp\/v2\/pages\/5483\/revisions"}],"predecessor-version":[{"id":8567,"href":"https:\/\/alles-ueber-riffe.de\/index.php?rest_route=\/wp\/v2\/pages\/5483\/revisions\/8567"}],"wp:attachment":[{"href":"https:\/\/alles-ueber-riffe.de\/index.php?rest_route=%2Fwp%2Fv2%2Fmedia&parent=5483"}],"curies":[{"name":"wp","href":"https:\/\/api.w.org\/{rel}","templated":true}]}}