{"id":5481,"date":"2025-01-08T21:54:24","date_gmt":"2025-01-08T21:54:24","guid":{"rendered":"https:\/\/alles-ueber-riffe.de\/?page_id=5481"},"modified":"2025-02-01T22:08:15","modified_gmt":"2025-02-01T22:08:15","slug":"gelbmaulmuraene","status":"publish","type":"page","link":"https:\/\/alles-ueber-riffe.de\/?page_id=5481","title":{"rendered":"Gelbmaulmur\u00e4ne"},"content":{"rendered":"\n<div class=\"wp-block-group is-vertical is-layout-flex wp-container-core-group-is-layout-8cf370e7 wp-block-group-is-layout-flex\">\n<p><strong>Gelbmaulmur\u00e4ne<\/strong><\/p>\n\n\n\n<p>Starry moray<\/p>\n\n\n\n<p><em>Gymnothorax nudivomer<\/em><\/p>\n<\/div>\n\n\n\n<div style=\"height:30px\" aria-hidden=\"true\" class=\"wp-block-spacer\"><\/div>\n\n\n\n<figure class=\"wp-block-video\"><video height=\"576\" style=\"aspect-ratio: 1024 \/ 576;\" width=\"1024\" controls src=\"https:\/\/alles-ueber-riffe.de\/wp-content\/uploads\/2025\/02\/Gelbmaulmuraene.mp4\"><\/video><figcaption class=\"wp-element-caption\">\u00a9 Suus Berger<\/figcaption><\/figure>\n\n\n\n<hr class=\"wp-block-separator has-alpha-channel-opacity is-style-default\"\/>\n\n\n\n<p><strong>Gr\u00f6\u00dfe: <\/strong> bis 1,80 m<\/p>\n\n\n\n<p><strong>Lebensraum:<\/strong> Korallen- und Felsriffe<\/p>\n\n\n\n<p><strong>Vorkommen:  <\/strong>Ostafrika, Rotes Meer, Oman, Malediven, S\u00fcdjapan, Ostphilippinen, Nordaustralien, Papua-Neuguinea, Ozeanien bis Hawaii<\/p>\n\n\n\n<p><strong>Erkennungsmerkmale: <\/strong>Grundfarbe braun; gelbes Maul<\/p>\n\n\n\n<p><strong>Biologie &amp; Verhalten: <\/strong> Das gelbe Maul macht sie unverwechselbar. Nachts jagt sie Fische.<\/p>\n\n\n\n<p><strong>Bedrohungsstatus:<\/strong> Die Art wird auf der Roten Liste der IUCN als <mark style=\"background-color:rgba(0, 0, 0, 0)\" class=\"has-inline-color has-vivid-green-cyan-color\">\u201enicht gef\u00e4hrdet\u201c<\/mark> gef\u00fchrt.<\/p>\n\n\n\n<p><mark style=\"background-color:rgba(0, 0, 0, 0)\" class=\"has-inline-color has-vivid-red-color\"><strong>Gefahr:<\/strong> Die Gelbmaulmur\u00e4ne sch\u00fctzt sich mit einem giftigen Schleim, der auch f\u00fcr Menschen gef\u00e4hrlich ist. Von einem Verzehr ist deshalb unbedingt abzuraten.<\/mark><\/p>\n\n\n\n<hr class=\"wp-block-separator has-alpha-channel-opacity is-style-default\"\/>\n","protected":false},"excerpt":{"rendered":"<p>Gelbmaulmur\u00e4ne Starry moray Gymnothorax nudivomer Gr\u00f6\u00dfe: bis 1,80 m Lebensraum: Korallen- und Felsriffe Vorkommen: Ostafrika, Rotes Meer, Oman, Malediven, S\u00fcdjapan, Ostphilippinen, Nordaustralien, Papua-Neuguinea, Ozeanien bis Hawaii Erkennungsmerkmale: Grundfarbe braun; gelbes Maul Biologie &amp; Verhalten: Das gelbe Maul macht sie unverwechselbar. Nachts jagt sie Fische. Bedrohungsstatus: Die Art wird auf der Roten Liste der IUCN als &hellip; <\/p>\n<p class=\"link-more\"><a href=\"https:\/\/alles-ueber-riffe.de\/?page_id=5481\" class=\"more-link\"><span class=\"screen-reader-text\">\u201eGelbmaulmur\u00e4ne\u201c<\/span> weiterlesen<\/a><\/p>\n","protected":false},"author":1,"featured_media":0,"parent":0,"menu_order":0,"comment_status":"closed","ping_status":"closed","template":"","meta":{"footnotes":""},"class_list":["post-5481","page","type-page","status-publish","hentry"],"_links":{"self":[{"href":"https:\/\/alles-ueber-riffe.de\/index.php?rest_route=\/wp\/v2\/pages\/5481","targetHints":{"allow":["GET"]}}],"collection":[{"href":"https:\/\/alles-ueber-riffe.de\/index.php?rest_route=\/wp\/v2\/pages"}],"about":[{"href":"https:\/\/alles-ueber-riffe.de\/index.php?rest_route=\/wp\/v2\/types\/page"}],"author":[{"embeddable":true,"href":"https:\/\/alles-ueber-riffe.de\/index.php?rest_route=\/wp\/v2\/users\/1"}],"replies":[{"embeddable":true,"href":"https:\/\/alles-ueber-riffe.de\/index.php?rest_route=%2Fwp%2Fv2%2Fcomments&post=5481"}],"version-history":[{"count":5,"href":"https:\/\/alles-ueber-riffe.de\/index.php?rest_route=\/wp\/v2\/pages\/5481\/revisions"}],"predecessor-version":[{"id":8560,"href":"https:\/\/alles-ueber-riffe.de\/index.php?rest_route=\/wp\/v2\/pages\/5481\/revisions\/8560"}],"wp:attachment":[{"href":"https:\/\/alles-ueber-riffe.de\/index.php?rest_route=%2Fwp%2Fv2%2Fmedia&parent=5481"}],"curies":[{"name":"wp","href":"https:\/\/api.w.org\/{rel}","templated":true}]}}