{"id":5475,"date":"2025-01-08T21:53:41","date_gmt":"2025-01-08T21:53:41","guid":{"rendered":"https:\/\/alles-ueber-riffe.de\/?page_id=5475"},"modified":"2025-01-30T21:51:46","modified_gmt":"2025-01-30T21:51:46","slug":"mondfisch","status":"publish","type":"page","link":"https:\/\/alles-ueber-riffe.de\/?page_id=5475","title":{"rendered":"Mondfisch"},"content":{"rendered":"\n<div class=\"wp-block-group is-vertical is-layout-flex wp-container-core-group-is-layout-8cf370e7 wp-block-group-is-layout-flex\">\n<p><strong>Mondfisch<\/strong><\/p>\n\n\n\n<p>Ocean sunfish<\/p>\n\n\n\n<p><em>Mola mola<\/em><\/p>\n<\/div>\n\n\n\n<div style=\"height:30px\" aria-hidden=\"true\" class=\"wp-block-spacer\"><\/div>\n\n\n\n<figure class=\"wp-block-video\"><video height=\"576\" style=\"aspect-ratio: 1024 \/ 576;\" width=\"1024\" controls src=\"https:\/\/alles-ueber-riffe.de\/wp-content\/uploads\/2025\/01\/Mondfisch.mp4\"><\/video><figcaption class=\"wp-element-caption\">\u00a9 Suus Berger<\/figcaption><\/figure>\n\n\n\n<hr class=\"wp-block-separator has-alpha-channel-opacity is-style-default\"\/>\n\n\n\n<p><strong>Gr\u00f6\u00dfe: <\/strong> bis 3,30 m<\/p>\n\n\n\n<p><strong>Lebensraum:<\/strong> Pelagisch; kommen aber ab und zu in die N\u00e4he von Riffen, um sich putzen zu lassen<\/p>\n\n\n\n<p><strong>Vorkommen:  <\/strong>in allen tropischen, subtropischen und gem\u00e4\u00dfigten Bereichen des Pazifik und des Atlantik, einschlie\u00dflich der Nebenmeere Rotes Meer, Persischer Golf und Mittelmeer<\/p>\n\n\n\n<p><strong>Erkennungsmerkmale: <\/strong>gro\u00df; oval; eine gro\u00dfe, abstehende R\u00fccken und Afterflosse<\/p>\n\n\n\n<p><strong>Biologie &amp; Verhalten: <\/strong> Der Mondfisch ist einer der seltsamsten Fische \u00fcberhaupt.&nbsp;&nbsp;Er schaffte es sogar bis in das \u201eGuinness Book of World Records\u201c, denn er ist der Fisch, der die meisten Eier legt: bis zu 300 Millionen pro Laichvorgang.<\/p>\n\n\n\n<p>Trotz seiner weiten Verbreitung sieht man ihn als Taucher selten, da es ein pelagische Art ist.&nbsp;&nbsp;Au\u00dferdem h\u00e4lt er sich oft in tieferen Zonen auf. Er ist schon einmal in 480 m Tiefe gefilmt worden.&nbsp;&nbsp;<\/p>\n\n\n\n<p>Es gibt vier Arten, die alle von uns Tauchern kaum zu unterscheiden sind. Und wer kann schon auf Kleinigkeiten achten, wenn dieses Tier vor einem im Wasser erscheint. Ihn zu essen kann t\u00f6dlich sein. Ansonsten ist er trotz seiner Gr\u00f6\u00dfe und bis zu 2,3 Tonnen Gewicht vollkommen harmlos. Er frisst vor allem Quallen und Salpen.<\/p>\n\n\n\n<p><strong>Bedrohungsstatus:<\/strong> Die Art wird auf der Roten Liste der IUCN als <mark style=\"background-color:rgba(0, 0, 0, 0)\" class=\"has-inline-color has-vivid-red-color\">\u201egef\u00e4hrdet\u201c<\/mark> gef\u00fchrt.<\/p>\n\n\n\n<p><mark style=\"background-color:rgba(0, 0, 0, 0)\" class=\"has-inline-color has-vivid-red-color\"><strong>Gefahr:<\/strong> Mondfische sind mit den Kugelfischen verwandt und deshalb enth\u00e4lt auch ihre Leber, Haut und Eierst\u00f6cke das Gift Tetrodotoxin, das auch f\u00fcr Menschen t\u00f6dlich ist.<\/mark><\/p>\n\n\n\n<hr class=\"wp-block-separator has-alpha-channel-opacity is-style-default\"\/>\n","protected":false},"excerpt":{"rendered":"<p>Mondfisch Ocean sunfish Mola mola Gr\u00f6\u00dfe: bis 3,30 m Lebensraum: Pelagisch; kommen aber ab und zu in die N\u00e4he von Riffen, um sich putzen zu lassen Vorkommen: in allen tropischen, subtropischen und gem\u00e4\u00dfigten Bereichen des Pazifik und des Atlantik, einschlie\u00dflich der Nebenmeere Rotes Meer, Persischer Golf und Mittelmeer Erkennungsmerkmale: gro\u00df; oval; eine gro\u00dfe, abstehende R\u00fccken &hellip; <\/p>\n<p class=\"link-more\"><a href=\"https:\/\/alles-ueber-riffe.de\/?page_id=5475\" class=\"more-link\"><span class=\"screen-reader-text\">\u201eMondfisch\u201c<\/span> weiterlesen<\/a><\/p>\n","protected":false},"author":1,"featured_media":0,"parent":0,"menu_order":0,"comment_status":"closed","ping_status":"closed","template":"","meta":{"footnotes":""},"class_list":["post-5475","page","type-page","status-publish","hentry"],"_links":{"self":[{"href":"https:\/\/alles-ueber-riffe.de\/index.php?rest_route=\/wp\/v2\/pages\/5475","targetHints":{"allow":["GET"]}}],"collection":[{"href":"https:\/\/alles-ueber-riffe.de\/index.php?rest_route=\/wp\/v2\/pages"}],"about":[{"href":"https:\/\/alles-ueber-riffe.de\/index.php?rest_route=\/wp\/v2\/types\/page"}],"author":[{"embeddable":true,"href":"https:\/\/alles-ueber-riffe.de\/index.php?rest_route=\/wp\/v2\/users\/1"}],"replies":[{"embeddable":true,"href":"https:\/\/alles-ueber-riffe.de\/index.php?rest_route=%2Fwp%2Fv2%2Fcomments&post=5475"}],"version-history":[{"count":6,"href":"https:\/\/alles-ueber-riffe.de\/index.php?rest_route=\/wp\/v2\/pages\/5475\/revisions"}],"predecessor-version":[{"id":8526,"href":"https:\/\/alles-ueber-riffe.de\/index.php?rest_route=\/wp\/v2\/pages\/5475\/revisions\/8526"}],"wp:attachment":[{"href":"https:\/\/alles-ueber-riffe.de\/index.php?rest_route=%2Fwp%2Fv2%2Fmedia&parent=5475"}],"curies":[{"name":"wp","href":"https:\/\/api.w.org\/{rel}","templated":true}]}}