{"id":5469,"date":"2025-01-08T21:53:04","date_gmt":"2025-01-08T21:53:04","guid":{"rendered":"https:\/\/alles-ueber-riffe.de\/?page_id=5469"},"modified":"2025-01-30T21:39:29","modified_gmt":"2025-01-30T21:39:29","slug":"augenfleck-mirakelbarsch","status":"publish","type":"page","link":"https:\/\/alles-ueber-riffe.de\/?page_id=5469","title":{"rendered":"Augenfleck-Mirakelbarsch"},"content":{"rendered":"\n<div class=\"wp-block-group is-vertical is-layout-flex wp-container-core-group-is-layout-8cf370e7 wp-block-group-is-layout-flex\">\n<p><strong>Augenfleck-Mirakelbarsch<\/strong><\/p>\n\n\n\n<p>Comet<\/p>\n\n\n\n<p><em>Calloplesiops altivelis<\/em><\/p>\n<\/div>\n\n\n\n<div style=\"height:30px\" aria-hidden=\"true\" class=\"wp-block-spacer\"><\/div>\n\n\n\n<figure class=\"wp-block-video\"><video height=\"576\" style=\"aspect-ratio: 1024 \/ 576;\" width=\"1024\" controls src=\"https:\/\/alles-ueber-riffe.de\/wp-content\/uploads\/2025\/01\/Augenfleck-Mirakelbarsch.mp4\"><\/video><figcaption class=\"wp-element-caption\">\u00a9 Heinz Krimmer<\/figcaption><\/figure>\n\n\n\n<hr class=\"wp-block-separator has-alpha-channel-opacity is-style-default\"\/>\n\n\n\n<p><strong>Gr\u00f6\u00dfe: <\/strong> bis 20 cm<\/p>\n\n\n\n<p><strong>Lebensraum:<\/strong> Korallenriffe<\/p>\n\n\n\n<p><strong>Vorkommen:  <\/strong>von Ostafrika, Rotes Meer, Malediven, ganz S\u00fcdostasien, Papua-Neuguinea, Nordaustralien, Ozeanien bis Tonga<\/p>\n\n\n\n<p><strong>Erkennungsmerkmale: <\/strong>Grundfarbe dunkelbraun mit unz\u00e4hligen wei\u00dfen Punkten; Augenfleck am hinteren Ende der R\u00fcckenflosse<\/p>\n\n\n\n<p><strong>Biologie &amp; Verhalten: <\/strong> Wo ist vorne? Wo ist hinten? Auf den ersten Blick kann der Augenfleck-Mirakelbarsch auch uns verwirren. Vermutlich will er so auch R\u00e4uber t\u00e4uschen. Wer ihn sehen will, muss nachts tauchen. Nur dann verl\u00e4sst der scheue Fisch sein Versteck zwischen den Korallen.<\/p>\n\n\n\n<p><strong>Bedrohungsstatus:<\/strong> Die Art wird auf der Roten Liste der IUCN als <mark style=\"background-color:rgba(0, 0, 0, 0)\" class=\"has-inline-color has-vivid-green-cyan-color\">\u201enicht gef\u00e4hrdet\u201c<\/mark> gef\u00fchrt.<\/p>\n\n\n\n<hr class=\"wp-block-separator has-alpha-channel-opacity is-style-default\"\/>\n","protected":false},"excerpt":{"rendered":"<p>Augenfleck-Mirakelbarsch Comet Calloplesiops altivelis Gr\u00f6\u00dfe: bis 20 cm Lebensraum: Korallenriffe Vorkommen: von Ostafrika, Rotes Meer, Malediven, ganz S\u00fcdostasien, Papua-Neuguinea, Nordaustralien, Ozeanien bis Tonga Erkennungsmerkmale: Grundfarbe dunkelbraun mit unz\u00e4hligen wei\u00dfen Punkten; Augenfleck am hinteren Ende der R\u00fcckenflosse Biologie &amp; Verhalten: Wo ist vorne? Wo ist hinten? Auf den ersten Blick kann der Augenfleck-Mirakelbarsch auch uns verwirren. &hellip; <\/p>\n<p class=\"link-more\"><a href=\"https:\/\/alles-ueber-riffe.de\/?page_id=5469\" class=\"more-link\"><span class=\"screen-reader-text\">\u201eAugenfleck-Mirakelbarsch\u201c<\/span> weiterlesen<\/a><\/p>\n","protected":false},"author":1,"featured_media":0,"parent":0,"menu_order":0,"comment_status":"closed","ping_status":"closed","template":"","meta":{"footnotes":""},"class_list":["post-5469","page","type-page","status-publish","hentry"],"_links":{"self":[{"href":"https:\/\/alles-ueber-riffe.de\/index.php?rest_route=\/wp\/v2\/pages\/5469","targetHints":{"allow":["GET"]}}],"collection":[{"href":"https:\/\/alles-ueber-riffe.de\/index.php?rest_route=\/wp\/v2\/pages"}],"about":[{"href":"https:\/\/alles-ueber-riffe.de\/index.php?rest_route=\/wp\/v2\/types\/page"}],"author":[{"embeddable":true,"href":"https:\/\/alles-ueber-riffe.de\/index.php?rest_route=\/wp\/v2\/users\/1"}],"replies":[{"embeddable":true,"href":"https:\/\/alles-ueber-riffe.de\/index.php?rest_route=%2Fwp%2Fv2%2Fcomments&post=5469"}],"version-history":[{"count":5,"href":"https:\/\/alles-ueber-riffe.de\/index.php?rest_route=\/wp\/v2\/pages\/5469\/revisions"}],"predecessor-version":[{"id":8507,"href":"https:\/\/alles-ueber-riffe.de\/index.php?rest_route=\/wp\/v2\/pages\/5469\/revisions\/8507"}],"wp:attachment":[{"href":"https:\/\/alles-ueber-riffe.de\/index.php?rest_route=%2Fwp%2Fv2%2Fmedia&parent=5469"}],"curies":[{"name":"wp","href":"https:\/\/api.w.org\/{rel}","templated":true}]}}