{"id":5467,"date":"2025-01-08T21:52:49","date_gmt":"2025-01-08T21:52:49","guid":{"rendered":"https:\/\/alles-ueber-riffe.de\/?page_id=5467"},"modified":"2025-01-30T21:37:01","modified_gmt":"2025-01-30T21:37:01","slug":"milchfisch","status":"publish","type":"page","link":"https:\/\/alles-ueber-riffe.de\/?page_id=5467","title":{"rendered":"Milchfisch"},"content":{"rendered":"\n<div class=\"wp-block-group is-vertical is-layout-flex wp-container-core-group-is-layout-8cf370e7 wp-block-group-is-layout-flex\">\n<p><strong>Milchfisch<\/strong><\/p>\n\n\n\n<p>Milkfish<\/p>\n\n\n\n<p><em>Chanos chanos<\/em><\/p>\n<\/div>\n\n\n\n<div style=\"height:30px\" aria-hidden=\"true\" class=\"wp-block-spacer\"><\/div>\n\n\n\n<figure class=\"wp-block-image size-full\"><img loading=\"lazy\" decoding=\"async\" width=\"1024\" height=\"768\" src=\"https:\/\/alles-ueber-riffe.de\/wp-content\/uploads\/2025\/01\/Milchfisch_1024x768.jpg\" alt=\"\" class=\"wp-image-8497\" srcset=\"https:\/\/alles-ueber-riffe.de\/wp-content\/uploads\/2025\/01\/Milchfisch_1024x768.jpg 1024w, https:\/\/alles-ueber-riffe.de\/wp-content\/uploads\/2025\/01\/Milchfisch_1024x768-300x225.jpg 300w, https:\/\/alles-ueber-riffe.de\/wp-content\/uploads\/2025\/01\/Milchfisch_1024x768-768x576.jpg 768w\" sizes=\"auto, (max-width: 767px) 89vw, (max-width: 1000px) 54vw, (max-width: 1071px) 543px, 580px\" \/><figcaption class=\"wp-element-caption\">\u00a9 Tomas Kotouc<\/figcaption><\/figure>\n\n\n\n<hr class=\"wp-block-separator has-alpha-channel-opacity is-style-default\"\/>\n\n\n\n<p><strong>Gr\u00f6\u00dfe: <\/strong> bis 1,80 m<\/p>\n\n\n\n<p><strong>Lebensraum:<\/strong> Korallenriffe, vorwiegend im flachen Bereich oder in der N\u00e4he der Oberfl\u00e4che<\/p>\n\n\n\n<p><strong>Vorkommen:  <\/strong>in allen tropischen und subtropische Bereichen des Pazifik einschliesslich der Nebenmeere Rotes Meer und Persischer Golf<\/p>\n\n\n\n<p><strong>Erkennungsmerkmale: <\/strong>Grundfarbe silbern; langgestreckter Fisch; Schwanzflosse mit schwarzen R\u00e4ndern<\/p>\n\n\n\n<p><strong>Biologie &amp; Verhalten: <\/strong> Milchfische werden oft mit Haien oder Makrelen verwechselt, vor allem weil man sie eher von weitem und schnell vorbei schwimmen sieht. Au\u00dfer der silbernen Farbe, Form und Gr\u00f6\u00dfe haben sie mit ihnen wenig Gemeinsamkeiten. Sie sind ganz harmlose Plankton- und Quallenfresser.<\/p>\n\n\n\n<p><strong>Bedrohungsstatus:<\/strong> Die Art wird auf der Roten Liste der IUCN als <mark style=\"background-color:rgba(0, 0, 0, 0)\" class=\"has-inline-color has-vivid-green-cyan-color\">\u201enicht gef\u00e4hrdet\u201c<\/mark> gef\u00fchrt.<\/p>\n\n\n\n<hr class=\"wp-block-separator has-alpha-channel-opacity is-style-default\"\/>\n","protected":false},"excerpt":{"rendered":"<p>Milchfisch Milkfish Chanos chanos Gr\u00f6\u00dfe: bis 1,80 m Lebensraum: Korallenriffe, vorwiegend im flachen Bereich oder in der N\u00e4he der Oberfl\u00e4che Vorkommen: in allen tropischen und subtropische Bereichen des Pazifik einschliesslich der Nebenmeere Rotes Meer und Persischer Golf Erkennungsmerkmale: Grundfarbe silbern; langgestreckter Fisch; Schwanzflosse mit schwarzen R\u00e4ndern Biologie &amp; Verhalten: Milchfische werden oft mit Haien oder &hellip; <\/p>\n<p class=\"link-more\"><a href=\"https:\/\/alles-ueber-riffe.de\/?page_id=5467\" class=\"more-link\"><span class=\"screen-reader-text\">\u201eMilchfisch\u201c<\/span> weiterlesen<\/a><\/p>\n","protected":false},"author":1,"featured_media":0,"parent":0,"menu_order":0,"comment_status":"closed","ping_status":"closed","template":"","meta":{"footnotes":""},"class_list":["post-5467","page","type-page","status-publish","hentry"],"_links":{"self":[{"href":"https:\/\/alles-ueber-riffe.de\/index.php?rest_route=\/wp\/v2\/pages\/5467","targetHints":{"allow":["GET"]}}],"collection":[{"href":"https:\/\/alles-ueber-riffe.de\/index.php?rest_route=\/wp\/v2\/pages"}],"about":[{"href":"https:\/\/alles-ueber-riffe.de\/index.php?rest_route=\/wp\/v2\/types\/page"}],"author":[{"embeddable":true,"href":"https:\/\/alles-ueber-riffe.de\/index.php?rest_route=\/wp\/v2\/users\/1"}],"replies":[{"embeddable":true,"href":"https:\/\/alles-ueber-riffe.de\/index.php?rest_route=%2Fwp%2Fv2%2Fcomments&post=5467"}],"version-history":[{"count":6,"href":"https:\/\/alles-ueber-riffe.de\/index.php?rest_route=\/wp\/v2\/pages\/5467\/revisions"}],"predecessor-version":[{"id":8503,"href":"https:\/\/alles-ueber-riffe.de\/index.php?rest_route=\/wp\/v2\/pages\/5467\/revisions\/8503"}],"wp:attachment":[{"href":"https:\/\/alles-ueber-riffe.de\/index.php?rest_route=%2Fwp%2Fv2%2Fmedia&parent=5467"}],"curies":[{"name":"wp","href":"https:\/\/api.w.org\/{rel}","templated":true}]}}