{"id":5461,"date":"2025-01-08T21:51:57","date_gmt":"2025-01-08T21:51:57","guid":{"rendered":"https:\/\/alles-ueber-riffe.de\/?page_id=5461"},"modified":"2025-01-30T21:19:48","modified_gmt":"2025-01-30T21:19:48","slug":"zweifarben-meerbarbe","status":"publish","type":"page","link":"https:\/\/alles-ueber-riffe.de\/?page_id=5461","title":{"rendered":"Zweifarben-Meerbarbe"},"content":{"rendered":"\n<div class=\"wp-block-group is-vertical is-layout-flex wp-container-core-group-is-layout-8cf370e7 wp-block-group-is-layout-flex\">\n<p><strong>Zweifarben-Meerbarbe<\/strong><\/p>\n\n\n\n<p>Bicolor goatfish<\/p>\n\n\n\n<p><em>Parupeneus barberinoides<\/em><\/p>\n<\/div>\n\n\n\n<div style=\"height:30px\" aria-hidden=\"true\" class=\"wp-block-spacer\"><\/div>\n\n\n\n<figure class=\"wp-block-image size-full\"><img loading=\"lazy\" decoding=\"async\" width=\"1024\" height=\"768\" src=\"https:\/\/alles-ueber-riffe.de\/wp-content\/uploads\/2025\/01\/Zweifarben-Meerbarbe_1024x768.jpg\" alt=\"\" class=\"wp-image-8472\" srcset=\"https:\/\/alles-ueber-riffe.de\/wp-content\/uploads\/2025\/01\/Zweifarben-Meerbarbe_1024x768.jpg 1024w, https:\/\/alles-ueber-riffe.de\/wp-content\/uploads\/2025\/01\/Zweifarben-Meerbarbe_1024x768-300x225.jpg 300w, https:\/\/alles-ueber-riffe.de\/wp-content\/uploads\/2025\/01\/Zweifarben-Meerbarbe_1024x768-768x576.jpg 768w\" sizes=\"auto, (max-width: 767px) 89vw, (max-width: 1000px) 54vw, (max-width: 1071px) 543px, 580px\" \/><figcaption class=\"wp-element-caption\">\u00a9 Joris Rombouts<\/figcaption><\/figure>\n\n\n\n<hr class=\"wp-block-separator has-alpha-channel-opacity is-style-default\"\/>\n\n\n\n<p><strong>Gr\u00f6\u00dfe: <\/strong> bis 30 cm<\/p>\n\n\n\n<p><strong>Lebensraum:<\/strong> Korallenriffe, Sand- Ger\u00f6llb\u00f6den<\/p>\n\n\n\n<p><strong>Vorkommen:  <\/strong>Ostindonesien, Nordaustralien, Philippinen, Indonesien, S\u00fcdjapan, Papua-Neuguinea, Ozeanien bis Palau<\/p>\n\n\n\n<p><strong>Erkennungsmerkmale: <\/strong>Vorderk\u00f6rper dunkelbraun bis rot; Hinterk\u00f6rper hellgrau bis wei\u00df mit schwarzem Punkt<\/p>\n\n\n\n<p><strong>Biologie &amp; Verhalten: <\/strong> Adulte Tier sind Einzelg\u00e4nger. Juvenile Tiere bilden Schw\u00e4rme. Auch sie jagen Wirbellose.<\/p>\n\n\n\n<p><strong>Bedrohungsstatus:<\/strong> Die Art wird auf der Roten Liste der IUCN als <mark style=\"background-color:rgba(0, 0, 0, 0)\" class=\"has-inline-color has-vivid-green-cyan-color\">\u201enicht gef\u00e4hrdet\u201c<\/mark> gef\u00fchrt.<\/p>\n\n\n\n<hr class=\"wp-block-separator has-alpha-channel-opacity is-style-default\"\/>\n","protected":false},"excerpt":{"rendered":"<p>Zweifarben-Meerbarbe Bicolor goatfish Parupeneus barberinoides Gr\u00f6\u00dfe: bis 30 cm Lebensraum: Korallenriffe, Sand- Ger\u00f6llb\u00f6den Vorkommen: Ostindonesien, Nordaustralien, Philippinen, Indonesien, S\u00fcdjapan, Papua-Neuguinea, Ozeanien bis Palau Erkennungsmerkmale: Vorderk\u00f6rper dunkelbraun bis rot; Hinterk\u00f6rper hellgrau bis wei\u00df mit schwarzem Punkt Biologie &amp; Verhalten: Adulte Tier sind Einzelg\u00e4nger. Juvenile Tiere bilden Schw\u00e4rme. Auch sie jagen Wirbellose. Bedrohungsstatus: Die Art wird auf &hellip; <\/p>\n<p class=\"link-more\"><a href=\"https:\/\/alles-ueber-riffe.de\/?page_id=5461\" class=\"more-link\"><span class=\"screen-reader-text\">\u201eZweifarben-Meerbarbe\u201c<\/span> weiterlesen<\/a><\/p>\n","protected":false},"author":1,"featured_media":0,"parent":0,"menu_order":0,"comment_status":"closed","ping_status":"closed","template":"","meta":{"footnotes":""},"class_list":["post-5461","page","type-page","status-publish","hentry"],"_links":{"self":[{"href":"https:\/\/alles-ueber-riffe.de\/index.php?rest_route=\/wp\/v2\/pages\/5461","targetHints":{"allow":["GET"]}}],"collection":[{"href":"https:\/\/alles-ueber-riffe.de\/index.php?rest_route=\/wp\/v2\/pages"}],"about":[{"href":"https:\/\/alles-ueber-riffe.de\/index.php?rest_route=\/wp\/v2\/types\/page"}],"author":[{"embeddable":true,"href":"https:\/\/alles-ueber-riffe.de\/index.php?rest_route=\/wp\/v2\/users\/1"}],"replies":[{"embeddable":true,"href":"https:\/\/alles-ueber-riffe.de\/index.php?rest_route=%2Fwp%2Fv2%2Fcomments&post=5461"}],"version-history":[{"count":5,"href":"https:\/\/alles-ueber-riffe.de\/index.php?rest_route=\/wp\/v2\/pages\/5461\/revisions"}],"predecessor-version":[{"id":8475,"href":"https:\/\/alles-ueber-riffe.de\/index.php?rest_route=\/wp\/v2\/pages\/5461\/revisions\/8475"}],"wp:attachment":[{"href":"https:\/\/alles-ueber-riffe.de\/index.php?rest_route=%2Fwp%2Fv2%2Fmedia&parent=5461"}],"curies":[{"name":"wp","href":"https:\/\/api.w.org\/{rel}","templated":true}]}}