{"id":5459,"date":"2025-01-08T21:51:38","date_gmt":"2025-01-08T21:51:38","guid":{"rendered":"https:\/\/alles-ueber-riffe.de\/?page_id=5459"},"modified":"2025-01-30T21:16:09","modified_gmt":"2025-01-30T21:16:09","slug":"vielstreifen-barbe","status":"publish","type":"page","link":"https:\/\/alles-ueber-riffe.de\/?page_id=5459","title":{"rendered":"Vielstreifen-Barbe"},"content":{"rendered":"\n<div class=\"wp-block-group is-vertical is-layout-flex wp-container-core-group-is-layout-8cf370e7 wp-block-group-is-layout-flex\">\n<p><strong>Vielstreifen-Barbe<\/strong><\/p>\n\n\n\n<p>Manybar goatfish<\/p>\n\n\n\n<p><em>Parapuneus multifasciatus<\/em><\/p>\n<\/div>\n\n\n\n<div style=\"height:30px\" aria-hidden=\"true\" class=\"wp-block-spacer\"><\/div>\n\n\n\n<figure class=\"wp-block-image size-full\"><img loading=\"lazy\" decoding=\"async\" width=\"1024\" height=\"768\" src=\"https:\/\/alles-ueber-riffe.de\/wp-content\/uploads\/2025\/01\/Vielstreifen-Barbe_1024x768.jpg\" alt=\"\" class=\"wp-image-8465\" srcset=\"https:\/\/alles-ueber-riffe.de\/wp-content\/uploads\/2025\/01\/Vielstreifen-Barbe_1024x768.jpg 1024w, https:\/\/alles-ueber-riffe.de\/wp-content\/uploads\/2025\/01\/Vielstreifen-Barbe_1024x768-300x225.jpg 300w, https:\/\/alles-ueber-riffe.de\/wp-content\/uploads\/2025\/01\/Vielstreifen-Barbe_1024x768-768x576.jpg 768w\" sizes=\"auto, (max-width: 767px) 89vw, (max-width: 1000px) 54vw, (max-width: 1071px) 543px, 580px\" \/><figcaption class=\"wp-element-caption\">\u00a9 Joris Rombouts<\/figcaption><\/figure>\n\n\n\n<hr class=\"wp-block-separator has-alpha-channel-opacity is-style-default\"\/>\n\n\n\n<p><strong>Gr\u00f6\u00dfe: <\/strong> bis 35 cm<\/p>\n\n\n\n<p><strong>Lebensraum:<\/strong> Korallenriffe, Sand- Ger\u00f6llb\u00f6den<\/p>\n\n\n\n<p><strong>Vorkommen:  <\/strong>Weihnachtsinseln, Nordaustralien, Philippinen, Indonesien, S\u00fcdjapan, Papua-Neuguinea, Ozeanien bis Franz\u00f6sisch-Polynesien<\/p>\n\n\n\n<p><strong>Erkennungsmerkmale: <\/strong>Grundfarbe sehr variabel von br\u00e4unlich bis rot; charakteristisch ist der dunkle Querfleck am Ansatz der zweiten R\u00fcckenflosse sowie an der Schwanzwurzel<\/p>\n\n\n\n<p><strong>Biologie &amp; Verhalten: <\/strong> Die tagaktive Meerbarbe jagt in Gruppen Wirbellose.<\/p>\n\n\n\n<p><strong>Bedrohungsstatus:<\/strong> Die Art wird auf der Roten Liste der IUCN als <mark style=\"background-color:rgba(0, 0, 0, 0)\" class=\"has-inline-color has-vivid-green-cyan-color\">\u201enicht gef\u00e4hrdet\u201c<\/mark> gef\u00fchrt.<\/p>\n\n\n\n<hr class=\"wp-block-separator has-alpha-channel-opacity is-style-default\"\/>\n","protected":false},"excerpt":{"rendered":"<p>Vielstreifen-Barbe Manybar goatfish Parapuneus multifasciatus Gr\u00f6\u00dfe: bis 35 cm Lebensraum: Korallenriffe, Sand- Ger\u00f6llb\u00f6den Vorkommen: Weihnachtsinseln, Nordaustralien, Philippinen, Indonesien, S\u00fcdjapan, Papua-Neuguinea, Ozeanien bis Franz\u00f6sisch-Polynesien Erkennungsmerkmale: Grundfarbe sehr variabel von br\u00e4unlich bis rot; charakteristisch ist der dunkle Querfleck am Ansatz der zweiten R\u00fcckenflosse sowie an der Schwanzwurzel Biologie &amp; Verhalten: Die tagaktive Meerbarbe jagt in Gruppen Wirbellose. &hellip; <\/p>\n<p class=\"link-more\"><a href=\"https:\/\/alles-ueber-riffe.de\/?page_id=5459\" class=\"more-link\"><span class=\"screen-reader-text\">\u201eVielstreifen-Barbe\u201c<\/span> weiterlesen<\/a><\/p>\n","protected":false},"author":1,"featured_media":0,"parent":0,"menu_order":0,"comment_status":"closed","ping_status":"closed","template":"","meta":{"footnotes":""},"class_list":["post-5459","page","type-page","status-publish","hentry"],"_links":{"self":[{"href":"https:\/\/alles-ueber-riffe.de\/index.php?rest_route=\/wp\/v2\/pages\/5459","targetHints":{"allow":["GET"]}}],"collection":[{"href":"https:\/\/alles-ueber-riffe.de\/index.php?rest_route=\/wp\/v2\/pages"}],"about":[{"href":"https:\/\/alles-ueber-riffe.de\/index.php?rest_route=\/wp\/v2\/types\/page"}],"author":[{"embeddable":true,"href":"https:\/\/alles-ueber-riffe.de\/index.php?rest_route=\/wp\/v2\/users\/1"}],"replies":[{"embeddable":true,"href":"https:\/\/alles-ueber-riffe.de\/index.php?rest_route=%2Fwp%2Fv2%2Fcomments&post=5459"}],"version-history":[{"count":6,"href":"https:\/\/alles-ueber-riffe.de\/index.php?rest_route=\/wp\/v2\/pages\/5459\/revisions"}],"predecessor-version":[{"id":8469,"href":"https:\/\/alles-ueber-riffe.de\/index.php?rest_route=\/wp\/v2\/pages\/5459\/revisions\/8469"}],"wp:attachment":[{"href":"https:\/\/alles-ueber-riffe.de\/index.php?rest_route=%2Fwp%2Fv2%2Fmedia&parent=5459"}],"curies":[{"name":"wp","href":"https:\/\/api.w.org\/{rel}","templated":true}]}}