{"id":5449,"date":"2025-01-08T21:50:24","date_gmt":"2025-01-08T21:50:24","guid":{"rendered":"https:\/\/alles-ueber-riffe.de\/?page_id=5449"},"modified":"2025-01-30T21:24:25","modified_gmt":"2025-01-30T21:24:25","slug":"kurzstreifen-barbe","status":"publish","type":"page","link":"https:\/\/alles-ueber-riffe.de\/?page_id=5449","title":{"rendered":"Kurzstreifen-Barbe"},"content":{"rendered":"\n<div class=\"wp-block-group is-vertical is-layout-flex wp-container-core-group-is-layout-8cf370e7 wp-block-group-is-layout-flex\">\n<p><strong>Doppelband-Barbe<\/strong><\/p>\n\n\n\n<p>Doublebar goatfish<\/p>\n\n\n\n<p><em>Parupeneus crassilabris<\/em><\/p>\n<\/div>\n\n\n\n<div style=\"height:30px\" aria-hidden=\"true\" class=\"wp-block-spacer\"><\/div>\n\n\n\n<figure class=\"wp-block-image size-full\"><img loading=\"lazy\" decoding=\"async\" width=\"1024\" height=\"768\" src=\"https:\/\/alles-ueber-riffe.de\/wp-content\/uploads\/2025\/01\/Doppelband-Barbe_1024x768.jpg\" alt=\"\" class=\"wp-image-8479\" srcset=\"https:\/\/alles-ueber-riffe.de\/wp-content\/uploads\/2025\/01\/Doppelband-Barbe_1024x768.jpg 1024w, https:\/\/alles-ueber-riffe.de\/wp-content\/uploads\/2025\/01\/Doppelband-Barbe_1024x768-300x225.jpg 300w, https:\/\/alles-ueber-riffe.de\/wp-content\/uploads\/2025\/01\/Doppelband-Barbe_1024x768-768x576.jpg 768w\" sizes=\"auto, (max-width: 767px) 89vw, (max-width: 1000px) 54vw, (max-width: 1071px) 543px, 580px\" \/><figcaption class=\"wp-element-caption\">\u00a9 Joris Rombouts<\/figcaption><\/figure>\n\n\n\n<hr class=\"wp-block-separator has-alpha-channel-opacity is-style-default\"\/>\n\n\n\n<p><strong>Gr\u00f6\u00dfe: <\/strong> bis 38 cm<\/p>\n\n\n\n<p><strong>Lebensraum:<\/strong> Korallenriffe, Sand- Ger\u00f6llb\u00f6den<\/p>\n\n\n\n<p><strong>Vorkommen:  <\/strong>Ostindonesien, Philippinen, Papua-Neuguinea, Nordaustralien, Ozeanien bis Tonga<\/p>\n\n\n\n<p><strong>Erkennungsmerkmale: <\/strong>Grundfarbe hellgrau; zwei ganz dicke, schwarze Flecken bis Querb\u00e4nder<\/p>\n\n\n\n<p><strong>Biologie &amp; Verhalten: <\/strong> Diese Meerbarbe jagt Wirbellose.\u00a0\u00a0Wenn sie nicht fressen, liegen sie gerne auf Korallen und ruhen.<\/p>\n\n\n\n<p><strong>Bedrohungsstatus:<\/strong> Die Art wird auf der Roten Liste der IUCN als <mark style=\"background-color:rgba(0, 0, 0, 0)\" class=\"has-inline-color has-vivid-green-cyan-color\">\u201enicht gef\u00e4hrdet\u201c<\/mark> gef\u00fchrt.<\/p>\n\n\n\n<hr class=\"wp-block-separator has-alpha-channel-opacity is-style-default\"\/>\n","protected":false},"excerpt":{"rendered":"<p>Doppelband-Barbe Doublebar goatfish Parupeneus crassilabris Gr\u00f6\u00dfe: bis 38 cm Lebensraum: Korallenriffe, Sand- Ger\u00f6llb\u00f6den Vorkommen: Ostindonesien, Philippinen, Papua-Neuguinea, Nordaustralien, Ozeanien bis Tonga Erkennungsmerkmale: Grundfarbe hellgrau; zwei ganz dicke, schwarze Flecken bis Querb\u00e4nder Biologie &amp; Verhalten: Diese Meerbarbe jagt Wirbellose.\u00a0\u00a0Wenn sie nicht fressen, liegen sie gerne auf Korallen und ruhen. Bedrohungsstatus: Die Art wird auf der Roten &hellip; <\/p>\n<p class=\"link-more\"><a href=\"https:\/\/alles-ueber-riffe.de\/?page_id=5449\" class=\"more-link\"><span class=\"screen-reader-text\">\u201eKurzstreifen-Barbe\u201c<\/span> weiterlesen<\/a><\/p>\n","protected":false},"author":1,"featured_media":0,"parent":0,"menu_order":0,"comment_status":"closed","ping_status":"closed","template":"","meta":{"footnotes":""},"class_list":["post-5449","page","type-page","status-publish","hentry"],"_links":{"self":[{"href":"https:\/\/alles-ueber-riffe.de\/index.php?rest_route=\/wp\/v2\/pages\/5449","targetHints":{"allow":["GET"]}}],"collection":[{"href":"https:\/\/alles-ueber-riffe.de\/index.php?rest_route=\/wp\/v2\/pages"}],"about":[{"href":"https:\/\/alles-ueber-riffe.de\/index.php?rest_route=\/wp\/v2\/types\/page"}],"author":[{"embeddable":true,"href":"https:\/\/alles-ueber-riffe.de\/index.php?rest_route=\/wp\/v2\/users\/1"}],"replies":[{"embeddable":true,"href":"https:\/\/alles-ueber-riffe.de\/index.php?rest_route=%2Fwp%2Fv2%2Fcomments&post=5449"}],"version-history":[{"count":8,"href":"https:\/\/alles-ueber-riffe.de\/index.php?rest_route=\/wp\/v2\/pages\/5449\/revisions"}],"predecessor-version":[{"id":8483,"href":"https:\/\/alles-ueber-riffe.de\/index.php?rest_route=\/wp\/v2\/pages\/5449\/revisions\/8483"}],"wp:attachment":[{"href":"https:\/\/alles-ueber-riffe.de\/index.php?rest_route=%2Fwp%2Fv2%2Fmedia&parent=5449"}],"curies":[{"name":"wp","href":"https:\/\/api.w.org\/{rel}","templated":true}]}}