{"id":5447,"date":"2025-01-08T21:50:10","date_gmt":"2025-01-08T21:50:10","guid":{"rendered":"https:\/\/alles-ueber-riffe.de\/?page_id=5447"},"modified":"2025-01-30T20:53:32","modified_gmt":"2025-01-30T20:53:32","slug":"gelbflossen-barbe","status":"publish","type":"page","link":"https:\/\/alles-ueber-riffe.de\/?page_id=5447","title":{"rendered":"Gelbflossen-Barbe"},"content":{"rendered":"\n<div class=\"wp-block-group is-vertical is-layout-flex wp-container-core-group-is-layout-8cf370e7 wp-block-group-is-layout-flex\">\n<p><strong>Gelbflossen-Barbe<\/strong><\/p>\n\n\n\n<p>Yellowfin goatfish<\/p>\n\n\n\n<p><em>Mulloidichthys vanicolensis<\/em><\/p>\n<\/div>\n\n\n\n<div style=\"height:30px\" aria-hidden=\"true\" class=\"wp-block-spacer\"><\/div>\n\n\n\n<figure class=\"wp-block-video\"><video height=\"576\" style=\"aspect-ratio: 1024 \/ 576;\" width=\"1024\" controls src=\"https:\/\/alles-ueber-riffe.de\/wp-content\/uploads\/2025\/01\/Gelbflossen-Barbe.mp4\"><\/video><figcaption class=\"wp-element-caption\">\u00a9 Heinz Krimmer<\/figcaption><\/figure>\n\n\n\n<hr class=\"wp-block-separator has-alpha-channel-opacity is-style-default\"\/>\n\n\n\n<p><strong>Gr\u00f6\u00dfe: <\/strong> bis 38 cm<\/p>\n\n\n\n<p><strong>Lebensraum:<\/strong> Korallenriffe, Sandb\u00f6den<\/p>\n\n\n\n<p><strong>Vorkommen:  <\/strong>von Ostafrika, Rotes Meer, Oman, Malediven, S\u00fcdjapan, ganz S\u00fcdostasien, Papua-Neuguinea, Nordaustralien, Ozeanien bis Hawaii<\/p>\n\n\n\n<p><strong>Erkennungsmerkmale: <\/strong>Grundfarbe wei\u00df; gelber R\u00fccken, Schwanzflosse und L\u00e4ngsstreifen<\/p>\n\n\n\n<p><strong>Biologie &amp; Verhalten: <\/strong> Wer die Gelbflossen-Meerbarben aktiv erleben will, muss nachts tauchen. Dann gehen sie auf die Jagd und durchpfl\u00fcgen den Meeresboden mit ihren Barteln nach W\u00fcrmern und anderen Wirbellosen. Tags\u00fcber stehen sie in gro\u00dfen, wundersch\u00f6nen Schw\u00e4rmen im Riff und scheinen sich durch nichts aus der Ruhe bringen zu lassen.<\/p>\n\n\n\n<p><strong>Bedrohungsstatus:<\/strong> Die Art wird auf der Roten Liste der IUCN als <mark style=\"background-color:rgba(0, 0, 0, 0)\" class=\"has-inline-color has-vivid-green-cyan-color\">\u201enicht gef\u00e4hrdet\u201c<\/mark> gef\u00fchrt.<\/p>\n\n\n\n<hr class=\"wp-block-separator has-alpha-channel-opacity is-style-default\"\/>\n","protected":false},"excerpt":{"rendered":"<p>Gelbflossen-Barbe Yellowfin goatfish Mulloidichthys vanicolensis Gr\u00f6\u00dfe: bis 38 cm Lebensraum: Korallenriffe, Sandb\u00f6den Vorkommen: von Ostafrika, Rotes Meer, Oman, Malediven, S\u00fcdjapan, ganz S\u00fcdostasien, Papua-Neuguinea, Nordaustralien, Ozeanien bis Hawaii Erkennungsmerkmale: Grundfarbe wei\u00df; gelber R\u00fccken, Schwanzflosse und L\u00e4ngsstreifen Biologie &amp; Verhalten: Wer die Gelbflossen-Meerbarben aktiv erleben will, muss nachts tauchen. Dann gehen sie auf die Jagd und durchpfl\u00fcgen &hellip; <\/p>\n<p class=\"link-more\"><a href=\"https:\/\/alles-ueber-riffe.de\/?page_id=5447\" class=\"more-link\"><span class=\"screen-reader-text\">\u201eGelbflossen-Barbe\u201c<\/span> weiterlesen<\/a><\/p>\n","protected":false},"author":1,"featured_media":0,"parent":0,"menu_order":0,"comment_status":"closed","ping_status":"closed","template":"","meta":{"footnotes":""},"class_list":["post-5447","page","type-page","status-publish","hentry"],"_links":{"self":[{"href":"https:\/\/alles-ueber-riffe.de\/index.php?rest_route=\/wp\/v2\/pages\/5447","targetHints":{"allow":["GET"]}}],"collection":[{"href":"https:\/\/alles-ueber-riffe.de\/index.php?rest_route=\/wp\/v2\/pages"}],"about":[{"href":"https:\/\/alles-ueber-riffe.de\/index.php?rest_route=\/wp\/v2\/types\/page"}],"author":[{"embeddable":true,"href":"https:\/\/alles-ueber-riffe.de\/index.php?rest_route=\/wp\/v2\/users\/1"}],"replies":[{"embeddable":true,"href":"https:\/\/alles-ueber-riffe.de\/index.php?rest_route=%2Fwp%2Fv2%2Fcomments&post=5447"}],"version-history":[{"count":4,"href":"https:\/\/alles-ueber-riffe.de\/index.php?rest_route=\/wp\/v2\/pages\/5447\/revisions"}],"predecessor-version":[{"id":8435,"href":"https:\/\/alles-ueber-riffe.de\/index.php?rest_route=\/wp\/v2\/pages\/5447\/revisions\/8435"}],"wp:attachment":[{"href":"https:\/\/alles-ueber-riffe.de\/index.php?rest_route=%2Fwp%2Fv2%2Fmedia&parent=5447"}],"curies":[{"name":"wp","href":"https:\/\/api.w.org\/{rel}","templated":true}]}}