{"id":5445,"date":"2025-01-08T21:49:55","date_gmt":"2025-01-08T21:49:55","guid":{"rendered":"https:\/\/alles-ueber-riffe.de\/?page_id=5445"},"modified":"2025-01-29T20:51:27","modified_gmt":"2025-01-29T20:51:27","slug":"stumpfmaul-meeraeschen","status":"publish","type":"page","link":"https:\/\/alles-ueber-riffe.de\/?page_id=5445","title":{"rendered":"Stumpfmaul-Meer\u00e4schen"},"content":{"rendered":"\n<div class=\"wp-block-group is-vertical is-layout-flex wp-container-core-group-is-layout-8cf370e7 wp-block-group-is-layout-flex\">\n<p><strong>Stumpfmaul-Meer\u00e4schen<\/strong><\/p>\n\n\n\n<p>Fringelip mullet<\/p>\n\n\n\n<p><em>Crenimugil crenilabis<\/em><\/p>\n<\/div>\n\n\n\n<div style=\"height:30px\" aria-hidden=\"true\" class=\"wp-block-spacer\"><\/div>\n\n\n\n<figure class=\"wp-block-video\"><video height=\"576\" style=\"aspect-ratio: 1024 \/ 576;\" width=\"1024\" controls src=\"https:\/\/alles-ueber-riffe.de\/wp-content\/uploads\/2025\/01\/Stumpfmaul-Meeraeschen.mp4\"><\/video><figcaption class=\"wp-element-caption\">\u00a9 Heinz Krimmer<\/figcaption><\/figure>\n\n\n\n<hr class=\"wp-block-separator has-alpha-channel-opacity is-style-default\"\/>\n\n\n\n<p><strong>Gr\u00f6\u00dfe: <\/strong>bis 60 cm<\/p>\n\n\n\n<p><strong>Lebensraum:<\/strong> Flachwasser im Riff oder  in der N\u00e4he von Riffen. Bis maximal 3 m Tiefe.<\/p>\n\n\n\n<p><strong>Vorkommen:  <\/strong>Ostafrika, Rotes Meer, Oman, Malediven, S\u00fcdjapan, ganz S\u00fcdostasien, Papua-Neuguinea, Nordaustralien, Ozeanien bis zu den Tuamoto Inseln<\/p>\n\n\n\n<p><strong>Erkennungsmerkmale: <\/strong>Grundfarbe silbern; zwei weit auseinander stehende R\u00fcckenflossen; Brustflosse sehr hoch am K\u00f6rper<\/p>\n\n\n\n<p><strong>Biologie &amp; Verhalten: <\/strong> \u00dcber 75 Arten von Meer\u00e4schen leben in den Ozeanen, aber eine sieht wie die andere aus. Vom reinen Sichten unter Wasser kann kein Mensch sie unterscheiden. Die Stumpfmaul-Meer\u00e4sche steht deshalb hier stellvertretend f\u00fcr alle anderen.<\/p>\n\n\n\n<p>Meer\u00e4schen fressen Algen und kleine Tiere, die sie entweder von der Wasseroberfl\u00e4che oder vom Boden fressen. Genau an diesen beiden Stellen kann man sie dann auch beobachten. Sie sind in kleinen Gruppen unterwegs.<\/p>\n\n\n\n<p><strong>Bedrohungsstatus:<\/strong> Die Art wird auf der Roten Liste der IUCN als <mark style=\"background-color:rgba(0, 0, 0, 0)\" class=\"has-inline-color has-vivid-green-cyan-color\">\u201enicht gef\u00e4hrdet\u201c<\/mark> gef\u00fchrt.<\/p>\n\n\n\n<hr class=\"wp-block-separator has-alpha-channel-opacity is-style-default\"\/>\n","protected":false},"excerpt":{"rendered":"<p>Stumpfmaul-Meer\u00e4schen Fringelip mullet Crenimugil crenilabis Gr\u00f6\u00dfe: bis 60 cm Lebensraum: Flachwasser im Riff oder in der N\u00e4he von Riffen. Bis maximal 3 m Tiefe. Vorkommen: Ostafrika, Rotes Meer, Oman, Malediven, S\u00fcdjapan, ganz S\u00fcdostasien, Papua-Neuguinea, Nordaustralien, Ozeanien bis zu den Tuamoto Inseln Erkennungsmerkmale: Grundfarbe silbern; zwei weit auseinander stehende R\u00fcckenflossen; Brustflosse sehr hoch am K\u00f6rper Biologie &hellip; <\/p>\n<p class=\"link-more\"><a href=\"https:\/\/alles-ueber-riffe.de\/?page_id=5445\" class=\"more-link\"><span class=\"screen-reader-text\">\u201eStumpfmaul-Meer\u00e4schen\u201c<\/span> weiterlesen<\/a><\/p>\n","protected":false},"author":1,"featured_media":0,"parent":0,"menu_order":0,"comment_status":"closed","ping_status":"closed","template":"","meta":{"footnotes":""},"class_list":["post-5445","page","type-page","status-publish","hentry"],"_links":{"self":[{"href":"https:\/\/alles-ueber-riffe.de\/index.php?rest_route=\/wp\/v2\/pages\/5445","targetHints":{"allow":["GET"]}}],"collection":[{"href":"https:\/\/alles-ueber-riffe.de\/index.php?rest_route=\/wp\/v2\/pages"}],"about":[{"href":"https:\/\/alles-ueber-riffe.de\/index.php?rest_route=\/wp\/v2\/types\/page"}],"author":[{"embeddable":true,"href":"https:\/\/alles-ueber-riffe.de\/index.php?rest_route=\/wp\/v2\/users\/1"}],"replies":[{"embeddable":true,"href":"https:\/\/alles-ueber-riffe.de\/index.php?rest_route=%2Fwp%2Fv2%2Fcomments&post=5445"}],"version-history":[{"count":7,"href":"https:\/\/alles-ueber-riffe.de\/index.php?rest_route=\/wp\/v2\/pages\/5445\/revisions"}],"predecessor-version":[{"id":8426,"href":"https:\/\/alles-ueber-riffe.de\/index.php?rest_route=\/wp\/v2\/pages\/5445\/revisions\/8426"}],"wp:attachment":[{"href":"https:\/\/alles-ueber-riffe.de\/index.php?rest_route=%2Fwp%2Fv2%2Fmedia&parent=5445"}],"curies":[{"name":"wp","href":"https:\/\/api.w.org\/{rel}","templated":true}]}}