{"id":5443,"date":"2025-01-08T21:49:43","date_gmt":"2025-01-08T21:49:43","guid":{"rendered":"https:\/\/alles-ueber-riffe.de\/?page_id=5443"},"modified":"2025-01-29T20:27:41","modified_gmt":"2025-01-29T20:27:41","slug":"zweilinien-makrele","status":"publish","type":"page","link":"https:\/\/alles-ueber-riffe.de\/?page_id=5443","title":{"rendered":"Zweilinien-Makrele"},"content":{"rendered":"\n<div class=\"wp-block-group\"><div class=\"wp-block-group__inner-container is-layout-constrained wp-block-group-is-layout-constrained\">\n<div class=\"wp-block-group is-vertical is-layout-flex wp-container-core-group-is-layout-8cf370e7 wp-block-group-is-layout-flex\">\n<p><strong>Zweilinien-Makrele<\/strong><\/p>\n\n\n\n<p>Double-lined mackerel<\/p>\n\n\n\n<p><em>Grammatorcynus bilineatus<\/em><\/p>\n<\/div>\n\n\n\n<div style=\"height:30px\" aria-hidden=\"true\" class=\"wp-block-spacer\"><\/div>\n\n\n\n<figure class=\"wp-block-video\"><video height=\"576\" style=\"aspect-ratio: 1024 \/ 576;\" width=\"1024\" controls src=\"https:\/\/alles-ueber-riffe.de\/wp-content\/uploads\/2025\/01\/Zweilinien-Makrele.mp4\"><\/video><figcaption class=\"wp-element-caption\">\u00a9 Heinz Krimmer<\/figcaption><\/figure>\n<\/div><\/div>\n\n\n\n<hr class=\"wp-block-separator has-alpha-channel-opacity\"\/>\n\n\n\n<p><strong>Gr\u00f6\u00dfe: <\/strong> bis 100 cm<\/p>\n\n\n\n<p><strong>Lebensraum:<\/strong> Freiwasser, manchmal in der N\u00e4he von Riffen<\/p>\n\n\n\n<p><strong>Vorkommen:  <\/strong> Ostafrika, Rotes Meer, Oman, Malediven, S\u00fcdjapan, ganz S\u00fcdostasien, Papua-Neuguinea, Nordaustralien, Ozeanien bis Fidschi<\/p>\n\n\n\n<p><strong>Erkennungsmerkmale: <\/strong> Grundfarbe silbern; langgestreckter K\u00f6rper; zwei Seitenlinien, von denen die eine hinter der Brustflosse fast rechtwinklig nach unten abgebogen ist und dann \u00fcber den Bauch nach hinten verl\u00e4uft<\/p>\n\n\n\n<p><strong>Biologie &amp; Verhalten: <\/strong> Als Einzelg\u00e4nger oder in Schw\u00e4rmen zu sehen. Jagt andere Fische und Krebstiere.<\/p>\n\n\n\n<p><strong>Bedrohungsstatus:<\/strong> Auf der Roten Liste der IUCN ist der Einfarben-Thunfisch als <mark style=\"background-color:rgba(0, 0, 0, 0)\" class=\"has-inline-color has-vivid-green-cyan-color\">\u201enicht gef\u00e4hrdet\u201c<\/mark> eingestuft.<\/p>\n\n\n\n<p><\/p>\n\n\n\n<hr class=\"wp-block-separator has-alpha-channel-opacity\"\/>\n","protected":false},"excerpt":{"rendered":"<p>Zweilinien-Makrele Double-lined mackerel Grammatorcynus bilineatus Gr\u00f6\u00dfe: bis 100 cm Lebensraum: Freiwasser, manchmal in der N\u00e4he von Riffen Vorkommen: Ostafrika, Rotes Meer, Oman, Malediven, S\u00fcdjapan, ganz S\u00fcdostasien, Papua-Neuguinea, Nordaustralien, Ozeanien bis Fidschi Erkennungsmerkmale: Grundfarbe silbern; langgestreckter K\u00f6rper; zwei Seitenlinien, von denen die eine hinter der Brustflosse fast rechtwinklig nach unten abgebogen ist und dann \u00fcber den &hellip; <\/p>\n<p class=\"link-more\"><a href=\"https:\/\/alles-ueber-riffe.de\/?page_id=5443\" class=\"more-link\"><span class=\"screen-reader-text\">\u201eZweilinien-Makrele\u201c<\/span> weiterlesen<\/a><\/p>\n","protected":false},"author":1,"featured_media":0,"parent":0,"menu_order":0,"comment_status":"closed","ping_status":"closed","template":"","meta":{"footnotes":""},"class_list":["post-5443","page","type-page","status-publish","hentry"],"_links":{"self":[{"href":"https:\/\/alles-ueber-riffe.de\/index.php?rest_route=\/wp\/v2\/pages\/5443","targetHints":{"allow":["GET"]}}],"collection":[{"href":"https:\/\/alles-ueber-riffe.de\/index.php?rest_route=\/wp\/v2\/pages"}],"about":[{"href":"https:\/\/alles-ueber-riffe.de\/index.php?rest_route=\/wp\/v2\/types\/page"}],"author":[{"embeddable":true,"href":"https:\/\/alles-ueber-riffe.de\/index.php?rest_route=\/wp\/v2\/users\/1"}],"replies":[{"embeddable":true,"href":"https:\/\/alles-ueber-riffe.de\/index.php?rest_route=%2Fwp%2Fv2%2Fcomments&post=5443"}],"version-history":[{"count":6,"href":"https:\/\/alles-ueber-riffe.de\/index.php?rest_route=\/wp\/v2\/pages\/5443\/revisions"}],"predecessor-version":[{"id":8382,"href":"https:\/\/alles-ueber-riffe.de\/index.php?rest_route=\/wp\/v2\/pages\/5443\/revisions\/8382"}],"wp:attachment":[{"href":"https:\/\/alles-ueber-riffe.de\/index.php?rest_route=%2Fwp%2Fv2%2Fmedia&parent=5443"}],"curies":[{"name":"wp","href":"https:\/\/api.w.org\/{rel}","templated":true}]}}