{"id":5441,"date":"2025-01-08T21:49:30","date_gmt":"2025-01-08T21:49:30","guid":{"rendered":"https:\/\/alles-ueber-riffe.de\/?page_id=5441"},"modified":"2025-01-29T20:39:57","modified_gmt":"2025-01-29T20:39:57","slug":"wahoo","status":"publish","type":"page","link":"https:\/\/alles-ueber-riffe.de\/?page_id=5441","title":{"rendered":"Wahoo"},"content":{"rendered":"\n<div class=\"wp-block-group\"><div class=\"wp-block-group__inner-container is-layout-constrained wp-block-group-is-layout-constrained\">\n<div class=\"wp-block-group is-vertical is-layout-flex wp-container-core-group-is-layout-8cf370e7 wp-block-group-is-layout-flex\">\n<p><strong>Einfarben-Thunfisch<\/strong><\/p>\n\n\n\n<p>Dogtooth tuna<\/p>\n\n\n\n<p><em>Gymnosarda unicolor<\/em><\/p>\n<\/div>\n\n\n\n<div style=\"height:30px\" aria-hidden=\"true\" class=\"wp-block-spacer\"><\/div>\n\n\n\n<figure class=\"wp-block-video\"><video height=\"576\" style=\"aspect-ratio: 1024 \/ 576;\" width=\"1024\" controls src=\"https:\/\/alles-ueber-riffe.de\/wp-content\/uploads\/2025\/01\/Wahoo.mp4\"><\/video><figcaption class=\"wp-element-caption\">\u00a9 Heinz Krimmer<\/figcaption><\/figure>\n<\/div><\/div>\n\n\n\n<hr class=\"wp-block-separator has-alpha-channel-opacity\"\/>\n\n\n\n<p><strong>Gr\u00f6\u00dfe: <\/strong> bis 2,50 m<\/p>\n\n\n\n<p><strong>Lebensraum:<\/strong> Freiwasser, manchmal in der N\u00e4he von Riffen<\/p>\n\n\n\n<p><strong>Vorkommen:  <\/strong> in allen tropischen und subtropischen Bereichen des Atlantiks und des Pazifik einschlie\u00dflich der Nebenmeere<\/p>\n\n\n\n<p><strong>Erkennungsmerkmale: <\/strong> Grundfarbe silbern; langgestreckter, torpedof\u00f6rmiger K\u00f6rper<\/p>\n\n\n\n<p><strong>Biologie &amp; Verhalten: <\/strong> Tauchen sie auf, so sieht man sie meistens einzeln oder in kleinen Gruppen. Wie die meisten Thunfische sind sie schnell und wendig. Ihre Beute, kleine Fische und Tintenfische, hat nur kaum eine Chance ihnen zu entkommen.<\/p>\n\n\n\n<p><strong>Bedrohungsstatus:<\/strong> Auf der Roten Liste der IUCN ist der Einfarben-Thunfisch als <mark style=\"background-color:rgba(0, 0, 0, 0)\" class=\"has-inline-color has-vivid-green-cyan-color\">\u201enicht gef\u00e4hrdet\u201c<\/mark> eingestuft.<\/p>\n\n\n\n<p><mark style=\"background-color:rgba(0, 0, 0, 0)\" class=\"has-inline-color has-vivid-red-color\"><strong>Gefahr:<\/strong> Bei dem Verzehr von Wahoofleisch kommt es des \u00f6fteren zu einer ciguatoxischen Vergiftung.<\/mark><\/p>\n\n\n\n<hr class=\"wp-block-separator has-alpha-channel-opacity\"\/>\n","protected":false},"excerpt":{"rendered":"<p>Einfarben-Thunfisch Dogtooth tuna Gymnosarda unicolor Gr\u00f6\u00dfe: bis 2,50 m Lebensraum: Freiwasser, manchmal in der N\u00e4he von Riffen Vorkommen: in allen tropischen und subtropischen Bereichen des Atlantiks und des Pazifik einschlie\u00dflich der Nebenmeere Erkennungsmerkmale: Grundfarbe silbern; langgestreckter, torpedof\u00f6rmiger K\u00f6rper Biologie &amp; Verhalten: Tauchen sie auf, so sieht man sie meistens einzeln oder in kleinen Gruppen. Wie &hellip; <\/p>\n<p class=\"link-more\"><a href=\"https:\/\/alles-ueber-riffe.de\/?page_id=5441\" class=\"more-link\"><span class=\"screen-reader-text\">\u201eWahoo\u201c<\/span> weiterlesen<\/a><\/p>\n","protected":false},"author":1,"featured_media":0,"parent":0,"menu_order":0,"comment_status":"closed","ping_status":"closed","template":"","meta":{"footnotes":""},"class_list":["post-5441","page","type-page","status-publish","hentry"],"_links":{"self":[{"href":"https:\/\/alles-ueber-riffe.de\/index.php?rest_route=\/wp\/v2\/pages\/5441","targetHints":{"allow":["GET"]}}],"collection":[{"href":"https:\/\/alles-ueber-riffe.de\/index.php?rest_route=\/wp\/v2\/pages"}],"about":[{"href":"https:\/\/alles-ueber-riffe.de\/index.php?rest_route=\/wp\/v2\/types\/page"}],"author":[{"embeddable":true,"href":"https:\/\/alles-ueber-riffe.de\/index.php?rest_route=\/wp\/v2\/users\/1"}],"replies":[{"embeddable":true,"href":"https:\/\/alles-ueber-riffe.de\/index.php?rest_route=%2Fwp%2Fv2%2Fcomments&post=5441"}],"version-history":[{"count":4,"href":"https:\/\/alles-ueber-riffe.de\/index.php?rest_route=\/wp\/v2\/pages\/5441\/revisions"}],"predecessor-version":[{"id":8402,"href":"https:\/\/alles-ueber-riffe.de\/index.php?rest_route=\/wp\/v2\/pages\/5441\/revisions\/8402"}],"wp:attachment":[{"href":"https:\/\/alles-ueber-riffe.de\/index.php?rest_route=%2Fwp%2Fv2%2Fmedia&parent=5441"}],"curies":[{"name":"wp","href":"https:\/\/api.w.org\/{rel}","templated":true}]}}