{"id":5439,"date":"2025-01-08T21:49:18","date_gmt":"2025-01-08T21:49:18","guid":{"rendered":"https:\/\/alles-ueber-riffe.de\/?page_id=5439"},"modified":"2025-01-30T11:13:29","modified_gmt":"2025-01-30T11:13:29","slug":"grossmaul-makrelen","status":"publish","type":"page","link":"https:\/\/alles-ueber-riffe.de\/?page_id=5439","title":{"rendered":"Gro\u00dfmaul-Makrele"},"content":{"rendered":"\n<div class=\"wp-block-group\"><div class=\"wp-block-group__inner-container is-layout-constrained wp-block-group-is-layout-constrained\">\n<div class=\"wp-block-group is-vertical is-layout-flex wp-container-core-group-is-layout-8cf370e7 wp-block-group-is-layout-flex\">\n<p><strong>Gro\u00dfmaul-Makrelen<\/strong><\/p>\n\n\n\n<p>Indian mackerel<\/p>\n\n\n\n<p><em>Rastrelliger kanagurta<\/em><\/p>\n<\/div>\n\n\n\n<div style=\"height:30px\" aria-hidden=\"true\" class=\"wp-block-spacer\"><\/div>\n<\/div><\/div>\n\n\n\n<figure class=\"wp-block-video\"><video height=\"576\" style=\"aspect-ratio: 1024 \/ 576;\" width=\"1024\" controls src=\"https:\/\/alles-ueber-riffe.de\/wp-content\/uploads\/2025\/01\/Grossmaul-Makrelen-Kopie.mp4\"><\/video><figcaption class=\"wp-element-caption\"><em>\u00a9 Heinz Krimmer<\/em><\/figcaption><\/figure>\n\n\n\n<hr class=\"wp-block-separator has-alpha-channel-opacity\"\/>\n\n\n\n<p><strong>Gr\u00f6\u00dfe: <\/strong> bis 38 cm<\/p>\n\n\n\n<p><strong>Lebensraum:<\/strong> Freiwasser in der N\u00e4he von Riffen, Seegraswiesen und Sandfl\u00e4chen<\/p>\n\n\n\n<p><strong>Vorkommen:  <\/strong> von Ostafrika, Rotes Meer, Oman, Malediven, S\u00fcdjapan, ganz S\u00fcdostasien, Nordaustralien, Papua-Neuguinea, Ozeanien bis Samoa; \u00fcber den Suezkanal in das Mittelmeer eingewandert<\/p>\n\n\n\n<p><strong>Erkennungsmerkmale: <\/strong> Grundfarbe silbern; beim Fressen extrem gro\u00dfes Maul<\/p>\n\n\n\n<p><strong>Biologie &amp; Verhalten: <\/strong> Wenn sie nicht fressen sehen Gro\u00dfmaul-Makrelen unscheinbar aus. Gott sei Dank fressen sie st\u00e4ndig und so kann man beobachten wie sie mit ihrem gro\u00dfen Maul versuchen Plankton aus dem Wasser zu fischen. Kommen sie direkt auf einen zu, kann man durch das Maul in den Fisch hineinschauen. Eine der kleinsten Arten der Familie.<\/p>\n\n\n\n<p>Gro\u00dfmaulmakrelen treten in Schw\u00e4rmen auf.<\/p>\n\n\n\n<p><strong>Bedrohungsstatus:<\/strong> Auf der Roten Liste der IUCN ist der Einfarben-Thunfisch als <mark style=\"background-color:rgba(0, 0, 0, 0)\" class=\"has-inline-color has-vivid-green-cyan-color\">\u201enicht gef\u00e4hrdet\u201c<\/mark> eingestuft.<\/p>\n\n\n\n<hr class=\"wp-block-separator has-alpha-channel-opacity\"\/>\n","protected":false},"excerpt":{"rendered":"<p>Gro\u00dfmaul-Makrelen Indian mackerel Rastrelliger kanagurta Gr\u00f6\u00dfe: bis 38 cm Lebensraum: Freiwasser in der N\u00e4he von Riffen, Seegraswiesen und Sandfl\u00e4chen Vorkommen: von Ostafrika, Rotes Meer, Oman, Malediven, S\u00fcdjapan, ganz S\u00fcdostasien, Nordaustralien, Papua-Neuguinea, Ozeanien bis Samoa; \u00fcber den Suezkanal in das Mittelmeer eingewandert Erkennungsmerkmale: Grundfarbe silbern; beim Fressen extrem gro\u00dfes Maul Biologie &amp; Verhalten: Wenn sie nicht &hellip; <\/p>\n<p class=\"link-more\"><a href=\"https:\/\/alles-ueber-riffe.de\/?page_id=5439\" class=\"more-link\"><span class=\"screen-reader-text\">\u201eGro\u00dfmaul-Makrele\u201c<\/span> weiterlesen<\/a><\/p>\n","protected":false},"author":1,"featured_media":0,"parent":0,"menu_order":0,"comment_status":"closed","ping_status":"closed","template":"","meta":{"footnotes":""},"class_list":["post-5439","page","type-page","status-publish","hentry"],"_links":{"self":[{"href":"https:\/\/alles-ueber-riffe.de\/index.php?rest_route=\/wp\/v2\/pages\/5439","targetHints":{"allow":["GET"]}}],"collection":[{"href":"https:\/\/alles-ueber-riffe.de\/index.php?rest_route=\/wp\/v2\/pages"}],"about":[{"href":"https:\/\/alles-ueber-riffe.de\/index.php?rest_route=\/wp\/v2\/types\/page"}],"author":[{"embeddable":true,"href":"https:\/\/alles-ueber-riffe.de\/index.php?rest_route=\/wp\/v2\/users\/1"}],"replies":[{"embeddable":true,"href":"https:\/\/alles-ueber-riffe.de\/index.php?rest_route=%2Fwp%2Fv2%2Fcomments&post=5439"}],"version-history":[{"count":7,"href":"https:\/\/alles-ueber-riffe.de\/index.php?rest_route=\/wp\/v2\/pages\/5439\/revisions"}],"predecessor-version":[{"id":8430,"href":"https:\/\/alles-ueber-riffe.de\/index.php?rest_route=\/wp\/v2\/pages\/5439\/revisions\/8430"}],"wp:attachment":[{"href":"https:\/\/alles-ueber-riffe.de\/index.php?rest_route=%2Fwp%2Fv2%2Fmedia&parent=5439"}],"curies":[{"name":"wp","href":"https:\/\/api.w.org\/{rel}","templated":true}]}}