{"id":5435,"date":"2025-01-08T21:48:51","date_gmt":"2025-01-08T21:48:51","guid":{"rendered":"https:\/\/alles-ueber-riffe.de\/?page_id=5435"},"modified":"2025-01-29T20:22:10","modified_gmt":"2025-01-29T20:22:10","slug":"einfarben-thunfisch","status":"publish","type":"page","link":"https:\/\/alles-ueber-riffe.de\/?page_id=5435","title":{"rendered":"Einfarben-Thunfisch"},"content":{"rendered":"\n<div class=\"wp-block-group\"><div class=\"wp-block-group__inner-container is-layout-constrained wp-block-group-is-layout-constrained\">\n<div class=\"wp-block-group is-vertical is-layout-flex wp-container-core-group-is-layout-8cf370e7 wp-block-group-is-layout-flex\">\n<p><strong>Einfarben-Thunfisch<\/strong><\/p>\n\n\n\n<p>Dogtooth tuna<\/p>\n\n\n\n<p><em>Gymnosarda unicolor<\/em><\/p>\n<\/div>\n\n\n\n<div style=\"height:30px\" aria-hidden=\"true\" class=\"wp-block-spacer\"><\/div>\n\n\n\n<figure class=\"wp-block-video\"><video height=\"576\" style=\"aspect-ratio: 1024 \/ 576;\" width=\"1024\" controls src=\"https:\/\/alles-ueber-riffe.de\/wp-content\/uploads\/2025\/01\/Einfarben-Thunfisch.mp4\"><\/video><figcaption class=\"wp-element-caption\">\u00a9 Heinz Krimmer<\/figcaption><\/figure>\n<\/div><\/div>\n\n\n\n<hr class=\"wp-block-separator has-alpha-channel-opacity\"\/>\n\n\n\n<p><strong>Gr\u00f6\u00dfe: <\/strong> bis 2,50 m<\/p>\n\n\n\n<p><strong>Lebensraum:<\/strong> Freiwasser in der N\u00e4he von Riffen<\/p>\n\n\n\n<p><strong>Vorkommen:  <\/strong> von Ostafrika, Rotes Meer, Oman, Malediven, S\u00fcdjapan, ganz S\u00fcdostasien, Nordaustralien, Papua-Neuguinea, Ozeanien bis Franz\u00f6sisch-Polynesien<\/p>\n\n\n\n<p><strong>Erkennungsmerkmale: <\/strong> Grundfarbe silbern, Spitze der R\u00fccken und Afterflosse wei\u00df<\/p>\n\n\n\n<p><strong>Biologie &amp; Verhalten: <\/strong> Man findet sie einzeln oder in kleinen Gruppen. Einfarben-Thunfische geh\u00f6ren zu den gro\u00dfen R\u00e4ubern im Riff. Sie jagen vor allem andere Schwarmfische wie z.B. F\u00fcsilieren.<\/p>\n\n\n\n<p><strong>Bedrohungsstatus:<\/strong> Auf der Roten Liste der IUCN ist der Einfarben-Thunfisch als <mark style=\"background-color:rgba(0, 0, 0, 0)\" class=\"has-inline-color has-vivid-green-cyan-color\">\u201enicht gef\u00e4hrdet\u201c<\/mark> eingestuft.<\/p>\n\n\n\n<p><mark style=\"background-color:rgba(0, 0, 0, 0)\" class=\"has-inline-color has-vivid-red-color\"><strong>Gefahr:<\/strong> Bei dem Verzehr von Einfarben-Thunfischfleisch kommt es des \u00f6fteren zu einer ciguatoxischen Vergiftung.<\/mark><\/p>\n\n\n\n<hr class=\"wp-block-separator has-alpha-channel-opacity\"\/>\n","protected":false},"excerpt":{"rendered":"<p>Einfarben-Thunfisch Dogtooth tuna Gymnosarda unicolor Gr\u00f6\u00dfe: bis 2,50 m Lebensraum: Freiwasser in der N\u00e4he von Riffen Vorkommen: von Ostafrika, Rotes Meer, Oman, Malediven, S\u00fcdjapan, ganz S\u00fcdostasien, Nordaustralien, Papua-Neuguinea, Ozeanien bis Franz\u00f6sisch-Polynesien Erkennungsmerkmale: Grundfarbe silbern, Spitze der R\u00fccken und Afterflosse wei\u00df Biologie &amp; Verhalten: Man findet sie einzeln oder in kleinen Gruppen. Einfarben-Thunfische geh\u00f6ren zu den &hellip; <\/p>\n<p class=\"link-more\"><a href=\"https:\/\/alles-ueber-riffe.de\/?page_id=5435\" class=\"more-link\"><span class=\"screen-reader-text\">\u201eEinfarben-Thunfisch\u201c<\/span> weiterlesen<\/a><\/p>\n","protected":false},"author":1,"featured_media":0,"parent":0,"menu_order":0,"comment_status":"closed","ping_status":"closed","template":"","meta":{"footnotes":""},"class_list":["post-5435","page","type-page","status-publish","hentry"],"_links":{"self":[{"href":"https:\/\/alles-ueber-riffe.de\/index.php?rest_route=\/wp\/v2\/pages\/5435","targetHints":{"allow":["GET"]}}],"collection":[{"href":"https:\/\/alles-ueber-riffe.de\/index.php?rest_route=\/wp\/v2\/pages"}],"about":[{"href":"https:\/\/alles-ueber-riffe.de\/index.php?rest_route=\/wp\/v2\/types\/page"}],"author":[{"embeddable":true,"href":"https:\/\/alles-ueber-riffe.de\/index.php?rest_route=\/wp\/v2\/users\/1"}],"replies":[{"embeddable":true,"href":"https:\/\/alles-ueber-riffe.de\/index.php?rest_route=%2Fwp%2Fv2%2Fcomments&post=5435"}],"version-history":[{"count":11,"href":"https:\/\/alles-ueber-riffe.de\/index.php?rest_route=\/wp\/v2\/pages\/5435\/revisions"}],"predecessor-version":[{"id":8371,"href":"https:\/\/alles-ueber-riffe.de\/index.php?rest_route=\/wp\/v2\/pages\/5435\/revisions\/8371"}],"wp:attachment":[{"href":"https:\/\/alles-ueber-riffe.de\/index.php?rest_route=%2Fwp%2Fv2%2Fmedia&parent=5435"}],"curies":[{"name":"wp","href":"https:\/\/api.w.org\/{rel}","templated":true}]}}