{"id":5259,"date":"2025-01-08T16:47:48","date_gmt":"2025-01-08T16:47:48","guid":{"rendered":"https:\/\/alles-ueber-riffe.de\/?page_id=5259"},"modified":"2025-01-19T12:25:11","modified_gmt":"2025-01-19T12:25:11","slug":"schwarzrand-beilbauchfisch","status":"publish","type":"page","link":"https:\/\/alles-ueber-riffe.de\/?page_id=5259","title":{"rendered":"Schwarzrand-Beilbauchfisch"},"content":{"rendered":"\n<div class=\"wp-block-group is-vertical is-layout-flex wp-container-core-group-is-layout-8cf370e7 wp-block-group-is-layout-flex\">\n<p><strong>Schwarzrand-Beilbauchfisch<\/strong><\/p>\n\n\n\n<p>Vanikoro sweeper<\/p>\n\n\n\n<p><em>Pempheris vanicolensis<\/em><\/p>\n<\/div>\n\n\n\n<div style=\"height:30px\" aria-hidden=\"true\" class=\"wp-block-spacer\"><\/div>\n\n\n\n<figure class=\"wp-block-image size-full\"><img loading=\"lazy\" decoding=\"async\" width=\"1024\" height=\"768\" src=\"https:\/\/alles-ueber-riffe.de\/wp-content\/uploads\/2025\/01\/Schwarzrand-Beilbauchfisch_1024x768.jpg\" alt=\"\" class=\"wp-image-7569\" srcset=\"https:\/\/alles-ueber-riffe.de\/wp-content\/uploads\/2025\/01\/Schwarzrand-Beilbauchfisch_1024x768.jpg 1024w, https:\/\/alles-ueber-riffe.de\/wp-content\/uploads\/2025\/01\/Schwarzrand-Beilbauchfisch_1024x768-300x225.jpg 300w, https:\/\/alles-ueber-riffe.de\/wp-content\/uploads\/2025\/01\/Schwarzrand-Beilbauchfisch_1024x768-768x576.jpg 768w\" sizes=\"auto, (max-width: 767px) 89vw, (max-width: 1000px) 54vw, (max-width: 1071px) 543px, 580px\" \/><figcaption class=\"wp-element-caption\">\u00a9 Joris Rombouts<\/figcaption><\/figure>\n\n\n\n<hr class=\"wp-block-separator has-alpha-channel-opacity is-style-default\"\/>\n\n\n\n<p><strong>Gr\u00f6\u00dfe: <\/strong> bis 20 cm<\/p>\n\n\n\n<p><strong>Lebensraum:<\/strong>  Korallenriffe<\/p>\n\n\n\n<p><strong>Vorkommen:  <\/strong>Thailand, Philippinen, Vietnam, Indonesien, Nordaustralien<\/p>\n\n\n\n<p><strong>Erkennungsmerkmale: <\/strong> Grundfarbe kupferfarben; After- und Schwanzflosse mit schwarzem Saum<\/p>\n\n\n\n<p><strong>Biologie &amp; Verhalten: <\/strong> Den Schwarzrand-Beilbauchfisch findet man oft an H\u00f6hleneing\u00e4ngen und in H\u00f6hlen. Hier versammeln sie sich in kleinen Gruppen. Nachts sind sie im Riff unterwegs und jagen Zooplankton und kleine Fische.<\/p>\n\n\n\n<p>Beilbauchfische sind schwierig zu bestimmen, da man sie in den dunklen H\u00f6hlen sie oft nur als schwarze Silhouette sieht. Man braucht Licht, um die kleinen Unterschiede zu erkennen, die f\u00fcr einzelne Arten charakteristisch sind.<\/p>\n\n\n\n<p><strong>Bedrohungsstatus:<\/strong> Die Art wird auf der Roten Liste der IUCN als <mark style=\"background-color:rgba(0, 0, 0, 0)\" class=\"has-inline-color has-vivid-green-cyan-color\">\u201enicht gef\u00e4hrdet\u201c<\/mark> gef\u00fchrt.<\/p>\n\n\n\n<hr class=\"wp-block-separator has-alpha-channel-opacity is-style-default\"\/>\n","protected":false},"excerpt":{"rendered":"<p>Schwarzrand-Beilbauchfisch Vanikoro sweeper Pempheris vanicolensis Gr\u00f6\u00dfe: bis 20 cm Lebensraum: Korallenriffe Vorkommen: Thailand, Philippinen, Vietnam, Indonesien, Nordaustralien Erkennungsmerkmale: Grundfarbe kupferfarben; After- und Schwanzflosse mit schwarzem Saum Biologie &amp; Verhalten: Den Schwarzrand-Beilbauchfisch findet man oft an H\u00f6hleneing\u00e4ngen und in H\u00f6hlen. Hier versammeln sie sich in kleinen Gruppen. Nachts sind sie im Riff unterwegs und jagen Zooplankton &hellip; <\/p>\n<p class=\"link-more\"><a href=\"https:\/\/alles-ueber-riffe.de\/?page_id=5259\" class=\"more-link\"><span class=\"screen-reader-text\">\u201eSchwarzrand-Beilbauchfisch\u201c<\/span> weiterlesen<\/a><\/p>\n","protected":false},"author":1,"featured_media":0,"parent":0,"menu_order":0,"comment_status":"closed","ping_status":"closed","template":"","meta":{"footnotes":""},"class_list":["post-5259","page","type-page","status-publish","hentry"],"_links":{"self":[{"href":"https:\/\/alles-ueber-riffe.de\/index.php?rest_route=\/wp\/v2\/pages\/5259","targetHints":{"allow":["GET"]}}],"collection":[{"href":"https:\/\/alles-ueber-riffe.de\/index.php?rest_route=\/wp\/v2\/pages"}],"about":[{"href":"https:\/\/alles-ueber-riffe.de\/index.php?rest_route=\/wp\/v2\/types\/page"}],"author":[{"embeddable":true,"href":"https:\/\/alles-ueber-riffe.de\/index.php?rest_route=\/wp\/v2\/users\/1"}],"replies":[{"embeddable":true,"href":"https:\/\/alles-ueber-riffe.de\/index.php?rest_route=%2Fwp%2Fv2%2Fcomments&post=5259"}],"version-history":[{"count":4,"href":"https:\/\/alles-ueber-riffe.de\/index.php?rest_route=\/wp\/v2\/pages\/5259\/revisions"}],"predecessor-version":[{"id":7572,"href":"https:\/\/alles-ueber-riffe.de\/index.php?rest_route=\/wp\/v2\/pages\/5259\/revisions\/7572"}],"wp:attachment":[{"href":"https:\/\/alles-ueber-riffe.de\/index.php?rest_route=%2Fwp%2Fv2%2Fmedia&parent=5259"}],"curies":[{"name":"wp","href":"https:\/\/api.w.org\/{rel}","templated":true}]}}