{"id":5163,"date":"2025-01-08T15:50:18","date_gmt":"2025-01-08T15:50:18","guid":{"rendered":"https:\/\/alles-ueber-riffe.de\/?page_id=5163"},"modified":"2025-01-29T17:25:09","modified_gmt":"2025-01-29T17:25:09","slug":"augenfleck-madarinfisch","status":"publish","type":"page","link":"https:\/\/alles-ueber-riffe.de\/?page_id=5163","title":{"rendered":"Augenfleck-Mandarinfisch"},"content":{"rendered":"\n<div class=\"wp-block-group is-vertical is-layout-flex wp-container-core-group-is-layout-8cf370e7 wp-block-group-is-layout-flex\">\n<p><strong>Augenfleck-Madarinfisch<\/strong><\/p>\n\n\n\n<p>Ocellated dragonet<\/p>\n\n\n\n<p><em>Synchiropus ocellatus<\/em><\/p>\n<\/div>\n\n\n\n<div style=\"height:30px\" aria-hidden=\"true\" class=\"wp-block-spacer\"><\/div>\n\n\n\n<figure class=\"wp-block-image size-full\"><img loading=\"lazy\" decoding=\"async\" width=\"1024\" height=\"768\" src=\"https:\/\/alles-ueber-riffe.de\/wp-content\/uploads\/2025\/01\/Augenfleck-Madarinfisch_1024x768.jpg\" alt=\"\" class=\"wp-image-8320\" srcset=\"https:\/\/alles-ueber-riffe.de\/wp-content\/uploads\/2025\/01\/Augenfleck-Madarinfisch_1024x768.jpg 1024w, https:\/\/alles-ueber-riffe.de\/wp-content\/uploads\/2025\/01\/Augenfleck-Madarinfisch_1024x768-300x225.jpg 300w, https:\/\/alles-ueber-riffe.de\/wp-content\/uploads\/2025\/01\/Augenfleck-Madarinfisch_1024x768-768x576.jpg 768w\" sizes=\"auto, (max-width: 767px) 89vw, (max-width: 1000px) 54vw, (max-width: 1071px) 543px, 580px\" \/><figcaption class=\"wp-element-caption\">\u00a9 Joris Rombouts<\/figcaption><\/figure>\n\n\n\n<hr class=\"wp-block-separator has-alpha-channel-opacity is-style-default\"\/>\n\n\n\n<p><strong>Gr\u00f6\u00dfe: <\/strong> bis 9 cm<\/p>\n\n\n\n<p><strong>Lebensraum:<\/strong> Sand- und Ger\u00f6llb\u00f6den in der N\u00e4he von Riffen<\/p>\n\n\n\n<p><strong>Vorkommen:  <\/strong>S\u00fcdjapan, Philippinen, Ostindonesien, Nordaustralien, Ozeanien bis Franz\u00f6sisch Polynesien<\/p>\n\n\n\n<p><strong>Erkennungsmerkmale: <\/strong>Grundfarbe braun; marmoriert; R\u00fcckenflosse mit vier wei\u00df umrandeten Punkten; drei breite, wei\u00dfe Streifen; K\u00f6rper knallorange<\/p>\n\n\n\n<p><strong>Biologie &amp; Verhalten: <\/strong> Das sch\u00f6nste an diesem Leierfisch ist die R\u00fcckenflosse. Man findet sie paarweise oder in kleinen Gruppen.<\/p>\n\n\n\n<p><strong>Bedrohungsstatus:<\/strong> Die Art wird auf der Roten Liste der IUCN als <mark style=\"background-color:rgba(0, 0, 0, 0)\" class=\"has-inline-color has-vivid-green-cyan-color\">\u201enicht gef\u00e4hrdet\u201c<\/mark> gef\u00fchrt.<\/p>\n\n\n\n<hr class=\"wp-block-separator has-alpha-channel-opacity is-style-default\"\/>\n","protected":false},"excerpt":{"rendered":"<p>Augenfleck-Madarinfisch Ocellated dragonet Synchiropus ocellatus Gr\u00f6\u00dfe: bis 9 cm Lebensraum: Sand- und Ger\u00f6llb\u00f6den in der N\u00e4he von Riffen Vorkommen: S\u00fcdjapan, Philippinen, Ostindonesien, Nordaustralien, Ozeanien bis Franz\u00f6sisch Polynesien Erkennungsmerkmale: Grundfarbe braun; marmoriert; R\u00fcckenflosse mit vier wei\u00df umrandeten Punkten; drei breite, wei\u00dfe Streifen; K\u00f6rper knallorange Biologie &amp; Verhalten: Das sch\u00f6nste an diesem Leierfisch ist die R\u00fcckenflosse. Man &hellip; <\/p>\n<p class=\"link-more\"><a href=\"https:\/\/alles-ueber-riffe.de\/?page_id=5163\" class=\"more-link\"><span class=\"screen-reader-text\">\u201eAugenfleck-Mandarinfisch\u201c<\/span> weiterlesen<\/a><\/p>\n","protected":false},"author":1,"featured_media":0,"parent":0,"menu_order":0,"comment_status":"closed","ping_status":"closed","template":"","meta":{"footnotes":""},"class_list":["post-5163","page","type-page","status-publish","hentry"],"_links":{"self":[{"href":"https:\/\/alles-ueber-riffe.de\/index.php?rest_route=\/wp\/v2\/pages\/5163","targetHints":{"allow":["GET"]}}],"collection":[{"href":"https:\/\/alles-ueber-riffe.de\/index.php?rest_route=\/wp\/v2\/pages"}],"about":[{"href":"https:\/\/alles-ueber-riffe.de\/index.php?rest_route=\/wp\/v2\/types\/page"}],"author":[{"embeddable":true,"href":"https:\/\/alles-ueber-riffe.de\/index.php?rest_route=\/wp\/v2\/users\/1"}],"replies":[{"embeddable":true,"href":"https:\/\/alles-ueber-riffe.de\/index.php?rest_route=%2Fwp%2Fv2%2Fcomments&post=5163"}],"version-history":[{"count":5,"href":"https:\/\/alles-ueber-riffe.de\/index.php?rest_route=\/wp\/v2\/pages\/5163\/revisions"}],"predecessor-version":[{"id":8324,"href":"https:\/\/alles-ueber-riffe.de\/index.php?rest_route=\/wp\/v2\/pages\/5163\/revisions\/8324"}],"wp:attachment":[{"href":"https:\/\/alles-ueber-riffe.de\/index.php?rest_route=%2Fwp%2Fv2%2Fmedia&parent=5163"}],"curies":[{"name":"wp","href":"https:\/\/api.w.org\/{rel}","templated":true}]}}