{"id":5158,"date":"2025-01-08T15:49:58","date_gmt":"2025-01-08T15:49:58","guid":{"rendered":"https:\/\/alles-ueber-riffe.de\/?page_id=5158"},"modified":"2025-01-27T15:02:28","modified_gmt":"2025-01-27T15:02:28","slug":"mandarinfisch","status":"publish","type":"page","link":"https:\/\/alles-ueber-riffe.de\/?page_id=5158","title":{"rendered":"Mandarinfisch"},"content":{"rendered":"\n<div class=\"wp-block-group is-vertical is-layout-flex wp-container-core-group-is-layout-8cf370e7 wp-block-group-is-layout-flex\">\n<p><strong>Mandarinfisch<\/strong><\/p>\n\n\n\n<p>Mandarinfish<\/p>\n\n\n\n<p><em>Synchiropus splendidus<\/em><\/p>\n<\/div>\n\n\n\n<div style=\"height:30px\" aria-hidden=\"true\" class=\"wp-block-spacer\"><\/div>\n\n\n\n<figure class=\"wp-block-video\"><video height=\"576\" style=\"aspect-ratio: 1024 \/ 576;\" width=\"1024\" controls src=\"https:\/\/alles-ueber-riffe.de\/wp-content\/uploads\/2025\/01\/Mandarinfisch_mp4.mp4\"><\/video><figcaption class=\"wp-element-caption\"><em>\u00a9 Heinz Krimmer<\/em><\/figcaption><\/figure>\n\n\n\n<hr class=\"wp-block-separator has-alpha-channel-opacity is-style-default\"\/>\n\n\n\n<p><strong>Gr\u00f6\u00dfe: <\/strong> bis 7 cm<\/p>\n\n\n\n<p><strong>Lebensraum:<\/strong> Korallenriff; Bereiche mit abgestorbenen Korallen<\/p>\n\n\n\n<p><strong>Vorkommen:  <\/strong>S\u00fcdjapan, Philippinen, Indonesien, Papua-Neuguinea, Neukaledonien<\/p>\n\n\n\n<p><strong>Erkennungsmerkmale: <\/strong> Farbmuster aus blauen, orangenen und gr\u00fcnen Linien<\/p>\n\n\n\n<p><\/p>\n\n\n\n<p><strong>Biologie &amp; Verhalten:<\/strong> Der wundersch\u00f6ne Fisch bildet einen sch\u00f6nen Kontrast zu seiner eher farblosen Umgebung aus abgestorbenen Korallen und Hartkorallen, zwischen denen sie in kleinen Gruppen zu finden sind.<\/p>\n\n\n\n<p>Sie beim Paaren zu beobachten ist ein ganz besonderes Erlebnis. Die Paarung findet in der D\u00e4mmerung statt. Das M\u00e4nnchen schwimmt mit dem Weibchen Bauch an Bauch ca. 50 cm aus dem Schutz der Korallen heraus und sto\u00dfen dann blitzschnell Eier und Samen aus, was wie eine kleine, wei\u00dfe Wolke aussieht. Allerdings sind sie scheu und laichen nicht, wenn man sie anleuchtet. Man muss also wirklich f\u00fcr ein Foto den richtigen Moment abwarten, um den Paarungsvorgang nicht zu st\u00f6ren.<\/p>\n\n\n\n<p>Die kleinen Larven sind bis zu einer Gr\u00f6\u00dfe von ca. 4 mm Teil des pelagischen Planktons. Erst dann suchen sie sich einen Platz im Riff.<\/p>\n\n\n\n<p><strong>Bedrohungsstatus:<\/strong> Die Art wird auf der Roten Liste der IUCN als <mark style=\"background-color:rgba(0, 0, 0, 0)\" class=\"has-inline-color has-vivid-green-cyan-color\">\u201enicht gef\u00e4hrdet\u201c<\/mark> gef\u00fchrt.<\/p>\n\n\n\n<hr class=\"wp-block-separator has-alpha-channel-opacity is-style-default\"\/>\n","protected":false},"excerpt":{"rendered":"<p>Mandarinfisch Mandarinfish Synchiropus splendidus Gr\u00f6\u00dfe: bis 7 cm Lebensraum: Korallenriff; Bereiche mit abgestorbenen Korallen Vorkommen: S\u00fcdjapan, Philippinen, Indonesien, Papua-Neuguinea, Neukaledonien Erkennungsmerkmale: Farbmuster aus blauen, orangenen und gr\u00fcnen Linien Biologie &amp; Verhalten: Der wundersch\u00f6ne Fisch bildet einen sch\u00f6nen Kontrast zu seiner eher farblosen Umgebung aus abgestorbenen Korallen und Hartkorallen, zwischen denen sie in kleinen Gruppen zu &hellip; <\/p>\n<p class=\"link-more\"><a href=\"https:\/\/alles-ueber-riffe.de\/?page_id=5158\" class=\"more-link\"><span class=\"screen-reader-text\">\u201eMandarinfisch\u201c<\/span> weiterlesen<\/a><\/p>\n","protected":false},"author":1,"featured_media":0,"parent":0,"menu_order":0,"comment_status":"closed","ping_status":"closed","template":"","meta":{"footnotes":""},"class_list":["post-5158","page","type-page","status-publish","hentry"],"_links":{"self":[{"href":"https:\/\/alles-ueber-riffe.de\/index.php?rest_route=\/wp\/v2\/pages\/5158","targetHints":{"allow":["GET"]}}],"collection":[{"href":"https:\/\/alles-ueber-riffe.de\/index.php?rest_route=\/wp\/v2\/pages"}],"about":[{"href":"https:\/\/alles-ueber-riffe.de\/index.php?rest_route=\/wp\/v2\/types\/page"}],"author":[{"embeddable":true,"href":"https:\/\/alles-ueber-riffe.de\/index.php?rest_route=\/wp\/v2\/users\/1"}],"replies":[{"embeddable":true,"href":"https:\/\/alles-ueber-riffe.de\/index.php?rest_route=%2Fwp%2Fv2%2Fcomments&post=5158"}],"version-history":[{"count":6,"href":"https:\/\/alles-ueber-riffe.de\/index.php?rest_route=\/wp\/v2\/pages\/5158\/revisions"}],"predecessor-version":[{"id":8309,"href":"https:\/\/alles-ueber-riffe.de\/index.php?rest_route=\/wp\/v2\/pages\/5158\/revisions\/8309"}],"wp:attachment":[{"href":"https:\/\/alles-ueber-riffe.de\/index.php?rest_route=%2Fwp%2Fv2%2Fmedia&parent=5158"}],"curies":[{"name":"wp","href":"https:\/\/api.w.org\/{rel}","templated":true}]}}