{"id":5152,"date":"2025-01-08T15:49:24","date_gmt":"2025-01-08T15:49:24","guid":{"rendered":"https:\/\/alles-ueber-riffe.de\/?page_id=5152"},"modified":"2025-01-27T12:50:45","modified_gmt":"2025-01-27T12:50:45","slug":"sattel-spitzkopfkugelfisch","status":"publish","type":"page","link":"https:\/\/alles-ueber-riffe.de\/?page_id=5152","title":{"rendered":"Sattel-Spitzkopfkugelfisch"},"content":{"rendered":"\n<div class=\"wp-block-group is-vertical is-layout-flex wp-container-core-group-is-layout-8cf370e7 wp-block-group-is-layout-flex\">\n<p><strong>Sattel-Spitzkopfkugelfisch<\/strong><\/p>\n\n\n\n<p>Valentin&#8217;s sharpnose puffer<\/p>\n\n\n\n<p><em>Canthigaster valentini<\/em><\/p>\n<\/div>\n\n\n\n<div style=\"height:30px\" aria-hidden=\"true\" class=\"wp-block-spacer\"><\/div>\n\n\n\n<figure class=\"wp-block-image size-full\"><img loading=\"lazy\" decoding=\"async\" width=\"1024\" height=\"768\" src=\"https:\/\/alles-ueber-riffe.de\/wp-content\/uploads\/2025\/01\/Sattel-Spitzkopfkugelfisch_1024x768.jpg\" alt=\"\" class=\"wp-image-8286\" srcset=\"https:\/\/alles-ueber-riffe.de\/wp-content\/uploads\/2025\/01\/Sattel-Spitzkopfkugelfisch_1024x768.jpg 1024w, https:\/\/alles-ueber-riffe.de\/wp-content\/uploads\/2025\/01\/Sattel-Spitzkopfkugelfisch_1024x768-300x225.jpg 300w, https:\/\/alles-ueber-riffe.de\/wp-content\/uploads\/2025\/01\/Sattel-Spitzkopfkugelfisch_1024x768-768x576.jpg 768w\" sizes=\"auto, (max-width: 767px) 89vw, (max-width: 1000px) 54vw, (max-width: 1071px) 543px, 580px\" \/><figcaption class=\"wp-element-caption\">\u00a9 Joris Rombouts<\/figcaption><\/figure>\n\n\n\n<hr class=\"wp-block-separator has-alpha-channel-opacity is-style-default\"\/>\n\n\n\n<p><strong>Gr\u00f6\u00dfe: <\/strong> bis 11 cm<\/p>\n\n\n\n<p><strong>Lebensraum:<\/strong> Korallenriffe<\/p>\n\n\n\n<p><strong>Vorkommen:  <\/strong>Ostafrika, Rotes Meer, Oman, Malediven, S\u00fcdjapan, ganz S\u00fcdostasien, Nordaustralien, Papua-Neuguinea und Ozeanien bis zu den Tuamoto Inseln<\/p>\n\n\n\n<p><strong>Erkennungsmerkmale: <\/strong> Grundfarbe wei\u00df; vier dunkelbraune Sattelflecken von denen sich zwei bis zum unteren Bauchbereich erstrecken<\/p>\n\n\n\n<p><strong>Biologie &amp; Verhalten: <\/strong> Manche Kugelfische machen es einem echt schwer oder soll man eher die verwandten Feilenfische zur Verantwortung ziehen? Fakt ist: dieser Kugelfisch hat drei Doppelg\u00e4nger. Einer ist der Schwarzsattel-Feilenfisch <em>(Paraluteres prionorus)<\/em>. Dieser ahmt den Sattel-Spitzkopfkugelfisch nicht nur nach, sondern mischt sich gemeinerweise sogar unter die Sattel-Spitzkopfkugelfische. Diese treten auch gerne in Schw\u00e4rmen von bis zu 100 Tieren auf. Biologen fanden heraus dass bis zu 5% eines Schwarmes Schwarzsattel-Feilenfische sind.<\/p>\n\n\n\n<p>Als w\u00e4re das nicht genug, sehen auch der Indische Spitzkopfkugelfisch und der Kronen-Spitzkopfkugelfisch dem Sattel-Spitzkopfkugelfisch sehr \u00e4hnlich. Bei Ihnen orientiert man sich am Besten an den Sattelflecken. Diese reichen bei dem Sattel-Spitzkopfkugelfisch viel weiter nach unten.<\/p>\n\n\n\n<p>Der Ursache f\u00fcr die vielen Nachahmer. Alle m\u00f6chten vom Gift des Sattel-Spitzkopfkugelfisches profitieren. R\u00e4uber meiden diese Art und nat\u00fcrlich alle, die \u00e4hnlich erscheinen.<\/p>\n\n\n\n<p><\/p>\n\n\n\n<p>Sattel-Spitzkopfkugelfische M\u00e4nnchen haben einen kleinen Harem.<\/p>\n\n\n\n<p><strong>Bedrohungsstatus:<\/strong> Die Art wird auf der Roten Liste der IUCN als <mark style=\"background-color:rgba(0, 0, 0, 0)\" class=\"has-inline-color has-vivid-green-cyan-color\">\u201enicht gef\u00e4hrdet\u201c<\/mark> gef\u00fchrt.<\/p>\n\n\n\n<p><mark style=\"background-color:rgba(0, 0, 0, 0)\" class=\"has-inline-color has-vivid-red-color\"><strong>Gefahr:<\/strong> Wie bei die meisten Kugelfischen enth\u00e4lt auch seine Leber, Haut und Eierst\u00f6cke das Gift Tetrodotoxin, das auch f\u00fcr uns Menschen giftig ist.<\/mark><\/p>\n\n\n\n<hr class=\"wp-block-separator has-alpha-channel-opacity is-style-default\"\/>\n\n\n\n<p><\/p>\n","protected":false},"excerpt":{"rendered":"<p>Sattel-Spitzkopfkugelfisch Valentin&#8217;s sharpnose puffer Canthigaster valentini Gr\u00f6\u00dfe: bis 11 cm Lebensraum: Korallenriffe Vorkommen: Ostafrika, Rotes Meer, Oman, Malediven, S\u00fcdjapan, ganz S\u00fcdostasien, Nordaustralien, Papua-Neuguinea und Ozeanien bis zu den Tuamoto Inseln Erkennungsmerkmale: Grundfarbe wei\u00df; vier dunkelbraune Sattelflecken von denen sich zwei bis zum unteren Bauchbereich erstrecken Biologie &amp; Verhalten: Manche Kugelfische machen es einem echt schwer &hellip; <\/p>\n<p class=\"link-more\"><a href=\"https:\/\/alles-ueber-riffe.de\/?page_id=5152\" class=\"more-link\"><span class=\"screen-reader-text\">\u201eSattel-Spitzkopfkugelfisch\u201c<\/span> weiterlesen<\/a><\/p>\n","protected":false},"author":1,"featured_media":0,"parent":0,"menu_order":0,"comment_status":"closed","ping_status":"closed","template":"","meta":{"footnotes":""},"class_list":["post-5152","page","type-page","status-publish","hentry"],"_links":{"self":[{"href":"https:\/\/alles-ueber-riffe.de\/index.php?rest_route=\/wp\/v2\/pages\/5152","targetHints":{"allow":["GET"]}}],"collection":[{"href":"https:\/\/alles-ueber-riffe.de\/index.php?rest_route=\/wp\/v2\/pages"}],"about":[{"href":"https:\/\/alles-ueber-riffe.de\/index.php?rest_route=\/wp\/v2\/types\/page"}],"author":[{"embeddable":true,"href":"https:\/\/alles-ueber-riffe.de\/index.php?rest_route=\/wp\/v2\/users\/1"}],"replies":[{"embeddable":true,"href":"https:\/\/alles-ueber-riffe.de\/index.php?rest_route=%2Fwp%2Fv2%2Fcomments&post=5152"}],"version-history":[{"count":9,"href":"https:\/\/alles-ueber-riffe.de\/index.php?rest_route=\/wp\/v2\/pages\/5152\/revisions"}],"predecessor-version":[{"id":8294,"href":"https:\/\/alles-ueber-riffe.de\/index.php?rest_route=\/wp\/v2\/pages\/5152\/revisions\/8294"}],"wp:attachment":[{"href":"https:\/\/alles-ueber-riffe.de\/index.php?rest_route=%2Fwp%2Fv2%2Fmedia&parent=5152"}],"curies":[{"name":"wp","href":"https:\/\/api.w.org\/{rel}","templated":true}]}}